{"id":4336,"date":"2025-04-08T11:11:41","date_gmt":"2025-04-08T08:11:41","guid":{"rendered":"https:\/\/www.healthychoice.lt\/?post_type=product&#038;p=4336"},"modified":"2026-04-23T16:22:20","modified_gmt":"2026-04-23T13:22:20","slug":"kolagenas","status":"publish","type":"product","link":"https:\/\/www.healthychoice.lt\/es\/produktai\/kolagenas\/","title":{"rendered":"100% col\u00e1geno puro sabor fresa, 500ml"},"content":{"rendered":"<p><strong>100<\/strong><strong>%<\/strong><strong> POR CIENTO DE COL\u00c1GENO PURO CON SABOR A FRESA<\/strong><\/p>\n<p>Cantidad neta 500 ml<\/p>\n<p>El col\u00e1geno es una prote\u00edna presente de forma natural en el cuerpo humano que mantiene la estructura de la piel, los huesos y los m\u00fasculos, pero a medida que avanza el proceso de envejecimiento, disminuye la capacidad del propio organismo para sintetizar col\u00e1geno. Por esta raz\u00f3n, se est\u00e1n desarrollando suplementos de col\u00e1geno para ayudar a mantener en condiciones normales la piel, el cabello y las u\u00f1as, reducir el adelgazamiento de los huesos y tener un efecto positivo sobre el sistema cardiovascular.<\/p>\n<p>El col\u00e1geno 100% puro con sabor a fresa es de la m\u00e1xima calidad, formulado para conservar todas las sustancias esenciales para mejorar el estado del cabello, la piel, las u\u00f1as, los tejidos conjuntivos y las articulaciones. Se trata de un producto de gran calidad y bajo coste, con sabor a fresa, adecuado para tomar una vez al d\u00eda.<\/p>\n<p>El col\u00e1geno 100% puro sabor fresa contiene biotina, zinc, vitamina E y vitamina C. La biotina es esencial para el metabolismo de los hidratos de carbono, las prote\u00ednas y las grasas. La biotina ayuda a mantener el metabolismo energ\u00e9tico normal, la funci\u00f3n del sistema nervioso, la funci\u00f3n psicol\u00f3gica y el estado de la piel. El zinc es esencial para la producci\u00f3n de prote\u00ednas e importante para el desarrollo y funcionamiento de las c\u00e9lulas inmunitarias. El zinc, al igual que las vitaminas E y C, ayuda a mantener un sistema inmunitario fuerte.<\/p>\n<p>&nbsp;<\/p>\n<p><strong>LOS PRINCIPALES BENEFICIOS DE ESTE COL\u00c1GENO CON SABOR A FRESA:<\/strong><\/p>\n<ul>\n<li>un sabor a fresa muy bueno y natural;<\/li>\n<li>alto valor biol\u00f3gico conservado;<\/li>\n<li>sin lactosa;<\/li>\n<li>El col\u00e1geno es rico en vitaminas E y C;<\/li>\n<li>adecuado para usuarios exigentes;<\/li>\n<li>bajo en az\u00facar, carbohidratos y grasas;<\/li>\n<li>ayuda a mejorar la elasticidad de la piel y la masa muscular y a prevenir los signos del envejecimiento.<\/li>\n<\/ul>\n<p><strong>\u00a0<\/strong><\/p>\n<p><strong>CONSUMO<\/strong><strong>:<\/strong><\/p>\n<p>La dosis diaria es de 25 ml, tomados solos o diluidos en agua. Agitar bien antes de usar. El producto no debe superar la dosis recomendada y no debe utilizarse como sustituto de alimentos. El producto debe mantenerse fuera del alcance y de la vista de los ni\u00f1os. Es importante seguir una dieta variada y equilibrada y un estilo de vida saludable.<\/p>\n<p>&nbsp;<\/p>\n<p><strong>VALOR NUTRITIVO Y ENERG\u00c9TICO DEL PRODUCTO<\/strong><\/p>\n<p>Dosis: 25 ml.<\/p>\n<p>N\u00famero de raciones por envase: 20.<\/p>\n<p>&nbsp;<\/p>\n<table>\n<tbody>\n<tr>\n<td width=\"252\"><\/td>\n<td width=\"118\"><strong>Porci\u00f3n<\/strong><\/td>\n<td width=\"227\"><strong>\u00a0<\/strong><strong>100 ml de col\u00e1geno puro con sabor a fresa<\/strong><\/td>\n<\/tr>\n<tr>\n<td width=\"252\">Calor\u00edas<\/td>\n<td width=\"118\">72kJ (17,2kcal)<\/td>\n<td width=\"227\">286kJ(68,4kcal)<\/td>\n<\/tr>\n<tr>\n<td width=\"252\"><strong>Grasa<\/strong><\/td>\n<td width=\"118\">&lt;0,5 g<\/td>\n<td width=\"227\">&lt;0,5 g<\/td>\n<\/tr>\n<tr>\n<td width=\"252\"><strong>Carbohidratos totales<\/strong><\/td>\n<td width=\"118\">1,2 g<\/td>\n<td width=\"227\">4,7 g<\/td>\n<\/tr>\n<tr>\n<td width=\"252\">- De los cuales az\u00facar<\/td>\n<td width=\"118\">1,1 g<\/td>\n<td width=\"227\">4,6 g<\/td>\n<\/tr>\n<tr>\n<td width=\"252\"><strong>Prote\u00edna<\/strong><\/td>\n<td width=\"118\">2,7 g<\/td>\n<td width=\"227\">10,6 g<\/td>\n<\/tr>\n<tr>\n<td width=\"252\"><strong>Sal<\/strong><\/td>\n<td width=\"118\">&lt;0,01 g<\/td>\n<td width=\"227\">0,03 g<\/td>\n<\/tr>\n<\/tbody>\n<\/table>\n<p>&nbsp;<\/p>\n<p><strong>INGREDIENTES:<\/strong><\/p>\n<p>Agua, zumo de uva blanca (a partir de concentrado), hidrolizado de col\u00e1geno, zumo de agave, \u00e1cido asc\u00f3rbico, acetato de DL-\u03b1-tocoferol, D-biotina, citrato de zinc, acidulante (\u00e1cido c\u00edtrico), conservantes (sorbato pot\u00e1sico, benzoato s\u00f3dico), edulcorante (gluc\u00f3sidos de esteviol), aroma natural.<\/p>\n<p>&nbsp;<\/p>\n<p><strong>COL\u00c1GENO PURO SABOR FRESA INGREDIENTES AMINO\u00c1CIDOS:<\/strong><\/p>\n<table>\n<tbody>\n<tr>\n<td width=\"144\"><\/td>\n<td width=\"152\"><strong>Porci\u00f3n<\/strong><\/td>\n<td width=\"216\"><strong>100 ml de col\u00e1geno puro con sabor a fresa<\/strong><\/td>\n<\/tr>\n<tr>\n<td width=\"144\">Valin<\/td>\n<td width=\"152\">63 mg<\/td>\n<td width=\"216\">252 mg<\/td>\n<\/tr>\n<tr>\n<td width=\"144\">Isoleucina<\/td>\n<td width=\"152\">39 mg<\/td>\n<td width=\"216\">156 mg<\/td>\n<\/tr>\n<tr>\n<td width=\"144\">Leucina<\/td>\n<td width=\"152\">73 mg<\/td>\n<td width=\"216\">292 mg<\/td>\n<\/tr>\n<tr>\n<td width=\"144\">Lisina<\/td>\n<td width=\"152\">94 mg<\/td>\n<td width=\"216\">376 mg<\/td>\n<\/tr>\n<tr>\n<td width=\"144\">Metionina<\/td>\n<td width=\"152\">16 mg<\/td>\n<td width=\"216\">64 mg<\/td>\n<\/tr>\n<tr>\n<td width=\"144\">Treonin<\/td>\n<td width=\"152\">55 mg<\/td>\n<td width=\"216\">220 mg<\/td>\n<\/tr>\n<tr>\n<td width=\"144\">Fenilalanina<\/td>\n<td width=\"152\">52 mg<\/td>\n<td width=\"216\">208 mg<\/td>\n<\/tr>\n<tr>\n<td width=\"144\">Arginina<\/td>\n<td width=\"152\">189 mg<\/td>\n<td width=\"216\">756 mg<\/td>\n<\/tr>\n<tr>\n<td width=\"144\">Histidina<\/td>\n<td width=\"152\">24 mg<\/td>\n<td width=\"216\">96 mg<\/td>\n<\/tr>\n<tr>\n<td width=\"144\">Tirosina<\/td>\n<td width=\"152\">21 mg<\/td>\n<td width=\"216\">84 mg<\/td>\n<\/tr>\n<tr>\n<td width=\"144\">Proline<\/td>\n<td width=\"152\">343 mg<\/td>\n<td width=\"216\">1372 mg<\/td>\n<\/tr>\n<tr>\n<td width=\"144\">Alanina<\/td>\n<td width=\"152\">225 mg<\/td>\n<td width=\"216\">900 mg<\/td>\n<\/tr>\n<tr>\n<td width=\"144\">\u00c1cido asp\u00e1rtico<\/td>\n<td width=\"152\">149 mg<\/td>\n<td width=\"216\">596 mg<\/td>\n<\/tr>\n<tr>\n<td width=\"144\">Serinas<\/td>\n<td width=\"152\">86 mg<\/td>\n<td width=\"216\">344 mg<\/td>\n<\/tr>\n<tr>\n<td width=\"144\">\u00c1cido glut\u00e1mico<\/td>\n<td width=\"152\">257 mg<\/td>\n<td width=\"216\">1028 mg<\/td>\n<\/tr>\n<tr>\n<td width=\"144\">Glicina<\/td>\n<td width=\"152\">584 mg<\/td>\n<td width=\"216\">2336 mg<\/td>\n<\/tr>\n<tr>\n<td width=\"144\">Hidroxilisina<\/td>\n<td width=\"152\">39 mg<\/td>\n<td width=\"216\">156 mg<\/td>\n<\/tr>\n<tr>\n<td width=\"144\">Hidroxiprolina<\/td>\n<td width=\"152\">306 mg<\/td>\n<td width=\"216\">1224 mg<\/td>\n<\/tr>\n<\/tbody>\n<\/table>\n<p>&nbsp;<\/p>\n<p><strong>COL\u00c1GENO PURO SABOR FRESA INGREDIENTES VITAM\u00cdNICOS:<\/strong><\/p>\n<table>\n<tbody>\n<tr>\n<td width=\"144\"><\/td>\n<td width=\"152\"><strong>Porci\u00f3n<\/strong><\/td>\n<td width=\"216\"><strong>100 ml de col\u00e1geno puro con sabor a fresa<\/strong><\/td>\n<\/tr>\n<tr>\n<td width=\"144\">Vitamina E<\/td>\n<td width=\"152\">12 mg<\/td>\n<td width=\"216\">48 mg<\/td>\n<\/tr>\n<tr>\n<td width=\"144\">Biotina<\/td>\n<td width=\"152\">50 \u00b5g<\/td>\n<td width=\"216\">200 \u00b5g<\/td>\n<\/tr>\n<tr>\n<td width=\"144\">Vitamina C<\/td>\n<td width=\"152\">80 mg<\/td>\n<td width=\"216\">320 mg<\/td>\n<\/tr>\n<tr>\n<td width=\"144\">Zinc<\/td>\n<td width=\"152\">10 mg<\/td>\n<td width=\"216\">40 mg<\/td>\n<\/tr>\n<tr>\n<td width=\"144\">Hidrolizado de col\u00e1geno Verisol\u00aeB<\/td>\n<td width=\"152\">2500 mg<\/td>\n<td width=\"216\">10000 mg<\/td>\n<\/tr>\n<\/tbody>\n<\/table>\n<p>&nbsp;<\/p>\n<p>&nbsp;<\/p>","protected":false},"excerpt":{"rendered":"<p>100% col\u00e1geno puro sabor fresa, 500ml<\/p>","protected":false},"featured_media":8996,"template":"","meta":[],"product_brand":[],"product_cat":[52,100],"product_tag":[64,53,60,63,56,29,24,30],"class_list":{"0":"post-4336","1":"product","2":"type-product","3":"status-publish","4":"has-post-thumbnail","6":"product_cat-akcijos","7":"product_cat-kolagenas","8":"product_tag-kanapiu-baltymai-250g-dovanu","9":"product_tag-exportui","10":"product_tag-groziui-ir-sveikatai","11":"product_tag-kolagenas","12":"product_tag-kolagenas-vitaminai-20","13":"product_tag-kovo3","14":"product_tag-paprasti-produktai","15":"product_tag-top","17":"first","18":"instock","19":"sale","20":"taxable","21":"shipping-taxable","22":"purchasable","23":"product-type-simple"},"yoast_head":"<!-- This site is optimized with the Yoast SEO plugin v27.5 - https:\/\/yoast.com\/product\/yoast-seo-wordpress\/ -->\n<title>100% grynas kolagenas bra\u0161ki\u0173 skonio, 500ml| Healthy Choice<\/title>\n<meta name=\"robots\" content=\"index, follow, max-snippet:-1, max-image-preview:large, max-video-preview:-1\" \/>\n<link rel=\"canonical\" href=\"https:\/\/www.healthychoice.lt\/es\/produktai\/kolagenas\/\" \/>\n<meta property=\"og:locale\" content=\"es_ES\" \/>\n<meta property=\"og:type\" content=\"article\" \/>\n<meta property=\"og:title\" content=\"100% grynas kolagenas bra\u0161ki\u0173 skonio, 500ml| Healthy Choice\" \/>\n<meta property=\"og:description\" content=\"100% grynas kolagenas bra\u0161ki\u0173 skonio, 500ml\" \/>\n<meta property=\"og:url\" content=\"https:\/\/www.healthychoice.lt\/es\/produktai\/kolagenas\/\" \/>\n<meta property=\"og:site_name\" content=\"Healthy Choice\" \/>\n<meta property=\"article:publisher\" content=\"https:\/\/www.facebook.com\/healthychoice.world\/\" \/>\n<meta property=\"article:modified_time\" content=\"2026-04-23T13:22:20+00:00\" \/>\n<meta property=\"og:image\" content=\"https:\/\/www.healthychoice.lt\/wp-content\/uploads\/2022\/12\/kolagenas-1-GOOOOOOOOD.jpg\" \/>\n\t<meta property=\"og:image:width\" content=\"1024\" \/>\n\t<meta property=\"og:image:height\" content=\"1024\" \/>\n\t<meta property=\"og:image:type\" content=\"image\/jpeg\" \/>\n<meta name=\"twitter:card\" content=\"summary_large_image\" \/>\n<meta name=\"twitter:label1\" content=\"Tiempo de lectura\" \/>\n\t<meta name=\"twitter:data1\" content=\"2 minutos\" \/>\n<script type=\"application\/ld+json\" class=\"yoast-schema-graph\">{\"@context\":\"https:\\\/\\\/schema.org\",\"@graph\":[{\"@type\":\"WebPage\",\"@id\":\"https:\\\/\\\/www.healthychoice.lt\\\/produktai\\\/kolagenas\\\/\",\"url\":\"https:\\\/\\\/www.healthychoice.lt\\\/produktai\\\/kolagenas\\\/\",\"name\":\"100% grynas kolagenas bra\u0161ki\u0173 skonio, 500ml| Healthy Choice\",\"isPartOf\":{\"@id\":\"https:\\\/\\\/www.healthychoice.lt\\\/es\\\/#website\"},\"primaryImageOfPage\":{\"@id\":\"https:\\\/\\\/www.healthychoice.lt\\\/produktai\\\/kolagenas\\\/#primaryimage\"},\"image\":{\"@id\":\"https:\\\/\\\/www.healthychoice.lt\\\/produktai\\\/kolagenas\\\/#primaryimage\"},\"thumbnailUrl\":\"https:\\\/\\\/www.healthychoice.lt\\\/wp-content\\\/uploads\\\/2022\\\/12\\\/kolagenas-1-GOOOOOOOOD.jpg\",\"datePublished\":\"2025-04-08T08:11:41+00:00\",\"dateModified\":\"2026-04-23T13:22:20+00:00\",\"breadcrumb\":{\"@id\":\"https:\\\/\\\/www.healthychoice.lt\\\/produktai\\\/kolagenas\\\/#breadcrumb\"},\"inLanguage\":\"es\",\"potentialAction\":[{\"@type\":\"ReadAction\",\"target\":[\"https:\\\/\\\/www.healthychoice.lt\\\/produktai\\\/kolagenas\\\/\"]}]},{\"@type\":\"ImageObject\",\"inLanguage\":\"es\",\"@id\":\"https:\\\/\\\/www.healthychoice.lt\\\/produktai\\\/kolagenas\\\/#primaryimage\",\"url\":\"https:\\\/\\\/www.healthychoice.lt\\\/wp-content\\\/uploads\\\/2022\\\/12\\\/kolagenas-1-GOOOOOOOOD.jpg\",\"contentUrl\":\"https:\\\/\\\/www.healthychoice.lt\\\/wp-content\\\/uploads\\\/2022\\\/12\\\/kolagenas-1-GOOOOOOOOD.jpg\",\"width\":1024,\"height\":1024},{\"@type\":\"BreadcrumbList\",\"@id\":\"https:\\\/\\\/www.healthychoice.lt\\\/produktai\\\/kolagenas\\\/#breadcrumb\",\"itemListElement\":[{\"@type\":\"ListItem\",\"position\":1,\"name\":\"Home\",\"item\":\"https:\\\/\\\/www.healthychoice.lt\\\/\"},{\"@type\":\"ListItem\",\"position\":2,\"name\":\"Produktai\",\"item\":\"https:\\\/\\\/www.healthychoice.lt\\\/es\\\/produktai\\\/\"},{\"@type\":\"ListItem\",\"position\":3,\"name\":\"100% grynas kolagenas bra\u0161ki\u0173 skonio, 500ml\"}]},{\"@type\":\"WebSite\",\"@id\":\"https:\\\/\\\/www.healthychoice.lt\\\/es\\\/#website\",\"url\":\"https:\\\/\\\/www.healthychoice.lt\\\/es\\\/\",\"name\":\"Healthy Choice\",\"description\":\"Mityba, kuria gali pasitik\u0117ti!\",\"alternateName\":\"Healthychoice\",\"potentialAction\":[{\"@type\":\"SearchAction\",\"target\":{\"@type\":\"EntryPoint\",\"urlTemplate\":\"https:\\\/\\\/www.healthychoice.lt\\\/es\\\/?s={search_term_string}\"},\"query-input\":{\"@type\":\"PropertyValueSpecification\",\"valueRequired\":true,\"valueName\":\"search_term_string\"}}],\"inLanguage\":\"es\"}]}<\/script>\n<!-- \/ Yoast SEO plugin. -->","yoast_head_json":{"title":"100% grynas kolagenas bra\u0161ki\u0173 skonio, 500ml| Healthy Choice","robots":{"index":"index","follow":"follow","max-snippet":"max-snippet:-1","max-image-preview":"max-image-preview:large","max-video-preview":"max-video-preview:-1"},"canonical":"https:\/\/www.healthychoice.lt\/es\/produktai\/kolagenas\/","og_locale":"es_ES","og_type":"article","og_title":"100% grynas kolagenas bra\u0161ki\u0173 skonio, 500ml| Healthy Choice","og_description":"100% grynas kolagenas bra\u0161ki\u0173 skonio, 500ml","og_url":"https:\/\/www.healthychoice.lt\/es\/produktai\/kolagenas\/","og_site_name":"Healthy Choice","article_publisher":"https:\/\/www.facebook.com\/healthychoice.world\/","article_modified_time":"2026-04-23T13:22:20+00:00","og_image":[{"width":1024,"height":1024,"url":"https:\/\/www.healthychoice.lt\/wp-content\/uploads\/2022\/12\/kolagenas-1-GOOOOOOOOD.jpg","type":"image\/jpeg"}],"twitter_card":"summary_large_image","twitter_misc":{"Tiempo de lectura":"2 minutos"},"schema":{"@context":"https:\/\/schema.org","@graph":[{"@type":"WebPage","@id":"https:\/\/www.healthychoice.lt\/produktai\/kolagenas\/","url":"https:\/\/www.healthychoice.lt\/produktai\/kolagenas\/","name":"100% grynas kolagenas bra\u0161ki\u0173 skonio, 500ml| Healthy Choice","isPartOf":{"@id":"https:\/\/www.healthychoice.lt\/es\/#website"},"primaryImageOfPage":{"@id":"https:\/\/www.healthychoice.lt\/produktai\/kolagenas\/#primaryimage"},"image":{"@id":"https:\/\/www.healthychoice.lt\/produktai\/kolagenas\/#primaryimage"},"thumbnailUrl":"https:\/\/www.healthychoice.lt\/wp-content\/uploads\/2022\/12\/kolagenas-1-GOOOOOOOOD.jpg","datePublished":"2025-04-08T08:11:41+00:00","dateModified":"2026-04-23T13:22:20+00:00","breadcrumb":{"@id":"https:\/\/www.healthychoice.lt\/produktai\/kolagenas\/#breadcrumb"},"inLanguage":"es","potentialAction":[{"@type":"ReadAction","target":["https:\/\/www.healthychoice.lt\/produktai\/kolagenas\/"]}]},{"@type":"ImageObject","inLanguage":"es","@id":"https:\/\/www.healthychoice.lt\/produktai\/kolagenas\/#primaryimage","url":"https:\/\/www.healthychoice.lt\/wp-content\/uploads\/2022\/12\/kolagenas-1-GOOOOOOOOD.jpg","contentUrl":"https:\/\/www.healthychoice.lt\/wp-content\/uploads\/2022\/12\/kolagenas-1-GOOOOOOOOD.jpg","width":1024,"height":1024},{"@type":"BreadcrumbList","@id":"https:\/\/www.healthychoice.lt\/produktai\/kolagenas\/#breadcrumb","itemListElement":[{"@type":"ListItem","position":1,"name":"Home","item":"https:\/\/www.healthychoice.lt\/"},{"@type":"ListItem","position":2,"name":"Produktai","item":"https:\/\/www.healthychoice.lt\/es\/produktai\/"},{"@type":"ListItem","position":3,"name":"100% grynas kolagenas bra\u0161ki\u0173 skonio, 500ml"}]},{"@type":"WebSite","@id":"https:\/\/www.healthychoice.lt\/es\/#website","url":"https:\/\/www.healthychoice.lt\/es\/","name":"Healthy Choice","description":"Mityba, kuria gali pasitik\u0117ti!","alternateName":"Healthychoice","potentialAction":[{"@type":"SearchAction","target":{"@type":"EntryPoint","urlTemplate":"https:\/\/www.healthychoice.lt\/es\/?s={search_term_string}"},"query-input":{"@type":"PropertyValueSpecification","valueRequired":true,"valueName":"search_term_string"}}],"inLanguage":"es"}]}},"_links":{"self":[{"href":"https:\/\/www.healthychoice.lt\/es\/wp-json\/wp\/v2\/product\/4336","targetHints":{"allow":["GET"]}}],"collection":[{"href":"https:\/\/www.healthychoice.lt\/es\/wp-json\/wp\/v2\/product"}],"about":[{"href":"https:\/\/www.healthychoice.lt\/es\/wp-json\/wp\/v2\/types\/product"}],"wp:featuredmedia":[{"embeddable":true,"href":"https:\/\/www.healthychoice.lt\/es\/wp-json\/wp\/v2\/media\/8996"}],"wp:attachment":[{"href":"https:\/\/www.healthychoice.lt\/es\/wp-json\/wp\/v2\/media?parent=4336"}],"wp:term":[{"taxonomy":"product_brand","embeddable":true,"href":"https:\/\/www.healthychoice.lt\/es\/wp-json\/wp\/v2\/product_brand?post=4336"},{"taxonomy":"product_cat","embeddable":true,"href":"https:\/\/www.healthychoice.lt\/es\/wp-json\/wp\/v2\/product_cat?post=4336"},{"taxonomy":"product_tag","embeddable":true,"href":"https:\/\/www.healthychoice.lt\/es\/wp-json\/wp\/v2\/product_tag?post=4336"}],"curies":[{"name":"wp","href":"https:\/\/api.w.org\/{rel}","templated":true}]}}