{"id":16,"date":"2022-05-10T10:30:54","date_gmt":"2022-05-10T07:30:54","guid":{"rendered":"https:\/\/www.healthychoice.lt\/?post_type=product&#038;p=16"},"modified":"2026-01-19T10:13:59","modified_gmt":"2026-01-19T08:13:59","slug":"kanapiu-seklu-baltymai","status":"publish","type":"product","link":"https:\/\/www.healthychoice.lt\/es\/produktai\/kanapiu-seklu-baltymai\/","title":{"rendered":"Prote\u00edna de semilla de c\u00e1\u00f1amo, 250 g"},"content":{"rendered":"<h2 style=\"text-align: center;\">Apie \u201eHEALTHY\u00a0CHOICE\u201c kanapi\u0173 s\u0117kl\u0173 baltymus<\/h2>\n<p>Didel\u0117s baltym\u0173 koncentracijos (49%) baltym\u0173 milteliai, pagaminti i\u0161 kanapi\u0173 pyrago, pagaminamo spaud\u017eiant kanapi\u0173 s\u0117klas. Po to, kanapi\u0173 pyragas sumalamas ir kruop\u0161\u010diai sijojamas \u012f skirtingas frakcijas. Apdorojimo proceso metu med\u017eiagos temperat\u016bra nepakyla auk\u0161\u010diau 40 laipsni\u0173, tokiu b\u016bdu i\u0161laikomi visi nat\u016bral\u016bs elementai ir gyvybi\u0161kai svarb\u016bs mineralai. Galiausiai atskiriami ma\u017eiausios frakcijos milteliai ir pagaminami nat\u016bral\u016bs <strong>\u201eHealthy Choice\u201c<\/strong> kanapi\u0173 s\u0117kl\u0173 baltymai.<\/p>\n<p><strong>U\u017eauginto ir paruo\u0161to Lietuvoje, \u0161io produkto prana\u0161umai:<\/strong><\/p>\n<ul>\n<li>Padeda palaikyti lies\u0105 raumen\u0173 mas\u0119<\/li>\n<li>Yra 9 nepakei\u010diamos amino r\u016bg\u0161tys<\/li>\n<li>Puikus mineral\u0173 ir vitamin\u0173 \u0161altinis<\/li>\n<li>Tinkamas vartoti veganams<\/li>\n<li>Baltymai kanap\u0117se yra artimi \u017emogaus baltymams, tod\u0117l jie gerai \u012fsisavinami<\/li>\n<li>Pluo\u0161tini\u0173 kanapi\u0173 baltymai \u017einomi kaip vieni i\u0161 maistingiausi\u0173 planetoje.<\/li>\n<\/ul>","protected":false},"excerpt":{"rendered":"<p>La prote\u00edna de c\u00e1\u00f1amo es conocida por ser una de las m\u00e1s nutritivas del planeta.  Cultivado y elaborado en Lituania, este producto tiene muchas propiedades beneficiosas.<\/p>","protected":false},"featured_media":6059,"template":"","meta":[],"product_brand":[],"product_cat":[98,102],"product_tag":[53,59,29,24],"class_list":{"0":"post-16","1":"product","2":"type-product","3":"status-publish","4":"has-post-thumbnail","6":"product_cat-baltymai","7":"product_cat-kanapiu-produktai","8":"product_tag-exportui","9":"product_tag-kanapiu-produktai","10":"product_tag-kovo3","11":"product_tag-paprasti-produktai","13":"first","14":"outofstock","15":"taxable","16":"shipping-taxable","17":"purchasable","18":"product-type-simple"},"yoast_head":"<!-- This site is optimized with the Yoast SEO plugin v27.5 - https:\/\/yoast.com\/product\/yoast-seo-wordpress\/ -->\n<title>Kanapi\u0173 s\u0117kl\u0173 baltymai, 250g| Healthy Choice<\/title>\n<meta name=\"robots\" content=\"index, follow, max-snippet:-1, max-image-preview:large, max-video-preview:-1\" \/>\n<link rel=\"canonical\" href=\"https:\/\/www.healthychoice.lt\/es\/produktai\/kanapiu-seklu-baltymai\/\" \/>\n<meta property=\"og:locale\" content=\"es_ES\" \/>\n<meta property=\"og:type\" content=\"article\" \/>\n<meta property=\"og:title\" content=\"Kanapi\u0173 s\u0117kl\u0173 baltymai, 250g| Healthy Choice\" \/>\n<meta property=\"og:description\" content=\"Pluo\u0161tini\u0173 kanapi\u0173 baltymai \u017einomi, kaip vieni i\u0161 maistingiausi\u0173 baltym\u0173 planetoje.\u00a0 \u0160is produktas u\u017eaugintas ir paruo\u0161tas Lietuvoje, turi daug nauding\u0173 savybi\u0173.\" \/>\n<meta property=\"og:url\" content=\"https:\/\/www.healthychoice.lt\/es\/produktai\/kanapiu-seklu-baltymai\/\" \/>\n<meta property=\"og:site_name\" content=\"Healthy Choice\" \/>\n<meta property=\"article:publisher\" content=\"https:\/\/www.facebook.com\/healthychoice.world\/\" \/>\n<meta property=\"article:modified_time\" content=\"2026-01-19T08:13:59+00:00\" \/>\n<meta property=\"og:image\" content=\"https:\/\/www.healthychoice.lt\/wp-content\/uploads\/2023\/06\/Kanapiu-seklos-baltymai-min.jpg\" \/>\n\t<meta property=\"og:image:width\" content=\"1024\" \/>\n\t<meta property=\"og:image:height\" content=\"1024\" \/>\n\t<meta property=\"og:image:type\" content=\"image\/jpeg\" \/>\n<meta name=\"twitter:card\" content=\"summary_large_image\" \/>\n<meta name=\"twitter:label1\" content=\"Tiempo de lectura\" \/>\n\t<meta name=\"twitter:data1\" content=\"1 minuto\" \/>\n<script type=\"application\/ld+json\" class=\"yoast-schema-graph\">{\"@context\":\"https:\\\/\\\/schema.org\",\"@graph\":[{\"@type\":\"WebPage\",\"@id\":\"https:\\\/\\\/www.healthychoice.lt\\\/es\\\/produktai\\\/kanapiu-seklu-baltymai\\\/\",\"url\":\"https:\\\/\\\/www.healthychoice.lt\\\/es\\\/produktai\\\/kanapiu-seklu-baltymai\\\/\",\"name\":\"Kanapi\u0173 s\u0117kl\u0173 baltymai, 250g| Healthy Choice\",\"isPartOf\":{\"@id\":\"https:\\\/\\\/www.healthychoice.lt\\\/es\\\/#website\"},\"primaryImageOfPage\":{\"@id\":\"https:\\\/\\\/www.healthychoice.lt\\\/es\\\/produktai\\\/kanapiu-seklu-baltymai\\\/#primaryimage\"},\"image\":{\"@id\":\"https:\\\/\\\/www.healthychoice.lt\\\/es\\\/produktai\\\/kanapiu-seklu-baltymai\\\/#primaryimage\"},\"thumbnailUrl\":\"https:\\\/\\\/www.healthychoice.lt\\\/wp-content\\\/uploads\\\/2023\\\/06\\\/Kanapiu-seklos-baltymai-min.jpg\",\"datePublished\":\"2022-05-10T07:30:54+00:00\",\"dateModified\":\"2026-01-19T08:13:59+00:00\",\"breadcrumb\":{\"@id\":\"https:\\\/\\\/www.healthychoice.lt\\\/es\\\/produktai\\\/kanapiu-seklu-baltymai\\\/#breadcrumb\"},\"inLanguage\":\"es\",\"potentialAction\":[{\"@type\":\"ReadAction\",\"target\":[\"https:\\\/\\\/www.healthychoice.lt\\\/es\\\/produktai\\\/kanapiu-seklu-baltymai\\\/\"]}]},{\"@type\":\"ImageObject\",\"inLanguage\":\"es\",\"@id\":\"https:\\\/\\\/www.healthychoice.lt\\\/es\\\/produktai\\\/kanapiu-seklu-baltymai\\\/#primaryimage\",\"url\":\"https:\\\/\\\/www.healthychoice.lt\\\/wp-content\\\/uploads\\\/2023\\\/06\\\/Kanapiu-seklos-baltymai-min.jpg\",\"contentUrl\":\"https:\\\/\\\/www.healthychoice.lt\\\/wp-content\\\/uploads\\\/2023\\\/06\\\/Kanapiu-seklos-baltymai-min.jpg\",\"width\":1024,\"height\":1024},{\"@type\":\"BreadcrumbList\",\"@id\":\"https:\\\/\\\/www.healthychoice.lt\\\/es\\\/produktai\\\/kanapiu-seklu-baltymai\\\/#breadcrumb\",\"itemListElement\":[{\"@type\":\"ListItem\",\"position\":1,\"name\":\"Home\",\"item\":\"https:\\\/\\\/www.healthychoice.lt\\\/\"},{\"@type\":\"ListItem\",\"position\":2,\"name\":\"Produktai\",\"item\":\"https:\\\/\\\/www.healthychoice.lt\\\/es\\\/produktai\\\/\"},{\"@type\":\"ListItem\",\"position\":3,\"name\":\"Kanapi\u0173 s\u0117kl\u0173 baltymai, 250g\"}]},{\"@type\":\"WebSite\",\"@id\":\"https:\\\/\\\/www.healthychoice.lt\\\/es\\\/#website\",\"url\":\"https:\\\/\\\/www.healthychoice.lt\\\/es\\\/\",\"name\":\"Healthy Choice\",\"description\":\"Mityba, kuria gali pasitik\u0117ti!\",\"alternateName\":\"Healthychoice\",\"potentialAction\":[{\"@type\":\"SearchAction\",\"target\":{\"@type\":\"EntryPoint\",\"urlTemplate\":\"https:\\\/\\\/www.healthychoice.lt\\\/es\\\/?s={search_term_string}\"},\"query-input\":{\"@type\":\"PropertyValueSpecification\",\"valueRequired\":true,\"valueName\":\"search_term_string\"}}],\"inLanguage\":\"es\"}]}<\/script>\n<!-- \/ Yoast SEO plugin. -->","yoast_head_json":{"title":"Kanapi\u0173 s\u0117kl\u0173 baltymai, 250g| Healthy Choice","robots":{"index":"index","follow":"follow","max-snippet":"max-snippet:-1","max-image-preview":"max-image-preview:large","max-video-preview":"max-video-preview:-1"},"canonical":"https:\/\/www.healthychoice.lt\/es\/produktai\/kanapiu-seklu-baltymai\/","og_locale":"es_ES","og_type":"article","og_title":"Kanapi\u0173 s\u0117kl\u0173 baltymai, 250g| Healthy Choice","og_description":"Pluo\u0161tini\u0173 kanapi\u0173 baltymai \u017einomi, kaip vieni i\u0161 maistingiausi\u0173 baltym\u0173 planetoje.\u00a0 \u0160is produktas u\u017eaugintas ir paruo\u0161tas Lietuvoje, turi daug nauding\u0173 savybi\u0173.","og_url":"https:\/\/www.healthychoice.lt\/es\/produktai\/kanapiu-seklu-baltymai\/","og_site_name":"Healthy Choice","article_publisher":"https:\/\/www.facebook.com\/healthychoice.world\/","article_modified_time":"2026-01-19T08:13:59+00:00","og_image":[{"width":1024,"height":1024,"url":"https:\/\/www.healthychoice.lt\/wp-content\/uploads\/2023\/06\/Kanapiu-seklos-baltymai-min.jpg","type":"image\/jpeg"}],"twitter_card":"summary_large_image","twitter_misc":{"Tiempo de lectura":"1 minuto"},"schema":{"@context":"https:\/\/schema.org","@graph":[{"@type":"WebPage","@id":"https:\/\/www.healthychoice.lt\/es\/produktai\/kanapiu-seklu-baltymai\/","url":"https:\/\/www.healthychoice.lt\/es\/produktai\/kanapiu-seklu-baltymai\/","name":"Kanapi\u0173 s\u0117kl\u0173 baltymai, 250g| Healthy Choice","isPartOf":{"@id":"https:\/\/www.healthychoice.lt\/es\/#website"},"primaryImageOfPage":{"@id":"https:\/\/www.healthychoice.lt\/es\/produktai\/kanapiu-seklu-baltymai\/#primaryimage"},"image":{"@id":"https:\/\/www.healthychoice.lt\/es\/produktai\/kanapiu-seklu-baltymai\/#primaryimage"},"thumbnailUrl":"https:\/\/www.healthychoice.lt\/wp-content\/uploads\/2023\/06\/Kanapiu-seklos-baltymai-min.jpg","datePublished":"2022-05-10T07:30:54+00:00","dateModified":"2026-01-19T08:13:59+00:00","breadcrumb":{"@id":"https:\/\/www.healthychoice.lt\/es\/produktai\/kanapiu-seklu-baltymai\/#breadcrumb"},"inLanguage":"es","potentialAction":[{"@type":"ReadAction","target":["https:\/\/www.healthychoice.lt\/es\/produktai\/kanapiu-seklu-baltymai\/"]}]},{"@type":"ImageObject","inLanguage":"es","@id":"https:\/\/www.healthychoice.lt\/es\/produktai\/kanapiu-seklu-baltymai\/#primaryimage","url":"https:\/\/www.healthychoice.lt\/wp-content\/uploads\/2023\/06\/Kanapiu-seklos-baltymai-min.jpg","contentUrl":"https:\/\/www.healthychoice.lt\/wp-content\/uploads\/2023\/06\/Kanapiu-seklos-baltymai-min.jpg","width":1024,"height":1024},{"@type":"BreadcrumbList","@id":"https:\/\/www.healthychoice.lt\/es\/produktai\/kanapiu-seklu-baltymai\/#breadcrumb","itemListElement":[{"@type":"ListItem","position":1,"name":"Home","item":"https:\/\/www.healthychoice.lt\/"},{"@type":"ListItem","position":2,"name":"Produktai","item":"https:\/\/www.healthychoice.lt\/es\/produktai\/"},{"@type":"ListItem","position":3,"name":"Kanapi\u0173 s\u0117kl\u0173 baltymai, 250g"}]},{"@type":"WebSite","@id":"https:\/\/www.healthychoice.lt\/es\/#website","url":"https:\/\/www.healthychoice.lt\/es\/","name":"Healthy Choice","description":"Mityba, kuria gali pasitik\u0117ti!","alternateName":"Healthychoice","potentialAction":[{"@type":"SearchAction","target":{"@type":"EntryPoint","urlTemplate":"https:\/\/www.healthychoice.lt\/es\/?s={search_term_string}"},"query-input":{"@type":"PropertyValueSpecification","valueRequired":true,"valueName":"search_term_string"}}],"inLanguage":"es"}]}},"_links":{"self":[{"href":"https:\/\/www.healthychoice.lt\/es\/wp-json\/wp\/v2\/product\/16","targetHints":{"allow":["GET"]}}],"collection":[{"href":"https:\/\/www.healthychoice.lt\/es\/wp-json\/wp\/v2\/product"}],"about":[{"href":"https:\/\/www.healthychoice.lt\/es\/wp-json\/wp\/v2\/types\/product"}],"wp:featuredmedia":[{"embeddable":true,"href":"https:\/\/www.healthychoice.lt\/es\/wp-json\/wp\/v2\/media\/6059"}],"wp:attachment":[{"href":"https:\/\/www.healthychoice.lt\/es\/wp-json\/wp\/v2\/media?parent=16"}],"wp:term":[{"taxonomy":"product_brand","embeddable":true,"href":"https:\/\/www.healthychoice.lt\/es\/wp-json\/wp\/v2\/product_brand?post=16"},{"taxonomy":"product_cat","embeddable":true,"href":"https:\/\/www.healthychoice.lt\/es\/wp-json\/wp\/v2\/product_cat?post=16"},{"taxonomy":"product_tag","embeddable":true,"href":"https:\/\/www.healthychoice.lt\/es\/wp-json\/wp\/v2\/product_tag?post=16"}],"curies":[{"name":"wp","href":"https:\/\/api.w.org\/{rel}","templated":true}]}}