{"id":152,"date":"2025-04-17T08:10:50","date_gmt":"2025-04-17T05:10:50","guid":{"rendered":"https:\/\/www.healthychoice.lt\/?post_type=product&#038;p=152"},"modified":"2026-04-03T18:06:47","modified_gmt":"2026-04-03T15:06:47","slug":"isrugu-baltymu-izoliatas","status":"publish","type":"product","link":"https:\/\/www.healthychoice.lt\/es\/produktai\/isrugu-baltymu-izoliatas\/","title":{"rendered":"100% Aislado de prote\u00edna de suero, 1kg"},"content":{"rendered":"<h2 class=\"text-white\" style=\"text-align: center;\">Acerca del aislado proteico HEALTHY CHOICE<\/h2>\n<p>El aislado de prote\u00edna de suero es una prote\u00edna ultrapura y pura con muy bajo contenido en lactosa y grasa. Las personas que tienen dificultades para digerir las prote\u00ednas s\u00f3lo consumen este tipo de prote\u00edna, ya que su contenido en lactosa es inferior al de la 1%. Es una fuente de prote\u00edna del m\u00e1s alto valor biol\u00f3gico (BV), que contiene altos niveles de amino\u00e1cidos de cadena ramificada (BCAA), glutamina y amino\u00e1cidos esenciales (EAA) que no son sintetizados en el organismo.<\/p>\n<p>HEALTHY CHOICE, un concentrado de prote\u00edna de suero 100 % f\u00e1cilmente soluble, es una prote\u00edna de primera calidad, extra\u00edda por microfiltraci\u00f3n a baja temperatura, con una estructura proteica inalterada y un alto valor biol\u00f3gico proteico (VB) preservado.<\/p>\n<p>Es importante destacar que s\u00f3lo utilizamos lecitina de girasol como emulsionante para mejorar la solubilidad de nuestro producto. Muchos fabricantes prefieren la lecitina de soja, pero la raz\u00f3n principal es que es m\u00e1s barata. Sin embargo, la soja es un al\u00e9rgeno y muchas personas son al\u00e9rgicas a ella. Pero la industria de la soja suele utilizar productos modificados gen\u00e9ticamente y sustancias qu\u00edmicas peligrosas en la producci\u00f3n de lecitina de soja.<\/p>\n<p>A diferencia de la soja, el girasol no se modifica gen\u00e9ticamente, se cultiva de forma natural, y la lecitina de girasol se produce por prensado en fr\u00edo para separar las fracciones, de forma similar al aceite de oliva, sin utilizar ning\u00fan producto qu\u00edmico.<\/p>\n<p>Nos preocupamos por la naturaleza y la calidad de nuestros productos, por lo que el aislado HEALTHY CHOICE se elabora exclusivamente con leche de vacas alimentadas con pasto.<\/p>\n<p>Consultamos regularmente a atletas profesionales, entrenadores y dietistas sobre los productos HEALTHY CHOICE y extraemos las propiedades m\u00e1s valiosas.<\/p>\n<h3 class=\"sub-header text-white mt-2\" style=\"text-align: center;\">\"HEALTHY CHOICE\" las prote\u00ednas y su importancia para el cuerpo humano<\/h3>\n<div class=\"row\"  id=\"row-1141411090\">\n\n\t<div id=\"col-367605268\" class=\"col medium-6 small-12 large-6\"  >\n\t\t\t\t<div class=\"col-inner\"  >\n\t\t\t\n\t\t\t\n<p>La prote\u00edna es el componente b\u00e1sico del m\u00fasculo, uno de los principales nutrientes, al igual que los hidratos de carbono y las grasas. La prote\u00edna es el segundo componente m\u00e1s abundante e importante del organismo despu\u00e9s del agua. La prote\u00edna est\u00e1 muy extendida en la naturaleza viva y es la base de la misma. Al igual que el cuadro de un puzzle se compone de piezas individuales, la prote\u00edna se compone de peque\u00f1as part\u00edculas: los amino\u00e1cidos. Un total de 20 amino\u00e1cidos diferentes forman la base de la macromol\u00e9cula proteica. Nueve de los 20 amino\u00e1cidos son esenciales para obtenerlos de los alimentos, ya que no pueden ser producidos por el propio organismo, por lo que es necesario consumir diariamente una cantidad adecuada de prote\u00ednas.\u00a0<strong>\"ELECCI\u00d3N SALUDABLE\"<\/strong> El producto es una de las mejores fuentes de amino\u00e1cidos de cadena ramificada (BCAA).<\/p>\n<p>Nunca se insistir\u00e1 lo suficiente en la importancia de las prote\u00ednas para el cuerpo humano. Las prote\u00ednas reconstruyen, moldean, mantienen y renuevan la masa muscular. La prote\u00edna contribuye al crecimiento muscular y de la fuerza en los atletas. La prote\u00edna es importante para el mantenimiento de la salud \u00f3sea normal. Una ingesta diaria de prote\u00ednas es esencial para un cuerpo humano sano.<\/p>\n\t\t<\/div>\n\t\t\t\t\t<\/div>\n\n\t\n\n\t<div id=\"col-1204169363\" class=\"col medium-6 small-12 large-6\"  >\n\t\t\t\t<div class=\"col-inner\"  >\n\t\t\t\n\t\t\t\n<p>Adem\u00e1s del crecimiento muscular, la prote\u00edna tiene otras funciones:<\/p>\n<ul>\n<li>Aporta prote\u00ednas al organismo, esenciales para la funci\u00f3n muscular;<\/li>\n<li>Fortalece los m\u00fasculos y recupera despu\u00e9s del ejercicio a las personas que lo practican;<\/li>\n<li>Ayuda a reducir el sobrepeso, suprimir el apetito, para las personas que tratan de construir tejido muscular magra.<\/li>\n<\/ul>\n<p>Conseguir\u00e1s todo esto y mucho m\u00e1s cuando empieces a consumir regularmente la prote\u00edna lituana en tu dieta - TIRPAS 100 % CORE PROTEIN ISOLIATE <strong>\"ELECCI\u00d3N SALUDABLE\"<\/strong> - \u00a1Comprar ahora!<\/p>\n\t\t<\/div>\n\t\t\t\t\t<\/div>\n\n\t\n<\/div>","protected":false},"excerpt":{"rendered":"<p>Prote\u00edna 90%. Soluble, sabor natural, sin colorantes, edulcorantes ni az\u00facares a\u00f1adidos.<\/p>","protected":false},"featured_media":6070,"template":"","meta":[],"product_brand":[],"product_cat":[52,98,46,31],"product_tag":[64,54,53,29,24,58],"class_list":{"0":"post-152","1":"product","2":"type-product","3":"status-publish","4":"has-post-thumbnail","6":"product_cat-akcijos","7":"product_cat-baltymai","8":"product_cat-dovanu-kuponai","9":"product_cat-top","10":"product_tag-kanapiu-baltymai-250g-dovanu","11":"product_tag-baltymai","12":"product_tag-exportui","13":"product_tag-kovo3","14":"product_tag-paprasti-produktai","15":"product_tag-perkant-2-baltymus-akcija","17":"first","18":"instock","19":"sale","20":"taxable","21":"shipping-taxable","22":"purchasable","23":"product-type-simple"},"yoast_head":"<!-- This site is optimized with the Yoast SEO plugin v27.5 - https:\/\/yoast.com\/product\/yoast-seo-wordpress\/ -->\n<title>100% i\u0161r\u016bg\u0173 baltym\u0173 izoliatas, 1kg | Healthy Choice<\/title>\n<meta name=\"robots\" content=\"index, follow, max-snippet:-1, max-image-preview:large, max-video-preview:-1\" \/>\n<link rel=\"canonical\" href=\"https:\/\/www.healthychoice.lt\/es\/produktai\/isrugu-baltymu-izoliatas\/\" \/>\n<meta property=\"og:locale\" content=\"es_ES\" \/>\n<meta property=\"og:type\" content=\"article\" \/>\n<meta property=\"og:title\" content=\"100% i\u0161r\u016bg\u0173 baltym\u0173 izoliatas, 1kg | Healthy Choice\" \/>\n<meta property=\"og:description\" content=\"90% Baltym\u0173. Tirpus, nat\u016bralaus skonio, be da\u017eikli\u0173, saldikli\u0173 ar prid\u0117tinio cukraus.\" \/>\n<meta property=\"og:url\" content=\"https:\/\/www.healthychoice.lt\/es\/produktai\/isrugu-baltymu-izoliatas\/\" \/>\n<meta property=\"og:site_name\" content=\"Healthy Choice\" \/>\n<meta property=\"article:publisher\" content=\"https:\/\/www.facebook.com\/healthychoice.world\/\" \/>\n<meta property=\"article:modified_time\" content=\"2026-04-03T15:06:47+00:00\" \/>\n<meta property=\"og:image\" content=\"https:\/\/www.healthychoice.lt\/wp-content\/uploads\/2022\/01\/Isrugu-baltymu-izoliatas-1kg-min.jpg\" \/>\n\t<meta property=\"og:image:width\" content=\"1024\" \/>\n\t<meta property=\"og:image:height\" content=\"1024\" \/>\n\t<meta property=\"og:image:type\" content=\"image\/jpeg\" \/>\n<meta name=\"twitter:card\" content=\"summary_large_image\" \/>\n<meta name=\"twitter:label1\" content=\"Tiempo de lectura\" \/>\n\t<meta name=\"twitter:data1\" content=\"3 minutos\" \/>\n<script type=\"application\/ld+json\" class=\"yoast-schema-graph\">{\"@context\":\"https:\\\/\\\/schema.org\",\"@graph\":[{\"@type\":\"WebPage\",\"@id\":\"https:\\\/\\\/www.healthychoice.lt\\\/produktai\\\/isrugu-baltymu-izoliatas\\\/\",\"url\":\"https:\\\/\\\/www.healthychoice.lt\\\/produktai\\\/isrugu-baltymu-izoliatas\\\/\",\"name\":\"100% i\u0161r\u016bg\u0173 baltym\u0173 izoliatas, 1kg | Healthy Choice\",\"isPartOf\":{\"@id\":\"https:\\\/\\\/www.healthychoice.lt\\\/es\\\/#website\"},\"primaryImageOfPage\":{\"@id\":\"https:\\\/\\\/www.healthychoice.lt\\\/produktai\\\/isrugu-baltymu-izoliatas\\\/#primaryimage\"},\"image\":{\"@id\":\"https:\\\/\\\/www.healthychoice.lt\\\/produktai\\\/isrugu-baltymu-izoliatas\\\/#primaryimage\"},\"thumbnailUrl\":\"https:\\\/\\\/www.healthychoice.lt\\\/wp-content\\\/uploads\\\/2022\\\/01\\\/Isrugu-baltymu-izoliatas-1kg-min.jpg\",\"datePublished\":\"2025-04-17T05:10:50+00:00\",\"dateModified\":\"2026-04-03T15:06:47+00:00\",\"breadcrumb\":{\"@id\":\"https:\\\/\\\/www.healthychoice.lt\\\/produktai\\\/isrugu-baltymu-izoliatas\\\/#breadcrumb\"},\"inLanguage\":\"es\",\"potentialAction\":[{\"@type\":\"ReadAction\",\"target\":[\"https:\\\/\\\/www.healthychoice.lt\\\/produktai\\\/isrugu-baltymu-izoliatas\\\/\"]}]},{\"@type\":\"ImageObject\",\"inLanguage\":\"es\",\"@id\":\"https:\\\/\\\/www.healthychoice.lt\\\/produktai\\\/isrugu-baltymu-izoliatas\\\/#primaryimage\",\"url\":\"https:\\\/\\\/www.healthychoice.lt\\\/wp-content\\\/uploads\\\/2022\\\/01\\\/Isrugu-baltymu-izoliatas-1kg-min.jpg\",\"contentUrl\":\"https:\\\/\\\/www.healthychoice.lt\\\/wp-content\\\/uploads\\\/2022\\\/01\\\/Isrugu-baltymu-izoliatas-1kg-min.jpg\",\"width\":1024,\"height\":1024},{\"@type\":\"BreadcrumbList\",\"@id\":\"https:\\\/\\\/www.healthychoice.lt\\\/produktai\\\/isrugu-baltymu-izoliatas\\\/#breadcrumb\",\"itemListElement\":[{\"@type\":\"ListItem\",\"position\":1,\"name\":\"Home\",\"item\":\"https:\\\/\\\/www.healthychoice.lt\\\/\"},{\"@type\":\"ListItem\",\"position\":2,\"name\":\"Produktai\",\"item\":\"https:\\\/\\\/www.healthychoice.lt\\\/es\\\/produktai\\\/\"},{\"@type\":\"ListItem\",\"position\":3,\"name\":\"100% i\u0161r\u016bg\u0173 baltym\u0173 izoliatas, 1kg\"}]},{\"@type\":\"WebSite\",\"@id\":\"https:\\\/\\\/www.healthychoice.lt\\\/es\\\/#website\",\"url\":\"https:\\\/\\\/www.healthychoice.lt\\\/es\\\/\",\"name\":\"Healthy Choice\",\"description\":\"Mityba, kuria gali pasitik\u0117ti!\",\"alternateName\":\"Healthychoice\",\"potentialAction\":[{\"@type\":\"SearchAction\",\"target\":{\"@type\":\"EntryPoint\",\"urlTemplate\":\"https:\\\/\\\/www.healthychoice.lt\\\/es\\\/?s={search_term_string}\"},\"query-input\":{\"@type\":\"PropertyValueSpecification\",\"valueRequired\":true,\"valueName\":\"search_term_string\"}}],\"inLanguage\":\"es\"}]}<\/script>\n<!-- \/ Yoast SEO plugin. -->","yoast_head_json":{"title":"100% i\u0161r\u016bg\u0173 baltym\u0173 izoliatas, 1kg | Healthy Choice","robots":{"index":"index","follow":"follow","max-snippet":"max-snippet:-1","max-image-preview":"max-image-preview:large","max-video-preview":"max-video-preview:-1"},"canonical":"https:\/\/www.healthychoice.lt\/es\/produktai\/isrugu-baltymu-izoliatas\/","og_locale":"es_ES","og_type":"article","og_title":"100% i\u0161r\u016bg\u0173 baltym\u0173 izoliatas, 1kg | Healthy Choice","og_description":"90% Baltym\u0173. Tirpus, nat\u016bralaus skonio, be da\u017eikli\u0173, saldikli\u0173 ar prid\u0117tinio cukraus.","og_url":"https:\/\/www.healthychoice.lt\/es\/produktai\/isrugu-baltymu-izoliatas\/","og_site_name":"Healthy Choice","article_publisher":"https:\/\/www.facebook.com\/healthychoice.world\/","article_modified_time":"2026-04-03T15:06:47+00:00","og_image":[{"width":1024,"height":1024,"url":"https:\/\/www.healthychoice.lt\/wp-content\/uploads\/2022\/01\/Isrugu-baltymu-izoliatas-1kg-min.jpg","type":"image\/jpeg"}],"twitter_card":"summary_large_image","twitter_misc":{"Tiempo de lectura":"3 minutos"},"schema":{"@context":"https:\/\/schema.org","@graph":[{"@type":"WebPage","@id":"https:\/\/www.healthychoice.lt\/produktai\/isrugu-baltymu-izoliatas\/","url":"https:\/\/www.healthychoice.lt\/produktai\/isrugu-baltymu-izoliatas\/","name":"100% i\u0161r\u016bg\u0173 baltym\u0173 izoliatas, 1kg | Healthy Choice","isPartOf":{"@id":"https:\/\/www.healthychoice.lt\/es\/#website"},"primaryImageOfPage":{"@id":"https:\/\/www.healthychoice.lt\/produktai\/isrugu-baltymu-izoliatas\/#primaryimage"},"image":{"@id":"https:\/\/www.healthychoice.lt\/produktai\/isrugu-baltymu-izoliatas\/#primaryimage"},"thumbnailUrl":"https:\/\/www.healthychoice.lt\/wp-content\/uploads\/2022\/01\/Isrugu-baltymu-izoliatas-1kg-min.jpg","datePublished":"2025-04-17T05:10:50+00:00","dateModified":"2026-04-03T15:06:47+00:00","breadcrumb":{"@id":"https:\/\/www.healthychoice.lt\/produktai\/isrugu-baltymu-izoliatas\/#breadcrumb"},"inLanguage":"es","potentialAction":[{"@type":"ReadAction","target":["https:\/\/www.healthychoice.lt\/produktai\/isrugu-baltymu-izoliatas\/"]}]},{"@type":"ImageObject","inLanguage":"es","@id":"https:\/\/www.healthychoice.lt\/produktai\/isrugu-baltymu-izoliatas\/#primaryimage","url":"https:\/\/www.healthychoice.lt\/wp-content\/uploads\/2022\/01\/Isrugu-baltymu-izoliatas-1kg-min.jpg","contentUrl":"https:\/\/www.healthychoice.lt\/wp-content\/uploads\/2022\/01\/Isrugu-baltymu-izoliatas-1kg-min.jpg","width":1024,"height":1024},{"@type":"BreadcrumbList","@id":"https:\/\/www.healthychoice.lt\/produktai\/isrugu-baltymu-izoliatas\/#breadcrumb","itemListElement":[{"@type":"ListItem","position":1,"name":"Home","item":"https:\/\/www.healthychoice.lt\/"},{"@type":"ListItem","position":2,"name":"Produktai","item":"https:\/\/www.healthychoice.lt\/es\/produktai\/"},{"@type":"ListItem","position":3,"name":"100% i\u0161r\u016bg\u0173 baltym\u0173 izoliatas, 1kg"}]},{"@type":"WebSite","@id":"https:\/\/www.healthychoice.lt\/es\/#website","url":"https:\/\/www.healthychoice.lt\/es\/","name":"Healthy Choice","description":"Mityba, kuria gali pasitik\u0117ti!","alternateName":"Healthychoice","potentialAction":[{"@type":"SearchAction","target":{"@type":"EntryPoint","urlTemplate":"https:\/\/www.healthychoice.lt\/es\/?s={search_term_string}"},"query-input":{"@type":"PropertyValueSpecification","valueRequired":true,"valueName":"search_term_string"}}],"inLanguage":"es"}]}},"_links":{"self":[{"href":"https:\/\/www.healthychoice.lt\/es\/wp-json\/wp\/v2\/product\/152","targetHints":{"allow":["GET"]}}],"collection":[{"href":"https:\/\/www.healthychoice.lt\/es\/wp-json\/wp\/v2\/product"}],"about":[{"href":"https:\/\/www.healthychoice.lt\/es\/wp-json\/wp\/v2\/types\/product"}],"wp:featuredmedia":[{"embeddable":true,"href":"https:\/\/www.healthychoice.lt\/es\/wp-json\/wp\/v2\/media\/6070"}],"wp:attachment":[{"href":"https:\/\/www.healthychoice.lt\/es\/wp-json\/wp\/v2\/media?parent=152"}],"wp:term":[{"taxonomy":"product_brand","embeddable":true,"href":"https:\/\/www.healthychoice.lt\/es\/wp-json\/wp\/v2\/product_brand?post=152"},{"taxonomy":"product_cat","embeddable":true,"href":"https:\/\/www.healthychoice.lt\/es\/wp-json\/wp\/v2\/product_cat?post=152"},{"taxonomy":"product_tag","embeddable":true,"href":"https:\/\/www.healthychoice.lt\/es\/wp-json\/wp\/v2\/product_tag?post=152"}],"curies":[{"name":"wp","href":"https:\/\/api.w.org\/{rel}","templated":true}]}}