{"id":397,"date":"2020-06-30T06:05:43","date_gmt":"2020-06-30T03:05:43","guid":{"rendered":"https:\/\/www.healthychoice.lt\/?page_id=397"},"modified":"2024-10-29T17:01:36","modified_gmt":"2024-10-29T15:01:36","slug":"taisykles","status":"publish","type":"page","link":"https:\/\/www.healthychoice.lt\/es\/taisykles\/","title":{"rendered":"Reglas"},"content":{"rendered":"<p>1. Bendrosios s\u0105lygos<\/p>\n\n\n\n<p>2. \u0160alys ir j\u0173 kontaktiniai duomenys<\/p>\n\n\n\n<p>3. U\u017esakymo ir apmok\u0117jimo tvarka<\/p>\n\n\n\n<p>4. Klient\u0173 aptarnavimas<\/p>\n\n\n\n<p>5. Asmens duomen\u0173 apsauga ir j\u0173 saugumas<\/p>\n\n\n\n<p>6. Apribojimai ir draudimai<\/p>\n\n\n\n<p>7. Informacijos prieinamumas<\/p>\n\n\n\n<p>8. Baigiamosios nuostatos<\/p>\n\n\n\n<h3 class=\"wp-block-heading\">1. BENDROSIOS S\u0104LYGOS<\/h3>\n\n\n\n<p>1.1. \u0160is dokumentas reglamentuoja Pardav\u0117jo ir Pirk\u0117jo (kliento) abipuses teises, pareigas ir atsakomyb\u0119, taikom\u0105 perkant prekes internetu&nbsp;<a rel=\"noreferrer noopener\" href=\"https:\/\/www.healthychoice.lt\/es\/\" target=\"_blank\">www.healthychoice.lt<\/a>.<\/p>\n\n\n\n<p>1.2. Tais atvejais, kai naudojamasi \u0161ia interneto svetaine, \u012fskaitant prisijungim\u0105 prie jos ir joje nurodyt\u0173 preki\u0173 pirkim\u0105, taikomos toliau nurodytos nuostatos ir s\u0105lygos. \u0160ios nuostatos ir s\u0105lygos, kurios i\u0161d\u0117stomos toliau, gali b\u016bti bet kuriuo metu pakeistos, apie tai nepateikiant jokio papildomo prane\u0161imo.<\/p>\n\n\n\n<h3 class=\"wp-block-heading\">2. \u0160ALYS IR J\u0172 KONTAKTINIAI DUOMENYS<\/h3>\n\n\n\n<p>2.1. Pardav\u0117jas: Sveika Energija UAB, Sm\u0117lyn\u0117s Sod\u0173 g. 15, Vilnius, LT-10106, \u012fmon\u0117s kodas: 302891221, PVM mok\u0117tojo kodas: LT100008985417, el.pa\u0161tas:&nbsp;<a rel=\"noreferrer noopener\" href=\"mailto:info@healthychoice.lt\" target=\"_blank\">info@healthychoice.lt<\/a>.<\/p>\n\n\n\n<p>2.2. Pirk\u0117jas (klientas) \u2013 tai asmuo, kuris interneto svetain\u0117je lankosi kaip potencialus ar nebe pirm\u0105 kart\u0105 apsilankantis bei perkantis klientas.<\/p>\n\n\n\n<p>2.3. Toliau tekste \u017eodis \u201emes\u201c, \u012fskaitant ir jo formas kitais linksniais, rei\u0161kia Pardav\u0117j\u0105, kuris yra preki\u0173 ir paslaug\u0173 savininkas, o \u017eodis \u201ej\u016bs\u201c, \u012fskaitant jo formas kitais linksniais, rei\u0161kia asmen\u012f, kuris \u0161ioje interneto svetain\u0117je lankosi kaip potencialus ar nebe pirm\u0105 kart\u0105 apsilankantis klientas.<\/p>\n\n\n\n<h3 class=\"wp-block-heading\">3. U\u017dSAKYMO IR APMOK\u0116JIMO TVARKA<\/h3>\n\n\n\n<p>3.1. Pirkdamas prekes, Pirk\u0117jas jas paima virtualiai ir \u012fdeda \u012f virtual\u0173 krep\u0161el\u012f.<\/p>\n\n\n\n<p>3.2. Pirk\u0117jas pateikia duomenis, kuri\u0173 b\u016btinai reikia tam, kad b\u016bt\u0173 galima \u012fvykdyti u\u017esakym\u0105, t. y. vard\u0105, pavard\u0119, telefono numer\u012f, pristatymo adres\u0105 ir pan.<\/p>\n\n\n\n<p>3.3. Momentas, kai Pirk\u0117jas \u012fvykdo mok\u0117jim\u0105, laikomas sutarties sudarymo momentu.<\/p>\n\n\n\n<p>3.4. Kai Pirk\u0117jas el. pa\u0161tu gauna u\u017esakymo patvirtinim\u0105, laikoma, kad Pardav\u0117jas u\u017esakym\u0105 pri\u0117m\u0117.<\/p>\n\n\n\n<p>3.5. Jei Pirk\u0117jas nesumok\u0117jo mok\u0117tin\u0173 sum\u0173, laikoma, kad u\u017esakymas yra at\u0161auktas.<\/p>\n\n\n\n<p>3.6. U\u017e preki\u0173 gr\u0105\u017einim\u0105 sumoka Pirk\u0117jas. Preki\u0173 gr\u0105\u017einimo atveju visus banko mokes\u010dius, susijusius su pinig\u0173 gr\u0105\u017einimu \u012f Pirk\u0117jo s\u0105skait\u0105, sumoka Pirk\u0117jas.<\/p>\n\n\n\n<p>3.7. Jei Pirk\u0117jas pateik\u0117 neteising\u0105 informacij\u0105 arba netiksl\u0173 adres\u0105, jis \u012fsipareigoja atlyginti Pardav\u0117jui visas su pristatymu susijusias i\u0161laidas.<\/p>\n\n\n\n<h3 class=\"wp-block-heading\">4. KLIENT\u0172 APTARNAVIMAS<\/h3>\n\n\n\n<p>4.1. Jei jums i\u0161kilo koki\u0173 nors klausim\u0173 arba turite koki\u0173 nors su savo pirkiniu susijusi\u0173 pastab\u0173 ar nusiskundim\u0173, kreipkit\u0117s \u012f mus el.pa\u0161tu:&nbsp;<a rel=\"noreferrer noopener\" href=\"mailto:info@healthychoice.lt\" target=\"_blank\">info@healthychoice.lt<\/a>.<\/p>\n\n\n\n<p>4.2. \u012e pateiktus klausimus siekiame atsakyti kaip galima grei\u010diau.<\/p>\n\n\n\n<h3 class=\"wp-block-heading\">5. ASMENS DUOMEN\u0172 APSAUGA IR J\u0172 SAUGUMAS<\/h3>\n\n\n\n<p>5.1. J\u016bs\u0173 vardo ir pavard\u0117s, telefono numerio, preki\u0173 pristatymo adreso, el. pa\u0161to adreso ir duomen\u0173 apie mok\u0117jimo b\u016bd\u0105 pra\u0161ome tam, kad gal\u0117tume \u012fvykdyti j\u016bs\u0173 u\u017esakym\u0105.<\/p>\n\n\n\n<p>5.2. Gali b\u016bti, kad siekdami toliau pl\u0117toti ir tobulinti \u0161i\u0105 interneto svetain\u0119, rengsime apklausas ir kitokiais b\u016bdais pra\u0161ysime pateikti informacij\u0105 apie tai, kaip yra naudojamasi m\u016bs\u0173 interneto svetaine.<\/p>\n\n\n\n<p>5.3. J\u016bs\u0173 pateikti duomenys ir mums, ir j\u0105 apdorojantiems subjektams leis \u012fvykdyti j\u016bs\u0173 u\u017esakym\u0105 bei suteikti m\u016bs\u0173 paslaugas.<\/p>\n\n\n\n<p>5.4. Taip pat gali b\u016bti, kad jums si\u0173sime informacij\u0105 apie m\u016bs\u0173 produktus, paslaugas ir i\u0161samius duomenis apie akcijas bei ypatingus pasi\u016blymus.<\/p>\n\n\n\n<p>5.5. Jei j\u016bs nepageidaujate, kad rinkodaros tikslu b\u016bt\u0173 kreipiamasi \u012f jus, atitinkamai apie tai prane\u0161kite mums el.pa\u0161tu:&nbsp;<a rel=\"noreferrer noopener\" href=\"mailto:info@healthychoice.lt\" target=\"_blank\">info@healthychoice.lt<\/a>.<\/p>\n\n\n\n<p>5.6. Naudodamiesi \u0161ia interneto svetaine, j\u016bs sutinkate, kad:<\/p>\n\n\n\n<p>5.6.1. siekiant aptarti j\u016bs\u0173 u\u017esakym\u0105 arba atsakyti \u012f j\u016bs\u0173 pateikt\u0105 klausim\u0105, \u012f jus b\u016bt\u0173 kreiptasi el. pa\u0161tu arba telefonu;<\/p>\n\n\n\n<p>5.6.2. b\u016btina informacija b\u016bt\u0173 perduota siunt\u0173 gabenimo tarnybai tam atvejui, jei jai reik\u0117t\u0173 su jumis susisiekti d\u0117l j\u016bs\u0173 u\u017esakymo pristatymo.<\/p>\n\n\n\n<p>5.7. Nusprend\u0119 pirkti m\u016bs\u0173 interneto svetain\u0117je, j\u016bs pripa\u017e\u012fstate, kad pritariate \u0161ioms Pirkimo taisykl\u0117ms, ir sutinkate, kad min\u0117ta informacija b\u016bt\u0173 pateikta siunt\u0173 gabenimo tarnybai, kuri t\u0105 informacij\u0105 gali saugoti apskaitos tikslu.<\/p>\n\n\n\n<p>5.8. Sugebame labai r\u016bpestingai tvarkyti j\u016bs\u0173 duomenis ir u\u017etikrinti, jog bet kokia j\u016bs\u0173 pateikta informacija bus tvarkoma laikantis tinkamo diskreti\u0161kumo ir pagal Lietuvos Respublikos Asmens duomen\u0173 teisin\u0117s apsaugos \u012fstatym\u0105. Tod\u0117l j\u016bs\u0173 asmens duomen\u0173 mes nei parduosime tre\u010diosioms \u0161alims, nei juos panaudosime tokiais tikslais, kurie b\u016bt\u0173 nesusij\u0119 su \u012fmon\u0117s ir kliento santykiais.<\/p>\n\n\n\n<p>5.9. Informacija, kuri\u0105 j\u016bs pateik\u0117te mums, bus naudojama tokiais tikslais:<\/p>\n\n\n\n<p>5.9.1. j\u016bs\u0173 u\u017esakymui i\u0161si\u0173sti;<\/p>\n\n\n\n<p>5.9.2. pateikti siunt\u0173 gabenimo tarnybai duomenis apie pristatymo viet\u0105 ir j\u016bs\u0173 duomenis susisiekti tam, kad reikalui esant, ji gal\u0117t\u0173 \u012f jus kreiptis ir pasitikslinti, kad b\u016btent j\u016bs pateik\u0117te u\u017esakym\u0105; taip pat tam, kad gal\u0117t\u0173 patvirtinti gavim\u0105 arba i\u0161spr\u0119sti kokias nors i\u0161kilusias problemas;<\/p>\n\n\n\n<p>5.9.3. susira\u0161in\u0117ti el. pa\u0161tu ateityje d\u0117l galim\u0173 pasi\u016blym\u0173, kurie jums gal\u0117t\u0173 b\u016bti naudingi (tuo atveju, jei b\u016bt\u0173 gautas j\u016bs\u0173 i\u0161ankstinis sutikimas).<\/p>\n\n\n\n<p>5.10. Bet kokie j\u016bs\u0173 pateiktos informacijos elementai yra naudojami tik siekiant patvirtinti j\u016bs\u0173 tapatyb\u0119 ir operatyviai pristatyti u\u017esakym\u0105. Visi j\u016bs\u0173 pateikti duomenys yra tvarkomi tvirtai ir r\u016bpestingai laikantis Lietuvos Respublikos Asmens duomen\u0173 teisin\u0117s apsaugos \u012fstatymo. Toks tvarkymas n\u0117ra j\u016bs\u0173 kreditingumo nagrin\u0117jimas ir jis nepaveiks nei j\u016bs\u0173 kreditingumo rizikos balo, nei paties kreditingumo.<\/p>\n\n\n\n<p>5.11. Viena m\u016bs\u0173 politikos nuostat\u0173 \u2013 u\u017etikrinti j\u016bs\u0173 asmens saugum\u0105 tada, kai j\u016bs naudojat\u0117s m\u016bs\u0173 paslaugomis. Tod\u0117l dedame visas galimas pastangas u\u017etikrinti, kad m\u016bs\u0173 operacijos b\u016bt\u0173 apdorojamos saugiai ir kad j\u016bs\u0173 pateikti asmens duomenys b\u016bt\u0173 laikomi saugiai. Visa apdorojama informacija yra u\u017e\u0161ifruojama ir perduodama per saugius interneto ry\u0161io kanalus.<\/p>\n\n\n\n<p>5.12. Siekdami, kad j\u016bs \u017einotum\u0117te, prane\u0161ame, jog tam, kad gal\u0117tume u\u017e\u0161ifruoti j\u016bs\u0173 mums siun\u010diamus asmens duomenis ir kit\u0105 \u012fslaptint\u0105 informacij\u0105, mes naudojame standartin\u012f \u0161ifravimo perduodant duomenis internetu kriptografin\u012f protokol\u0105 SSL (angl. secure sockets layer). Be to, mes dedame visas pastangas, kad atsiradus naujov\u0117ms, technologija b\u016bt\u0173 atitinkamai atnaujinta ir taip u\u017etikrintume galim\u0105 auk\u0161\u010diausi\u0105 j\u016bs\u0173 asmens duomen\u0173 saugumo lyg\u012f.<\/p>\n\n\n\n<p>5.13. Nors ir dedame visas, kokias tik galime, pastangas u\u017etikrinti j\u016bs\u0173 siun\u010diamos informacijos apsaug\u0105 ir saugum\u0105, kartu rekomenduojame, kad ir j\u016bs naudotum\u0117t\u0117s priva\u010diu prieigos prie interneto kanalu. Jei naudojat\u0117s vie\u0161uoju kompiuteriu arba jungiat\u0117s per bendr\u0105 vie\u0161\u0105j\u012f tinkl\u0105, visada \u012fsitikinkite, kad pasibaigus prisijungimo seansui, tikrai i\u0161siregistravote, o u\u017ebaig\u0119 u\u017esakym\u0105 arba seans\u0105, prie\u0161 nueidami nuo kompiuterio u\u017edarykite visus nar\u0161ykl\u0117s langus. \u0160ios priemon\u0117s u\u017etikrins, kad j\u016bs\u0173 asmens duomen\u0173 nebus galima paimti i\u0161 to kompiuterio, kuriuo j\u016bs naudojot\u0117s.<\/p>\n\n\n\n<p>5.14. Be to, labai svarbu, kad niekam neatskleistum\u0117te savo slapta\u017eod\u017ei\u0173. Atminkite, kad bet koks asmuo, kuris \u017eino j\u016bs\u0173 slapta\u017eod\u012f arba gali j\u012f pamatyti, gal\u0117s bet kada prisijungti prie j\u016bs\u0173 paskyros taip, tarytum b\u016bt\u0173 pagrindinis naudotojas. Tod\u0117l tikslinga kiekvienai interneto paskyrai sukurti kitok\u012f slapta\u017eod\u012f.<\/p>\n\n\n\n<p>5.15. Tais atvejais, kai j\u016bs\u0173 reikalauja sukurti ar pasirinkti slapta\u017eod\u012f, geriausia naudoti raid\u017ei\u0173 ir skai\u010di\u0173 derin\u012f. Taip pat rekomenduojame nenaudoti \u012fprast\u0173 \u017eodyno \u017eod\u017ei\u0173 arba lengvai atsp\u0117jam\u0173 s\u0105vok\u0173, pavyzd\u017eiui, savo vardo, adreso, gimimo datos ar kit\u0173 asmens duomen\u0173, kuriuos b\u016bt\u0173 galima nesunkiai nustatyti. Galiausiai, siekiant u\u017etikrinti nuolatin\u012f saugum\u0105, tikslinga reguliariai keisti savo slapta\u017eod\u012f.<\/p>\n\n\n\n<h3 class=\"wp-block-heading\">6. APRIBOJIMAI IR DRAUDIMAI<\/h3>\n\n\n\n<p>6.1. Jokiomis aplinkyb\u0117mis negalima piktnaud\u017eiauti \u0161ia interneto svetaine. Naudodamiesi \u0161ia interneto svetaine, j\u016bs sutinkate:<\/p>\n\n\n\n<p>6.1.1. kad nei versite, nei kurstysite padaryti nusikaltim\u0105;<\/p>\n\n\n\n<p>6.1.2. kad nei pateiksite, nei platinsite \u017ealing\u0105 ar kenk\u0117ji\u0161k\u0105 turin\u012f, pavyzd\u017eiui, virusus;<\/p>\n\n\n\n<p>6.1.3. kad jokiais veiksmais, \u012fskaitant \u012fsibrovimus \u012f duomen\u0173 baz\u0119, duomen\u0173 i\u0161kraipym\u0105, trukdym\u0105 kitiems naudotojams naudotis \u0161ia interneto svetaine, kit\u0173 naudotoj\u0173 privatumo ar teisi\u0173 negerbim\u0105, nepra\u0161ytos reklamin\u0117s ar rinkodaros med\u017eiagos siuntim\u0105 ir bandymus pakeisti bet koki\u0173 tinklo ar prie \u0161ios interneto svetain\u0117s prisijungusi\u0173 kompiuteri\u0173 paslaug\u0173 programas, neardysite \u0161ios svetain\u0117s vientisumo;<\/p>\n\n\n\n<p>6.1.4. kad nesant i\u0161ankstinio \u0161ios interneto svetain\u0117s savininko leidimo ra\u0161tu, nekopijuosite, i\u0161 naujo nepaskelbsite ir nenaudosite jokio \u0161ios interneto svetain\u0117s turinio, vaizd\u0173 bei nuotrauk\u0173 ir kad laikysit\u0117s vis\u0173 autori\u0173 teisi\u0173 apsaugos \u012fstatym\u0173.<\/p>\n\n\n\n<p>6.2. Be to, mes negalime atsakyti u\u017e bet kokius nuostolius ar \u017eal\u0105, atsiradusi\u0105 d\u0117l virus\u0173 ar kit\u0173 technologini\u0173 darini\u0173, kurie j\u016bs\u0173 kompiuteriui, \u012fskaitant specifines programas, duomenis ar kit\u0105 jame esan\u010di\u0105 med\u017eiag\u0105, tikrai yra \u017ealingi, puolimo tuo metu, kai savanori\u0161kai siun\u010diat\u0117s med\u017eiag\u0105 i\u0161 \u0161ios arba su ja susietos kitos interneto svetain\u0117s.<\/p>\n\n\n\n<p>6.3. Mes pasiliekame visas teises bet kada paversti neveiksnia bet koki\u0105 vartotojo paskyr\u0105, jei \u012ftariame, kad gali b\u016bti \u012fvykdytas kenk\u0117ji\u0161kas puolimas, arba jei manome, kad naudotojas pa\u017eeid\u0117 \u0161ias Pirkimo taisykles, \u012fskaitant tiesiogin\u012f j\u0173 pa\u017eeidim\u0105 ir netinkam\u0105 naudojim\u0105.<\/p>\n\n\n\n<h3 class=\"wp-block-heading\">7. INFORMACIJOS PRIEINAMUMAS<\/h3>\n\n\n\n<p>7.1. Viena m\u016bs\u0173 politikos nuostat\u0173 \u2013 visada pagal galimybes \u0161ioje interneto svetain\u0117je informacij\u0105 pateikti taip, kad ji b\u016bt\u0173 pasiekiama. Nors ir dedame visas pastangas u\u017etikrinti, kad b\u016bt\u0173 laikomasi \u0161io \u012fsipareigojimo, ta\u010diau negalime garantuoti, kad j\u012f visada \u012fvykdysime. Tod\u0117l pra\u0161ome, kad tuo atveju, jei atsidar\u0119 \u0161i\u0105 interneto svetain\u0119, matote, jog pateikiamas vaizdas neatitinka j\u016bs\u0173 poreiki\u0173, arba jei j\u016bs matote puslapius ar nuorodas, kurios jus nuveda ne ten, kur tik\u0117jot\u0117s, mums prane\u0161tum\u0117te apie tokius nepatogumus ir mes gal\u0117tume atlikti reikiamus pataisymus. Be abejo, rekomenduojame atnaujinti savo nar\u0161ykl\u0119 taip, kad j\u016bs\u0173 kompiuteryje b\u016bt\u0173 \u012fdiegta naujausia jos versija. Taip pat u\u017esitikrinkite, kad j\u016bs\u0173 nar\u0161ykl\u0117je b\u016bt\u0173 \u012fjungtas JavaScript palaikymas.<\/p>\n\n\n\n<h3 class=\"wp-block-heading\">8. PREKI\u0172 GR\u0104\u017dINIMAS<\/h3>\n\n\n\n<p>2.1 Los productos adquiridos en www.healthychoice.lt pueden devolverse en un plazo de 15 d\u00edas a partir de la fecha de compra.<br>2.2 S\u00f3lo se aceptar\u00e1n devoluciones si el embalaje est\u00e1 intacto y la mercanc\u00eda no ha sido desembalada.<br>2.3 En caso de devoluci\u00f3n, los productos deber\u00e1n devolverse en su embalaje original.<br>2.4 La solicitud de devoluci\u00f3n del Comprador deber\u00e1 realizarse por escrito, acompa\u00f1ada de la prueba de compra en la tienda electr\u00f3nica.<br>2.5 El importe de los Productos devueltos podr\u00e1 ser reembolsado al Comprador en un plazo de 5 d\u00edas a partir de la fecha de devoluci\u00f3n de los Productos al Vendedor y de la confirmaci\u00f3n por parte del Vendedor de que los Productos han sido aceptados por el Vendedor como devueltos. Los gastos de env\u00edo no son reembolsables.<br>2.6 Si desea devolver los productos para obtener un reembolso, le sugerimos que lo haga utilizando un servicio de paqueter\u00eda seguro y asegurado (por ejemplo, Venipak, UPS, DHL, DPD, etc.). No aceptamos ninguna responsabilidad por las mercanc\u00edas devueltas no recibidas. Los gastos de devoluci\u00f3n correr\u00e1n a cargo del Comprador.<br>2.7 La solicitud de autorizaci\u00f3n de devoluci\u00f3n se aceptar\u00e1 en un plazo de 48 horas a partir de la recepci\u00f3n de la solicitud.<br>2.8. Pirk\u0117jas (fizinis asmuo)turi teis\u0119 nenurodydamas prie\u017easties atsisakyti internetu sudarytos sutarties per 14 dien\u0173, i\u0161skyrus \u0161io straipsnio 2 d. numatytas i\u0161imtis. Sumok\u0117ti pinigai, \u012fskaitant pirk\u0117jo apmok\u0117tas prek\u0117s pristatymo i\u0161laidas, pirk\u0117jui gr\u0105\u017einami per 14 dien\u0173 nuo pirk\u0117jo prane\u0161imo apie sutarties atsisakym\u0105 dienos, ta\u010diau Pardav\u0117jas gali negr\u0105\u017einti pinig\u0173, kol negaus prek\u0117s arba jam bus pateiktas \u012frodymas, kad prek\u0117 i\u0161si\u0173sta.<br>2.9. Vartojimo gin\u010dus neteismine tvarka sprend\u017eia Valstybin\u0117 vartotoj\u0173 teisi\u0173 apsaugos tarnyba, buvein\u0117s<br>adresas Go\u0161tauto g. 12, Vilnius, www.vvtat.lt.<br>2.10. Pra\u0161ymus ar skundus d\u0117l galim\u0173 vartotoj\u0173 teisi\u0173 pa\u017eeidim\u0173 vartotojas gali pateikti vartotoj\u0173 gin\u010d\u0173 sprendimo platformoje http:\/\/ec.europa.eu\/odr\/.<\/p>\n\n\n\n<h3 class=\"wp-block-heading\">9. BAIGIAMOSIOS NUOSTATOS<\/h3>\n\n\n\n<p>9.1. Visi gin\u010dai, nesutarimai ar reikalavimai, kylantys d\u0117l Pardav\u0117jo ir Pirk\u0117jo bendradarbiavimo arba su juo susij\u0119, kuri\u0173 negalima i\u0161spr\u0119sti Pardav\u0117jo ir Pirk\u0117jo derybomis per 15 darbo dien\u0173 nuo reikalavimo pateikimo dienos, sprend\u017eiami Lietuvos Respublikos \u012fstatymuose nustatyta tvarka.<\/p>","protected":false},"excerpt":{"rendered":"<p>1. Bendrosios s\u0105lygos 2. \u0160alys ir j\u0173 kontaktiniai duomenys 3. U\u017esakymo ir apmok\u0117jimo tvarka 4. Klient\u0173 aptarnavimas 5. Asmens duomen\u0173 apsauga ir j\u0173 saugumas 6. Apribojimai ir draudimai 7. Informacijos prieinamumas 8. Baigiamosios nuostatos 1. BENDROSIOS S\u0104LYGOS 1.1. \u0160is dokumentas reglamentuoja Pardav\u0117jo ir Pirk\u0117jo (kliento) abipuses teises, pareigas ir atsakomyb\u0119, taikom\u0105 perkant prekes internetu&nbsp;www.healthychoice.lt. 1.2&#8230;.<\/p>","protected":false},"author":1,"featured_media":0,"parent":0,"menu_order":0,"comment_status":"closed","ping_status":"closed","template":"page-blank-title-center.php","meta":{"footnotes":""},"class_list":["post-397","page","type-page","status-publish","hentry"],"yoast_head":"<!-- This site is optimized with the Yoast SEO plugin v27.4 - https:\/\/yoast.com\/product\/yoast-seo-wordpress\/ -->\n<title>Taisykl\u0117s | Healthy Choice<\/title>\n<meta name=\"robots\" content=\"index, follow, max-snippet:-1, max-image-preview:large, max-video-preview:-1\" \/>\n<link rel=\"canonical\" href=\"https:\/\/www.healthychoice.lt\/es\/taisykles\/\" \/>\n<meta property=\"og:locale\" content=\"es_ES\" \/>\n<meta property=\"og:type\" content=\"article\" \/>\n<meta property=\"og:title\" content=\"Taisykl\u0117s | Healthy Choice\" \/>\n<meta property=\"og:description\" content=\"1. Bendrosios s\u0105lygos 2. \u0160alys ir j\u0173 kontaktiniai duomenys 3. U\u017esakymo ir apmok\u0117jimo tvarka 4. Klient\u0173 aptarnavimas 5. Asmens duomen\u0173 apsauga ir j\u0173 saugumas 6. Apribojimai ir draudimai 7. Informacijos prieinamumas 8. Baigiamosios nuostatos 1. BENDROSIOS S\u0104LYGOS 1.1. \u0160is dokumentas reglamentuoja Pardav\u0117jo ir Pirk\u0117jo (kliento) abipuses teises, pareigas ir atsakomyb\u0119, taikom\u0105 perkant prekes internetu&nbsp;www.healthychoice.lt. 1.2....\" \/>\n<meta property=\"og:url\" content=\"https:\/\/www.healthychoice.lt\/es\/taisykles\/\" \/>\n<meta property=\"og:site_name\" content=\"Healthy Choice\" \/>\n<meta property=\"article:publisher\" content=\"https:\/\/www.facebook.com\/healthychoice.world\/\" \/>\n<meta property=\"article:modified_time\" content=\"2024-10-29T15:01:36+00:00\" \/>\n<meta name=\"twitter:card\" content=\"summary_large_image\" \/>\n<meta name=\"twitter:label1\" content=\"Tiempo de lectura\" \/>\n\t<meta name=\"twitter:data1\" content=\"9 minutos\" \/>\n<script type=\"application\/ld+json\" class=\"yoast-schema-graph\">{\"@context\":\"https:\\\/\\\/schema.org\",\"@graph\":[{\"@type\":\"WebPage\",\"@id\":\"https:\\\/\\\/www.healthychoice.lt\\\/pl\\\/taisykles\\\/\",\"url\":\"https:\\\/\\\/www.healthychoice.lt\\\/pl\\\/taisykles\\\/\",\"name\":\"Taisykl\u0117s | Healthy Choice\",\"isPartOf\":{\"@id\":\"https:\\\/\\\/www.healthychoice.lt\\\/es\\\/#website\"},\"datePublished\":\"2020-06-30T03:05:43+00:00\",\"dateModified\":\"2024-10-29T15:01:36+00:00\",\"breadcrumb\":{\"@id\":\"https:\\\/\\\/www.healthychoice.lt\\\/pl\\\/taisykles\\\/#breadcrumb\"},\"inLanguage\":\"es\",\"potentialAction\":[{\"@type\":\"ReadAction\",\"target\":[\"https:\\\/\\\/www.healthychoice.lt\\\/pl\\\/taisykles\\\/\"]}]},{\"@type\":\"BreadcrumbList\",\"@id\":\"https:\\\/\\\/www.healthychoice.lt\\\/pl\\\/taisykles\\\/#breadcrumb\",\"itemListElement\":[{\"@type\":\"ListItem\",\"position\":1,\"name\":\"Home\",\"item\":\"https:\\\/\\\/www.healthychoice.lt\\\/\"},{\"@type\":\"ListItem\",\"position\":2,\"name\":\"Taisykl\u0117s\"}]},{\"@type\":\"WebSite\",\"@id\":\"https:\\\/\\\/www.healthychoice.lt\\\/es\\\/#website\",\"url\":\"https:\\\/\\\/www.healthychoice.lt\\\/es\\\/\",\"name\":\"Healthy Choice\",\"description\":\"Mityba, kuria gali pasitik\u0117ti!\",\"alternateName\":\"Healthychoice\",\"potentialAction\":[{\"@type\":\"SearchAction\",\"target\":{\"@type\":\"EntryPoint\",\"urlTemplate\":\"https:\\\/\\\/www.healthychoice.lt\\\/es\\\/?s={search_term_string}\"},\"query-input\":{\"@type\":\"PropertyValueSpecification\",\"valueRequired\":true,\"valueName\":\"search_term_string\"}}],\"inLanguage\":\"es\"}]}<\/script>\n<!-- \/ Yoast SEO plugin. -->","yoast_head_json":{"title":"Taisykl\u0117s | Healthy Choice","robots":{"index":"index","follow":"follow","max-snippet":"max-snippet:-1","max-image-preview":"max-image-preview:large","max-video-preview":"max-video-preview:-1"},"canonical":"https:\/\/www.healthychoice.lt\/es\/taisykles\/","og_locale":"es_ES","og_type":"article","og_title":"Taisykl\u0117s | Healthy Choice","og_description":"1. Bendrosios s\u0105lygos 2. \u0160alys ir j\u0173 kontaktiniai duomenys 3. U\u017esakymo ir apmok\u0117jimo tvarka 4. Klient\u0173 aptarnavimas 5. Asmens duomen\u0173 apsauga ir j\u0173 saugumas 6. Apribojimai ir draudimai 7. Informacijos prieinamumas 8. Baigiamosios nuostatos 1. BENDROSIOS S\u0104LYGOS 1.1. \u0160is dokumentas reglamentuoja Pardav\u0117jo ir Pirk\u0117jo (kliento) abipuses teises, pareigas ir atsakomyb\u0119, taikom\u0105 perkant prekes internetu&nbsp;www.healthychoice.lt. 1.2....","og_url":"https:\/\/www.healthychoice.lt\/es\/taisykles\/","og_site_name":"Healthy Choice","article_publisher":"https:\/\/www.facebook.com\/healthychoice.world\/","article_modified_time":"2024-10-29T15:01:36+00:00","twitter_card":"summary_large_image","twitter_misc":{"Tiempo de lectura":"9 minutos"},"schema":{"@context":"https:\/\/schema.org","@graph":[{"@type":"WebPage","@id":"https:\/\/www.healthychoice.lt\/pl\/taisykles\/","url":"https:\/\/www.healthychoice.lt\/pl\/taisykles\/","name":"Taisykl\u0117s | Healthy Choice","isPartOf":{"@id":"https:\/\/www.healthychoice.lt\/es\/#website"},"datePublished":"2020-06-30T03:05:43+00:00","dateModified":"2024-10-29T15:01:36+00:00","breadcrumb":{"@id":"https:\/\/www.healthychoice.lt\/pl\/taisykles\/#breadcrumb"},"inLanguage":"es","potentialAction":[{"@type":"ReadAction","target":["https:\/\/www.healthychoice.lt\/pl\/taisykles\/"]}]},{"@type":"BreadcrumbList","@id":"https:\/\/www.healthychoice.lt\/pl\/taisykles\/#breadcrumb","itemListElement":[{"@type":"ListItem","position":1,"name":"Home","item":"https:\/\/www.healthychoice.lt\/"},{"@type":"ListItem","position":2,"name":"Taisykl\u0117s"}]},{"@type":"WebSite","@id":"https:\/\/www.healthychoice.lt\/es\/#website","url":"https:\/\/www.healthychoice.lt\/es\/","name":"Healthy Choice","description":"Mityba, kuria gali pasitik\u0117ti!","alternateName":"Healthychoice","potentialAction":[{"@type":"SearchAction","target":{"@type":"EntryPoint","urlTemplate":"https:\/\/www.healthychoice.lt\/es\/?s={search_term_string}"},"query-input":{"@type":"PropertyValueSpecification","valueRequired":true,"valueName":"search_term_string"}}],"inLanguage":"es"}]}},"_links":{"self":[{"href":"https:\/\/www.healthychoice.lt\/es\/wp-json\/wp\/v2\/pages\/397","targetHints":{"allow":["GET"]}}],"collection":[{"href":"https:\/\/www.healthychoice.lt\/es\/wp-json\/wp\/v2\/pages"}],"about":[{"href":"https:\/\/www.healthychoice.lt\/es\/wp-json\/wp\/v2\/types\/page"}],"author":[{"embeddable":true,"href":"https:\/\/www.healthychoice.lt\/es\/wp-json\/wp\/v2\/users\/1"}],"replies":[{"embeddable":true,"href":"https:\/\/www.healthychoice.lt\/es\/wp-json\/wp\/v2\/comments?post=397"}],"version-history":[{"count":1,"href":"https:\/\/www.healthychoice.lt\/es\/wp-json\/wp\/v2\/pages\/397\/revisions"}],"predecessor-version":[{"id":8690,"href":"https:\/\/www.healthychoice.lt\/es\/wp-json\/wp\/v2\/pages\/397\/revisions\/8690"}],"wp:attachment":[{"href":"https:\/\/www.healthychoice.lt\/es\/wp-json\/wp\/v2\/media?parent=397"}],"curies":[{"name":"wp","href":"https:\/\/api.w.org\/{rel}","templated":true}]}}