{"id":945,"date":"2025-04-17T08:00:17","date_gmt":"2025-04-17T05:00:17","guid":{"rendered":"https:\/\/www.healthychoice.lt\/?post_type=product&#038;p=945"},"modified":"2026-04-03T18:11:07","modified_gmt":"2026-04-03T15:11:07","slug":"100-isrugu-baltymu-koncentratas-2kg","status":"publish","type":"product","link":"https:\/\/www.healthychoice.lt\/en\/produktai\/100-isrugu-baltymu-koncentratas-2kg\/","title":{"rendered":"100% Whey protein concentrate, 2kg"},"content":{"rendered":"<h2 class=\"text-white\" style=\"text-align: center;\">About HEALTHY CHOICE Protein Concentrate<\/h2>\n<p>Readily soluble, 100 % whey protein concentrate <strong>\"HEALTHY CHOICE\"<\/strong> is a high quality, low temperature ultrafiltration protein with an unaltered protein structure and a preserved high protein biological value (BV).<\/p>\n<p>Lithuanian Whey Protein has undergone a very detailed analysis of its composition, packaging and market demand over a period of one and a half years before it could be produced, marketed and distributed. Pilots <strong>\"HEALTHY CHOICE\"<\/strong> products have been tested by Lithuania's most famous athletes and dieticians, and the benefits of natural protein have been recognised. After looking into the composition of existing foreign products and conducting extensive scientific research, it has been concluded that many protein products are unnatural with various flavours based on chemical compounds, dangerous sweeteners, colourings, etc.<\/p>\n<p>Importantly, we use only sunflower lecithin as an emulsifier to improve the solubility of our product. Many manufacturers prefer soya lecithin, but the main reason for this is because it is cheaper. However, soya is an allergen and many people are allergic to soya. In addition, the soya industry often uses genetically modified products and dangerous chemicals in the production of soya lecithin.<\/p>\n<p>Unlike soya, sunflowers are not genetically modified, they are grown naturally, and sunflower lecithin is produced by cold-pressing to separate the fractions, similar to olive oil, without the use of any chemicals.<\/p>\n<p>We regularly consult with professional athletes, coaches, and dieticians about <strong>\"HEALTHY CHOICE\"<\/strong> products and extract the most valuable qualities.<\/p>\n<h3 class=\"sub-header text-white mt-2\" style=\"text-align: center;\">\"HEALTHY CHOICE proteins and their importance to the human body<\/h3>\n<div class=\"row\"  id=\"row-1801029209\">\n\n\t<div id=\"col-84149923\" class=\"col medium-6 small-12 large-6\"  >\n\t\t\t\t<div class=\"col-inner\"  >\n\t\t\t\n\t\t\t\n<p>Protein is the building block of muscle, one of the main nutrients, just like carbohydrates and fats. Protein is the second most abundant and important component of the body after water. Protein is very widespread in living nature and is the basis of it. Like a puzzle picture is made up of individual pieces, protein is made up of small particles - amino acids. A total of 20 different amino acids form the basis of the protein macromolecule. Nine of the 20 amino acids are essential to obtain from food, as they cannot be produced by the body itself, and it is therefore necessary to consume an adequate amount of protein daily.\u00a0<strong>\"HEALTHY CHOICE\"<\/strong> The product is one of the best sources of branched chain amino acids (BCAA).<\/p>\n<p>The importance of protein to the human body cannot be overstated. Protein rebuilds, shapes, maintains and renews muscle mass. Protein contributes to muscle and strength growth in athletes. Protein is important for the maintenance of normal bone health. A daily intake of protein is essential for a healthy human body.<\/p>\n\t\t<\/div>\n\t\t\t\t\t<\/div>\n\n\t\n\n\t<div id=\"col-273812059\" class=\"col medium-6 small-12 large-6\"  >\n\t\t\t\t<div class=\"col-inner\"  >\n\t\t\t\n\t\t\t\n<p>In addition to muscle growth, the protein has other functions:<\/p>\n<ul>\n<li>Provides the body with protein, which is essential for muscle function;<\/li>\n<li>Strengthens and rebuilds muscles after strenuous exercise for people who exercise;<\/li>\n<li>Helps to reduce overweight, suppress appetite, for people trying to build lean muscle tissue.<\/li>\n<\/ul>\n<p>You will get all this and more when you start consuming the Lithuanian protein - THIRTEEN 100 % CORE PROTEIN CONCENTRATE <strong>\"HEALTHY CHOICE\"<\/strong> - buy now!<\/p>\n\t\t<\/div>\n\t\t\t\t\t<\/div>\n\n\t\n<\/div>","protected":false},"excerpt":{"rendered":"<p>100% Protein. Soluble, natural flavour, without colouring, sweeteners or added sugar.<\/p>","protected":false},"featured_media":8995,"template":"","meta":[],"product_brand":[],"product_cat":[52,98,46,31],"product_tag":[64,54,53,29,24,58],"class_list":{"0":"post-945","1":"product","2":"type-product","3":"status-publish","4":"has-post-thumbnail","6":"product_cat-akcijos","7":"product_cat-baltymai","8":"product_cat-dovanu-kuponai","9":"product_cat-top","10":"product_tag-kanapiu-baltymai-250g-dovanu","11":"product_tag-baltymai","12":"product_tag-exportui","13":"product_tag-kovo3","14":"product_tag-paprasti-produktai","15":"product_tag-perkant-2-baltymus-akcija","17":"first","18":"instock","19":"sale","20":"taxable","21":"shipping-taxable","22":"purchasable","23":"product-type-simple"},"yoast_head":"<!-- This site is optimized with the Yoast SEO plugin v27.4 - https:\/\/yoast.com\/product\/yoast-seo-wordpress\/ -->\n<title>100% i\u0161r\u016bg\u0173 baltym\u0173 koncentratas, 2kg | Healthy Choice<\/title>\n<meta name=\"robots\" content=\"index, follow, max-snippet:-1, max-image-preview:large, max-video-preview:-1\" \/>\n<link rel=\"canonical\" href=\"https:\/\/www.healthychoice.lt\/en\/produktai\/100-isrugu-baltymu-koncentratas-2kg\/\" \/>\n<meta property=\"og:locale\" content=\"en_US\" \/>\n<meta property=\"og:type\" content=\"article\" \/>\n<meta property=\"og:title\" content=\"100% i\u0161r\u016bg\u0173 baltym\u0173 koncentratas, 2kg | Healthy Choice\" \/>\n<meta property=\"og:description\" content=\"100% Baltym\u0173. Tirpus, nat\u016bralaus skonio, be da\u017eikli\u0173, saldikli\u0173 ar prid\u0117tinio cukraus.\" \/>\n<meta property=\"og:url\" content=\"https:\/\/www.healthychoice.lt\/en\/produktai\/100-isrugu-baltymu-koncentratas-2kg\/\" \/>\n<meta property=\"og:site_name\" content=\"Healthy Choice\" \/>\n<meta property=\"article:publisher\" content=\"https:\/\/www.facebook.com\/healthychoice.world\/\" \/>\n<meta property=\"article:modified_time\" content=\"2026-04-03T15:11:07+00:00\" \/>\n<meta property=\"og:image\" content=\"https:\/\/www.healthychoice.lt\/wp-content\/uploads\/2022\/01\/GOOD-WHEY.jpg\" \/>\n\t<meta property=\"og:image:width\" content=\"1024\" \/>\n\t<meta property=\"og:image:height\" content=\"1024\" \/>\n\t<meta property=\"og:image:type\" content=\"image\/jpeg\" \/>\n<meta name=\"twitter:card\" content=\"summary_large_image\" \/>\n<meta name=\"twitter:label1\" content=\"Est. reading time\" \/>\n\t<meta name=\"twitter:data1\" content=\"3 minutes\" \/>\n<script type=\"application\/ld+json\" class=\"yoast-schema-graph\">{\"@context\":\"https:\\\/\\\/schema.org\",\"@graph\":[{\"@type\":\"WebPage\",\"@id\":\"https:\\\/\\\/www.healthychoice.lt\\\/produktai\\\/100-isrugu-baltymu-koncentratas-2kg\\\/\",\"url\":\"https:\\\/\\\/www.healthychoice.lt\\\/produktai\\\/100-isrugu-baltymu-koncentratas-2kg\\\/\",\"name\":\"100% i\u0161r\u016bg\u0173 baltym\u0173 koncentratas, 2kg | Healthy Choice\",\"isPartOf\":{\"@id\":\"https:\\\/\\\/www.healthychoice.lt\\\/es\\\/#website\"},\"primaryImageOfPage\":{\"@id\":\"https:\\\/\\\/www.healthychoice.lt\\\/produktai\\\/100-isrugu-baltymu-koncentratas-2kg\\\/#primaryimage\"},\"image\":{\"@id\":\"https:\\\/\\\/www.healthychoice.lt\\\/produktai\\\/100-isrugu-baltymu-koncentratas-2kg\\\/#primaryimage\"},\"thumbnailUrl\":\"https:\\\/\\\/www.healthychoice.lt\\\/wp-content\\\/uploads\\\/2022\\\/01\\\/GOOD-WHEY.jpg\",\"datePublished\":\"2025-04-17T05:00:17+00:00\",\"dateModified\":\"2026-04-03T15:11:07+00:00\",\"breadcrumb\":{\"@id\":\"https:\\\/\\\/www.healthychoice.lt\\\/produktai\\\/100-isrugu-baltymu-koncentratas-2kg\\\/#breadcrumb\"},\"inLanguage\":\"en-US\",\"potentialAction\":[{\"@type\":\"ReadAction\",\"target\":[\"https:\\\/\\\/www.healthychoice.lt\\\/produktai\\\/100-isrugu-baltymu-koncentratas-2kg\\\/\"]}]},{\"@type\":\"ImageObject\",\"inLanguage\":\"en-US\",\"@id\":\"https:\\\/\\\/www.healthychoice.lt\\\/produktai\\\/100-isrugu-baltymu-koncentratas-2kg\\\/#primaryimage\",\"url\":\"https:\\\/\\\/www.healthychoice.lt\\\/wp-content\\\/uploads\\\/2022\\\/01\\\/GOOD-WHEY.jpg\",\"contentUrl\":\"https:\\\/\\\/www.healthychoice.lt\\\/wp-content\\\/uploads\\\/2022\\\/01\\\/GOOD-WHEY.jpg\",\"width\":1024,\"height\":1024},{\"@type\":\"BreadcrumbList\",\"@id\":\"https:\\\/\\\/www.healthychoice.lt\\\/produktai\\\/100-isrugu-baltymu-koncentratas-2kg\\\/#breadcrumb\",\"itemListElement\":[{\"@type\":\"ListItem\",\"position\":1,\"name\":\"Home\",\"item\":\"https:\\\/\\\/www.healthychoice.lt\\\/\"},{\"@type\":\"ListItem\",\"position\":2,\"name\":\"Produktai\",\"item\":\"https:\\\/\\\/www.healthychoice.lt\\\/es\\\/produktai\\\/\"},{\"@type\":\"ListItem\",\"position\":3,\"name\":\"100% i\u0161r\u016bg\u0173 baltym\u0173 koncentratas, 2kg\"}]},{\"@type\":\"WebSite\",\"@id\":\"https:\\\/\\\/www.healthychoice.lt\\\/es\\\/#website\",\"url\":\"https:\\\/\\\/www.healthychoice.lt\\\/es\\\/\",\"name\":\"Healthy Choice\",\"description\":\"Mityba, kuria gali pasitik\u0117ti!\",\"alternateName\":\"Healthychoice\",\"potentialAction\":[{\"@type\":\"SearchAction\",\"target\":{\"@type\":\"EntryPoint\",\"urlTemplate\":\"https:\\\/\\\/www.healthychoice.lt\\\/es\\\/?s={search_term_string}\"},\"query-input\":{\"@type\":\"PropertyValueSpecification\",\"valueRequired\":true,\"valueName\":\"search_term_string\"}}],\"inLanguage\":\"en-US\"}]}<\/script>\n<!-- \/ Yoast SEO plugin. -->","yoast_head_json":{"title":"100% i\u0161r\u016bg\u0173 baltym\u0173 koncentratas, 2kg | Healthy Choice","robots":{"index":"index","follow":"follow","max-snippet":"max-snippet:-1","max-image-preview":"max-image-preview:large","max-video-preview":"max-video-preview:-1"},"canonical":"https:\/\/www.healthychoice.lt\/en\/produktai\/100-isrugu-baltymu-koncentratas-2kg\/","og_locale":"en_US","og_type":"article","og_title":"100% i\u0161r\u016bg\u0173 baltym\u0173 koncentratas, 2kg | Healthy Choice","og_description":"100% Baltym\u0173. Tirpus, nat\u016bralaus skonio, be da\u017eikli\u0173, saldikli\u0173 ar prid\u0117tinio cukraus.","og_url":"https:\/\/www.healthychoice.lt\/en\/produktai\/100-isrugu-baltymu-koncentratas-2kg\/","og_site_name":"Healthy Choice","article_publisher":"https:\/\/www.facebook.com\/healthychoice.world\/","article_modified_time":"2026-04-03T15:11:07+00:00","og_image":[{"width":1024,"height":1024,"url":"https:\/\/www.healthychoice.lt\/wp-content\/uploads\/2022\/01\/GOOD-WHEY.jpg","type":"image\/jpeg"}],"twitter_card":"summary_large_image","twitter_misc":{"Est. reading time":"3 minutes"},"schema":{"@context":"https:\/\/schema.org","@graph":[{"@type":"WebPage","@id":"https:\/\/www.healthychoice.lt\/produktai\/100-isrugu-baltymu-koncentratas-2kg\/","url":"https:\/\/www.healthychoice.lt\/produktai\/100-isrugu-baltymu-koncentratas-2kg\/","name":"100% i\u0161r\u016bg\u0173 baltym\u0173 koncentratas, 2kg | Healthy Choice","isPartOf":{"@id":"https:\/\/www.healthychoice.lt\/es\/#website"},"primaryImageOfPage":{"@id":"https:\/\/www.healthychoice.lt\/produktai\/100-isrugu-baltymu-koncentratas-2kg\/#primaryimage"},"image":{"@id":"https:\/\/www.healthychoice.lt\/produktai\/100-isrugu-baltymu-koncentratas-2kg\/#primaryimage"},"thumbnailUrl":"https:\/\/www.healthychoice.lt\/wp-content\/uploads\/2022\/01\/GOOD-WHEY.jpg","datePublished":"2025-04-17T05:00:17+00:00","dateModified":"2026-04-03T15:11:07+00:00","breadcrumb":{"@id":"https:\/\/www.healthychoice.lt\/produktai\/100-isrugu-baltymu-koncentratas-2kg\/#breadcrumb"},"inLanguage":"en-US","potentialAction":[{"@type":"ReadAction","target":["https:\/\/www.healthychoice.lt\/produktai\/100-isrugu-baltymu-koncentratas-2kg\/"]}]},{"@type":"ImageObject","inLanguage":"en-US","@id":"https:\/\/www.healthychoice.lt\/produktai\/100-isrugu-baltymu-koncentratas-2kg\/#primaryimage","url":"https:\/\/www.healthychoice.lt\/wp-content\/uploads\/2022\/01\/GOOD-WHEY.jpg","contentUrl":"https:\/\/www.healthychoice.lt\/wp-content\/uploads\/2022\/01\/GOOD-WHEY.jpg","width":1024,"height":1024},{"@type":"BreadcrumbList","@id":"https:\/\/www.healthychoice.lt\/produktai\/100-isrugu-baltymu-koncentratas-2kg\/#breadcrumb","itemListElement":[{"@type":"ListItem","position":1,"name":"Home","item":"https:\/\/www.healthychoice.lt\/"},{"@type":"ListItem","position":2,"name":"Produktai","item":"https:\/\/www.healthychoice.lt\/es\/produktai\/"},{"@type":"ListItem","position":3,"name":"100% i\u0161r\u016bg\u0173 baltym\u0173 koncentratas, 2kg"}]},{"@type":"WebSite","@id":"https:\/\/www.healthychoice.lt\/es\/#website","url":"https:\/\/www.healthychoice.lt\/es\/","name":"Healthy Choice","description":"A diet you can trust!","alternateName":"Healthychoice","potentialAction":[{"@type":"SearchAction","target":{"@type":"EntryPoint","urlTemplate":"https:\/\/www.healthychoice.lt\/es\/?s={search_term_string}"},"query-input":{"@type":"PropertyValueSpecification","valueRequired":true,"valueName":"search_term_string"}}],"inLanguage":"en-US"}]}},"_links":{"self":[{"href":"https:\/\/www.healthychoice.lt\/en\/wp-json\/wp\/v2\/product\/945","targetHints":{"allow":["GET"]}}],"collection":[{"href":"https:\/\/www.healthychoice.lt\/en\/wp-json\/wp\/v2\/product"}],"about":[{"href":"https:\/\/www.healthychoice.lt\/en\/wp-json\/wp\/v2\/types\/product"}],"wp:featuredmedia":[{"embeddable":true,"href":"https:\/\/www.healthychoice.lt\/en\/wp-json\/wp\/v2\/media\/8995"}],"wp:attachment":[{"href":"https:\/\/www.healthychoice.lt\/en\/wp-json\/wp\/v2\/media?parent=945"}],"wp:term":[{"taxonomy":"product_brand","embeddable":true,"href":"https:\/\/www.healthychoice.lt\/en\/wp-json\/wp\/v2\/product_brand?post=945"},{"taxonomy":"product_cat","embeddable":true,"href":"https:\/\/www.healthychoice.lt\/en\/wp-json\/wp\/v2\/product_cat?post=945"},{"taxonomy":"product_tag","embeddable":true,"href":"https:\/\/www.healthychoice.lt\/en\/wp-json\/wp\/v2\/product_tag?post=945"}],"curies":[{"name":"wp","href":"https:\/\/api.w.org\/{rel}","templated":true}]}}