{"id":8976,"date":"2021-12-30T13:57:01","date_gmt":"2021-12-30T11:57:01","guid":{"rendered":"https:\/\/www.healthychoice.lt\/?post_type=product&#038;p=8976"},"modified":"2025-10-21T16:22:01","modified_gmt":"2025-10-21T13:22:01","slug":"perkant-l-karnitina-multivitaminai-dovanu","status":"publish","type":"product","link":"https:\/\/www.healthychoice.lt\/en\/produktai\/perkant-l-karnitina-multivitaminai-dovanu\/","title":{"rendered":"Perkant L-Karnitin\u0105 &#8211; Multivitaminai DOVAN\u0172!"},"content":{"rendered":"<p><strong>L-CARNITINE ORANGE FLAVOUR <\/strong><\/p>\n<p>Net content 1000 ml<\/p>\n<p>L-carnitine is a vitamin-amino acid compound comparable to the B vitamins. It functions as a carrier of fatty acids to the mitochondrion. L-carnitine acts as an assistant to help burn fat faster and lose weight naturally. Recent studies have also shown that L-carnitine helps to reduce fatigue, increase body mass and muscle mass, stabilise blood sugar levels and at the same time reduce the need for carbohydrates. Carnitine helps to mobilise fat reserves, especially in overweight people.<\/p>\n<p>L-Carnitine has a delicious orange flavour, is free from synthetic colours and flavour enhancers, and is made with all the essential ingredients that have a positive effect on the human body. Most importantly, this L-carnitine is in liquid form, so it will be absorbed by the body much faster and easier. This supplement is extremely rich in carnitine, with 1667mg per serving (25ml) and 6668mg per 100ml.<\/p>\n<p><strong>Multivitamins and minerals Healthy Choice 90 tablets.<\/strong><\/p>\n<p>Palaikyti normali\u0105 imunin\u0117s sistemos veikl\u0105 padeda Cinkas, Gele\u017eis, Selenas, Varis, Vitaminas A, Vitaminas D, Vitaminas B6, Vitaminas B12.<\/p>\n<p>Vitamin C helps maintain normal immune function during and after intense exercise.<\/p>\n<p>Biotin, Niacin, Magnesium, Vitamin B6, Vitamin B12 and Vitamin C help maintain normal psychological function.<\/p>\n<p>Biotin, Zinc and Chromium help to maintain normal macronutrient metabolism.<\/p>\n<p>One of the most important for our bodies is Zinc, which helps maintain normal acid-base metabolism, carbohydrate metabolism, fatty acid metabolism, DNA synthesis, vitamin A metabolism, testosterone levels, fertility and reproduction.<\/p>\n<p>Biotin, Iron, Calcium, Niacin, Magnesium, Manganese, Iodine, Copper and Pantothenic Acid, Vitamin B2, Vitamin B6, Vitamin B12, Vitamin C help maintain normal energy metabolism.<\/p>\n<p>Vitamin B2 and Vitamin A help to maintain normal iron metabolism, while Vitamin C improves iron absorption. Copper supports the normal transport of iron in the body.<\/p>\n<p>Biotin, Niacin, Vitamin A and Vitamin B2 help maintain normal mucous membranes.<\/p>\n<p>Iron, Niacin, Magnesium and Pantothenic Acid, Vitamin B2, Vitamin B6, Vitamin B12 and Vitamin C help to reduce tiredness and fatigue.<\/p>","protected":false},"excerpt":{"rendered":"<p>Rinkinys: L-Karnitinas + Multivitaminai<\/p>","protected":false},"featured_media":8977,"template":"","meta":[],"product_brand":[],"product_cat":[52,99,28],"product_tag":[32,62,24,25,48],"class_list":{"0":"post-8976","1":"product","2":"type-product","3":"status-publish","4":"has-post-thumbnail","6":"product_cat-akcijos","7":"product_cat-l-karnitinas","8":"product_cat-rinkiniai","9":"product_tag-dovana","10":"product_tag-l-karnitinas","11":"product_tag-paprasti-produktai","12":"product_tag-rinkiniai","13":"product_tag-vitaminai","15":"first","16":"instock","17":"taxable","18":"shipping-taxable","19":"purchasable","20":"product-type-simple"},"yoast_head":"<!-- This site is optimized with the Yoast SEO plugin v27.5 - https:\/\/yoast.com\/product\/yoast-seo-wordpress\/ -->\n<title>Perkant L-Karnitin\u0105 - Multivitaminai DOVAN\u0172!| Healthy Choice<\/title>\n<meta name=\"robots\" content=\"index, follow, max-snippet:-1, max-image-preview:large, max-video-preview:-1\" \/>\n<link rel=\"canonical\" href=\"https:\/\/www.healthychoice.lt\/en\/produktai\/perkant-l-karnitina-multivitaminai-dovanu\/\" \/>\n<meta property=\"og:locale\" content=\"en_US\" \/>\n<meta property=\"og:type\" content=\"article\" \/>\n<meta property=\"og:title\" content=\"Perkant L-Karnitin\u0105 - Multivitaminai DOVAN\u0172!| Healthy Choice\" \/>\n<meta property=\"og:description\" content=\"Rinkinys: L-Karnitinas + Multivitaminai\" \/>\n<meta property=\"og:url\" content=\"https:\/\/www.healthychoice.lt\/en\/produktai\/perkant-l-karnitina-multivitaminai-dovanu\/\" \/>\n<meta property=\"og:site_name\" content=\"Healthy Choice\" \/>\n<meta property=\"article:publisher\" content=\"https:\/\/www.facebook.com\/healthychoice.world\/\" \/>\n<meta property=\"article:modified_time\" content=\"2025-10-21T13:22:01+00:00\" \/>\n<meta property=\"og:image\" content=\"https:\/\/www.healthychoice.lt\/wp-content\/uploads\/2024\/11\/compressed-grozis.png\" \/>\n\t<meta property=\"og:image:width\" content=\"1200\" \/>\n\t<meta property=\"og:image:height\" content=\"1200\" \/>\n\t<meta property=\"og:image:type\" content=\"image\/png\" \/>\n<meta name=\"twitter:card\" content=\"summary_large_image\" \/>\n<meta name=\"twitter:label1\" content=\"Est. reading time\" \/>\n\t<meta name=\"twitter:data1\" content=\"2 minutes\" \/>\n<script type=\"application\/ld+json\" class=\"yoast-schema-graph\">{\"@context\":\"https:\\\/\\\/schema.org\",\"@graph\":[{\"@type\":\"WebPage\",\"@id\":\"https:\\\/\\\/www.healthychoice.lt\\\/produktai\\\/perkant-l-karnitina-multivitaminai-dovanu\\\/\",\"url\":\"https:\\\/\\\/www.healthychoice.lt\\\/produktai\\\/perkant-l-karnitina-multivitaminai-dovanu\\\/\",\"name\":\"Perkant L-Karnitin\u0105 - Multivitaminai DOVAN\u0172!| Healthy Choice\",\"isPartOf\":{\"@id\":\"https:\\\/\\\/www.healthychoice.lt\\\/es\\\/#website\"},\"primaryImageOfPage\":{\"@id\":\"https:\\\/\\\/www.healthychoice.lt\\\/produktai\\\/perkant-l-karnitina-multivitaminai-dovanu\\\/#primaryimage\"},\"image\":{\"@id\":\"https:\\\/\\\/www.healthychoice.lt\\\/produktai\\\/perkant-l-karnitina-multivitaminai-dovanu\\\/#primaryimage\"},\"thumbnailUrl\":\"https:\\\/\\\/www.healthychoice.lt\\\/wp-content\\\/uploads\\\/2024\\\/11\\\/compressed-grozis.png\",\"datePublished\":\"2021-12-30T11:57:01+00:00\",\"dateModified\":\"2025-10-21T13:22:01+00:00\",\"breadcrumb\":{\"@id\":\"https:\\\/\\\/www.healthychoice.lt\\\/produktai\\\/perkant-l-karnitina-multivitaminai-dovanu\\\/#breadcrumb\"},\"inLanguage\":\"en-US\",\"potentialAction\":[{\"@type\":\"ReadAction\",\"target\":[\"https:\\\/\\\/www.healthychoice.lt\\\/produktai\\\/perkant-l-karnitina-multivitaminai-dovanu\\\/\"]}]},{\"@type\":\"ImageObject\",\"inLanguage\":\"en-US\",\"@id\":\"https:\\\/\\\/www.healthychoice.lt\\\/produktai\\\/perkant-l-karnitina-multivitaminai-dovanu\\\/#primaryimage\",\"url\":\"https:\\\/\\\/www.healthychoice.lt\\\/wp-content\\\/uploads\\\/2024\\\/11\\\/compressed-grozis.png\",\"contentUrl\":\"https:\\\/\\\/www.healthychoice.lt\\\/wp-content\\\/uploads\\\/2024\\\/11\\\/compressed-grozis.png\",\"width\":1200,\"height\":1200},{\"@type\":\"BreadcrumbList\",\"@id\":\"https:\\\/\\\/www.healthychoice.lt\\\/produktai\\\/perkant-l-karnitina-multivitaminai-dovanu\\\/#breadcrumb\",\"itemListElement\":[{\"@type\":\"ListItem\",\"position\":1,\"name\":\"Home\",\"item\":\"https:\\\/\\\/www.healthychoice.lt\\\/\"},{\"@type\":\"ListItem\",\"position\":2,\"name\":\"Produktai\",\"item\":\"https:\\\/\\\/www.healthychoice.lt\\\/es\\\/produktai\\\/\"},{\"@type\":\"ListItem\",\"position\":3,\"name\":\"Perkant L-Karnitin\u0105 &#8211; Multivitaminai DOVAN\u0172!\"}]},{\"@type\":\"WebSite\",\"@id\":\"https:\\\/\\\/www.healthychoice.lt\\\/es\\\/#website\",\"url\":\"https:\\\/\\\/www.healthychoice.lt\\\/es\\\/\",\"name\":\"Healthy Choice\",\"description\":\"Mityba, kuria gali pasitik\u0117ti!\",\"alternateName\":\"Healthychoice\",\"potentialAction\":[{\"@type\":\"SearchAction\",\"target\":{\"@type\":\"EntryPoint\",\"urlTemplate\":\"https:\\\/\\\/www.healthychoice.lt\\\/es\\\/?s={search_term_string}\"},\"query-input\":{\"@type\":\"PropertyValueSpecification\",\"valueRequired\":true,\"valueName\":\"search_term_string\"}}],\"inLanguage\":\"en-US\"}]}<\/script>\n<!-- \/ Yoast SEO plugin. -->","yoast_head_json":{"title":"Perkant L-Karnitin\u0105 - Multivitaminai DOVAN\u0172!| Healthy Choice","robots":{"index":"index","follow":"follow","max-snippet":"max-snippet:-1","max-image-preview":"max-image-preview:large","max-video-preview":"max-video-preview:-1"},"canonical":"https:\/\/www.healthychoice.lt\/en\/produktai\/perkant-l-karnitina-multivitaminai-dovanu\/","og_locale":"en_US","og_type":"article","og_title":"Perkant L-Karnitin\u0105 - Multivitaminai DOVAN\u0172!| Healthy Choice","og_description":"Rinkinys: L-Karnitinas + Multivitaminai","og_url":"https:\/\/www.healthychoice.lt\/en\/produktai\/perkant-l-karnitina-multivitaminai-dovanu\/","og_site_name":"Healthy Choice","article_publisher":"https:\/\/www.facebook.com\/healthychoice.world\/","article_modified_time":"2025-10-21T13:22:01+00:00","og_image":[{"width":1200,"height":1200,"url":"https:\/\/www.healthychoice.lt\/wp-content\/uploads\/2024\/11\/compressed-grozis.png","type":"image\/png"}],"twitter_card":"summary_large_image","twitter_misc":{"Est. reading time":"2 minutes"},"schema":{"@context":"https:\/\/schema.org","@graph":[{"@type":"WebPage","@id":"https:\/\/www.healthychoice.lt\/produktai\/perkant-l-karnitina-multivitaminai-dovanu\/","url":"https:\/\/www.healthychoice.lt\/produktai\/perkant-l-karnitina-multivitaminai-dovanu\/","name":"Perkant L-Karnitin\u0105 - Multivitaminai DOVAN\u0172!| Healthy Choice","isPartOf":{"@id":"https:\/\/www.healthychoice.lt\/es\/#website"},"primaryImageOfPage":{"@id":"https:\/\/www.healthychoice.lt\/produktai\/perkant-l-karnitina-multivitaminai-dovanu\/#primaryimage"},"image":{"@id":"https:\/\/www.healthychoice.lt\/produktai\/perkant-l-karnitina-multivitaminai-dovanu\/#primaryimage"},"thumbnailUrl":"https:\/\/www.healthychoice.lt\/wp-content\/uploads\/2024\/11\/compressed-grozis.png","datePublished":"2021-12-30T11:57:01+00:00","dateModified":"2025-10-21T13:22:01+00:00","breadcrumb":{"@id":"https:\/\/www.healthychoice.lt\/produktai\/perkant-l-karnitina-multivitaminai-dovanu\/#breadcrumb"},"inLanguage":"en-US","potentialAction":[{"@type":"ReadAction","target":["https:\/\/www.healthychoice.lt\/produktai\/perkant-l-karnitina-multivitaminai-dovanu\/"]}]},{"@type":"ImageObject","inLanguage":"en-US","@id":"https:\/\/www.healthychoice.lt\/produktai\/perkant-l-karnitina-multivitaminai-dovanu\/#primaryimage","url":"https:\/\/www.healthychoice.lt\/wp-content\/uploads\/2024\/11\/compressed-grozis.png","contentUrl":"https:\/\/www.healthychoice.lt\/wp-content\/uploads\/2024\/11\/compressed-grozis.png","width":1200,"height":1200},{"@type":"BreadcrumbList","@id":"https:\/\/www.healthychoice.lt\/produktai\/perkant-l-karnitina-multivitaminai-dovanu\/#breadcrumb","itemListElement":[{"@type":"ListItem","position":1,"name":"Home","item":"https:\/\/www.healthychoice.lt\/"},{"@type":"ListItem","position":2,"name":"Produktai","item":"https:\/\/www.healthychoice.lt\/es\/produktai\/"},{"@type":"ListItem","position":3,"name":"Perkant L-Karnitin\u0105 &#8211; Multivitaminai DOVAN\u0172!"}]},{"@type":"WebSite","@id":"https:\/\/www.healthychoice.lt\/es\/#website","url":"https:\/\/www.healthychoice.lt\/es\/","name":"Healthy Choice","description":"A diet you can trust!","alternateName":"Healthychoice","potentialAction":[{"@type":"SearchAction","target":{"@type":"EntryPoint","urlTemplate":"https:\/\/www.healthychoice.lt\/es\/?s={search_term_string}"},"query-input":{"@type":"PropertyValueSpecification","valueRequired":true,"valueName":"search_term_string"}}],"inLanguage":"en-US"}]}},"_links":{"self":[{"href":"https:\/\/www.healthychoice.lt\/en\/wp-json\/wp\/v2\/product\/8976","targetHints":{"allow":["GET"]}}],"collection":[{"href":"https:\/\/www.healthychoice.lt\/en\/wp-json\/wp\/v2\/product"}],"about":[{"href":"https:\/\/www.healthychoice.lt\/en\/wp-json\/wp\/v2\/types\/product"}],"wp:featuredmedia":[{"embeddable":true,"href":"https:\/\/www.healthychoice.lt\/en\/wp-json\/wp\/v2\/media\/8977"}],"wp:attachment":[{"href":"https:\/\/www.healthychoice.lt\/en\/wp-json\/wp\/v2\/media?parent=8976"}],"wp:term":[{"taxonomy":"product_brand","embeddable":true,"href":"https:\/\/www.healthychoice.lt\/en\/wp-json\/wp\/v2\/product_brand?post=8976"},{"taxonomy":"product_cat","embeddable":true,"href":"https:\/\/www.healthychoice.lt\/en\/wp-json\/wp\/v2\/product_cat?post=8976"},{"taxonomy":"product_tag","embeddable":true,"href":"https:\/\/www.healthychoice.lt\/en\/wp-json\/wp\/v2\/product_tag?post=8976"}],"curies":[{"name":"wp","href":"https:\/\/api.w.org\/{rel}","templated":true}]}}