{"id":5350,"date":"2023-05-02T10:03:20","date_gmt":"2023-05-02T07:03:20","guid":{"rendered":"https:\/\/www.healthychoice.lt\/?post_type=product&#038;p=5350"},"modified":"2026-05-08T18:00:19","modified_gmt":"2026-05-08T15:00:19","slug":"omega","status":"publish","type":"product","link":"https:\/\/www.healthychoice.lt\/en\/produktai\/omega\/","title":{"rendered":"Omega-3 fish oil Healthy Choice 120 capsules"},"content":{"rendered":"<p align=\"CENTER\"><span style=\"font-family: Open Sans, serif;\"><span style=\"font-size: large;\"><b>Omega-3<\/b><\/span><\/span><\/p>\n<p align=\"CENTER\"><span style=\"font-family: Open Sans, serif;\"><span style=\"font-size: large;\"><b>Fish oil 1000 mg<\/b><\/span><\/span><\/p>\n<p align=\"CENTER\"><span style=\"font-family: Open Sans, serif;\"><span style=\"font-size: large;\"><b>500 mg EPR &amp; 250 mg DHA TG <\/b><\/span><\/span><\/p>\n<p align=\"CENTER\"><span style=\"font-family: Open Sans, serif;\"><b>(Food supplement)<\/b><\/span><\/p>\n<p align=\"JUSTIFY\"><a name=\"Bookmark\"><\/a><a name=\"_Hlk128551328\"><\/a> <span style=\"font-family: Times New Roman, serif;\"><span style=\"font-size: medium;\">Net quantity: <\/span><\/span><span style=\"font-family: Times New Roman, serif;\"><span style=\"font-size: medium;\"><span lang=\"en-US\">160.8<\/span><\/span><\/span><span style=\"font-family: Times New Roman, serif;\"><span style=\"font-size: medium;\"> g \/ 120 softgels<\/span><\/span><\/p>\n<p align=\"JUSTIFY\"><a name=\"Bookmark1\"><\/a> \"<span style=\"font-family: Times New Roman, serif;\"><span style=\"font-size: medium;\">Healthy Choice Omega-3 Fish Oil 1000mg 500 mg EPA &amp; 250 mg DHA TG. <\/span><\/span><span style=\"font-family: Times New Roman, serif;\"><span style=\"font-size: medium;\">The pack is sufficient for a 3-month course of use.<\/span><\/span><\/p>\n<div>Omega-3s are polyunsaturated fatty acids, also known as good fats. It is an essential fatty acid that the body cannot make itself. It is essential for our bodies to produce various biologically active compounds. Omega-3 can be obtained from food and is usually found in fish oil, but it can be difficult to get enough of it from what you eat. Polyunsaturated fatty acids such as eicosapentaenoic acid (EPA) and docosahexaenoic acid (DHA) are extracted from fish such as mackerel, salmon, tuna and others. These fatty acids help maintain normal heart function. The beneficial effects are seen with a daily intake of 250 mg of EPA and DHA.<\/div>\n<div><\/div>\n<div>Omega-3 fish oil 1000 mg softgels contain omega-3 rich in the unsaturated fatty acids EPA (eicosapentaenoic acid) and DHA (docosahexaenoic acid).<\/div>\n<div><\/div>\n<div>DHA - docosahexaenoic acid<\/div>\n<div><\/div>\n<div>It is a long-chain omega-3 fatty acid, important for brain, eye and general development, and helps maintain normal heart function. Not getting enough of this acid can lead to visual impairment.<\/div>\n<div><\/div>\n<div>EPR - eicosapentaenoic acid<\/div>\n<div><\/div>\n<div>It is a long-chain omega-3 fatty acid, important for general health and helps maintain normal heart function.<\/div>\n<div><\/div>\n<table border=\"1\" width=\"623\" cellspacing=\"0\" cellpadding=\"7\">\n<tbody>\n<tr>\n<td colspan=\"3\" width=\"607\">\n<p lang=\"en-US\"><a name=\"Bookmark2\"><\/a><span style=\"font-family: Times New Roman, serif;\"><span style=\"font-size: medium;\">Ingredients (1 capsule)<\/span><\/span><\/p>\n<\/td>\n<\/tr>\n<tr>\n<td colspan=\"2\" width=\"429\">\n<p lang=\"en-US\"><a name=\"_Hlk128551359\"><\/a><span style=\"font-family: Times New Roman, serif;\"><span style=\"font-size: medium;\">Fish oil <\/span><\/span><\/p>\n<\/td>\n<td valign=\"TOP\" width=\"164\">\n<p lang=\"en-US\"><span style=\"font-family: Times New Roman, serif;\"><span style=\"font-size: medium;\">1000 mg<\/span><\/span><\/p>\n<\/td>\n<\/tr>\n<tr>\n<td width=\"183\"><\/td>\n<td width=\"232\">\n<p lang=\"en-US\"><span style=\"font-family: Times New Roman, serif;\"><span style=\"font-size: medium;\">EPR (eicosapentaenoic acid)<\/span><\/span><\/p>\n<\/td>\n<td width=\"164\">\n<p lang=\"en-US\"><span style=\"font-family: Times New Roman, serif;\"><span style=\"font-size: medium;\">500 mg<\/span><\/span><\/p>\n<\/td>\n<\/tr>\n<tr>\n<td width=\"183\"><\/td>\n<td width=\"232\">\n<p lang=\"en-US\"><span style=\"font-family: Times New Roman, serif;\"><span style=\"font-size: medium;\">DHA (docosahexaenoic acid)<\/span><\/span><\/p>\n<\/td>\n<td width=\"164\">\n<p lang=\"en-US\"><span style=\"font-family: Times New Roman, serif;\"><span style=\"font-size: medium;\">250 mg<\/span><\/span><\/p>\n<\/td>\n<\/tr>\n<tr>\n<td colspan=\"3\" width=\"607\">\n<p lang=\"en-US\"><span style=\"font-family: Times New Roman, serif;\"><span style=\"font-size: medium;\">Omega-3 content not less than 75% (50% EPR and 25% DHA)<\/span><\/span><\/p>\n<\/td>\n<\/tr>\n<tr>\n<td colspan=\"3\" width=\"607\">\n<p lang=\"en-US\"><span style=\"font-family: Times New Roman, serif;\"><span style=\"font-size: medium;\">Capsule shell<\/span><\/span><\/p>\n<\/td>\n<\/tr>\n<tr>\n<td colspan=\"2\" width=\"429\">\n<p lang=\"en-US\"><span style=\"font-family: Times New Roman, serif;\"><span style=\"font-size: medium;\">Gelatine<\/span><\/span><\/p>\n<\/td>\n<td width=\"164\">\n<p lang=\"en-US\"><span style=\"font-family: Times New Roman, serif;\"><span style=\"font-size: medium;\">210 mg<\/span><\/span><\/p>\n<\/td>\n<\/tr>\n<tr>\n<td colspan=\"2\" width=\"429\">\n<p lang=\"en-US\"><a name=\"_Hlk128160919\"><\/a><span style=\"font-family: Times New Roman, serif;\"><span style=\"font-size: medium;\">Glycerol<\/span><\/span><\/p>\n<\/td>\n<td width=\"164\">\n<p lang=\"en-US\"><span style=\"font-family: Times New Roman, serif;\"><span style=\"font-size: medium;\">135 mg<\/span><\/span><\/p>\n<\/td>\n<\/tr>\n<tr>\n<td colspan=\"2\" width=\"429\" height=\"3\">\n<p lang=\"en-US\"><span style=\"font-family: Times New Roman, serif;\"><span style=\"font-size: medium;\">Water<\/span><\/span><\/p>\n<\/td>\n<td width=\"164\">\n<p lang=\"en-US\"><span style=\"font-family: Times New Roman, serif;\"><span style=\"font-size: medium;\">25 mg<\/span><\/span><\/p>\n<\/td>\n<\/tr>\n<\/tbody>\n<\/table>\n<p align=\"JUSTIFY\"><span style=\"font-family: Open Sans, serif;\"><span style=\"font-size: large;\"><b>INGREDIENTS:<\/b><\/span><\/span><\/p>\n<p><a name=\"Bookmark3\"><\/a> <span style=\"font-family: Times New Roman, serif;\"><span style=\"font-size: medium;\">Fish oil, gelatine (capsule shell), glycerine (capsule shell), water (capsule shell).<\/span><\/span><\/p>\n<p><span style=\"font-family: Open Sans, serif;\"><span style=\"font-size: large;\"><b>USAGE:<\/b><\/span><\/span><\/p>\n<p><span style=\"font-family: Times New Roman, serif;\"><span style=\"font-size: medium;\">Adults: 1 softgel per day. Take with food. If you are pregnant\/breastfeeding, taking medication or have a medical condition, please consult your doctor before use.<\/span><\/span><\/p>\n<p><span style=\"font-family: Open Sans, serif;\"><span style=\"font-size: large;\"><b>WARNINGS:<\/b><\/span><\/span><\/p>\n<p><span style=\"font-family: Times New Roman, serif;\"><span style=\"font-size: medium;\">Do not exceed the recommended daily dose. Store at room temperature, in a dry place out of the reach of children and away from direct sunlight. The food supplement is not a substitute for food, so a varied and balanced diet is important. The product does not contain lactose, egg, gluten or other potential allergens. The product contains fish products and is therefore not suitable for vegetarians and vegans.<\/span><\/span><\/p>\n<p align=\"JUSTIFY\"><a name=\"Bookmark4\"><\/a> <span style=\"font-family: Times New Roman, serif;\"><span style=\"font-size: medium;\">Health claims approved by European Commission Regulation (EU) No 274\/2014<\/span><\/span><\/p>","protected":false},"excerpt":{"rendered":"<p>Omega-3s are polyunsaturated fatty acids, also known as good fats. It is an essential fatty acid that the body cannot make itself. It is essential for our bodies to produce various biologically active compounds.<\/p>","protected":false},"featured_media":6063,"template":"","meta":[],"product_brand":[],"product_cat":[52,103],"product_tag":[53,60,24,48],"class_list":{"0":"post-5350","1":"product","2":"type-product","3":"status-publish","4":"has-post-thumbnail","6":"product_cat-akcijos","7":"product_cat-maisto-papildai","8":"product_tag-exportui","9":"product_tag-groziui-ir-sveikatai","10":"product_tag-paprasti-produktai","11":"product_tag-vitaminai","13":"first","14":"instock","15":"sale","16":"taxable","17":"shipping-taxable","18":"purchasable","19":"product-type-simple"},"yoast_head":"<!-- This site is optimized with the Yoast SEO plugin v27.5 - https:\/\/yoast.com\/product\/yoast-seo-wordpress\/ -->\n<title>Omega-3 \u017euv\u0173 taukai &quot;Healthy Choice&quot; 120 kapsuli\u0173| Healthy Choice<\/title>\n<meta name=\"robots\" content=\"index, follow, max-snippet:-1, max-image-preview:large, max-video-preview:-1\" \/>\n<link rel=\"canonical\" href=\"https:\/\/www.healthychoice.lt\/en\/produktai\/omega\/\" \/>\n<meta property=\"og:locale\" content=\"en_US\" \/>\n<meta property=\"og:type\" content=\"article\" \/>\n<meta property=\"og:title\" content=\"Omega-3 \u017euv\u0173 taukai &quot;Healthy Choice&quot; 120 kapsuli\u0173| Healthy Choice\" \/>\n<meta property=\"og:description\" content=\"Omega-3 yra polineso\u010diosios riebal\u0173 r\u016bg\u0161tys, kitaip dar vadinamos geraisiais riebalais. Tai nepakei\u010diamoji riebal\u0173 r\u016bg\u0161tis, kurios organizmas pats negali pasigaminti. Ji b\u016btina m\u016bs\u0173 organizmui, gaminat \u012fvairius biologi\u0161kai aktyvius junginius.\" \/>\n<meta property=\"og:url\" content=\"https:\/\/www.healthychoice.lt\/en\/produktai\/omega\/\" \/>\n<meta property=\"og:site_name\" content=\"Healthy Choice\" \/>\n<meta property=\"article:publisher\" content=\"https:\/\/www.facebook.com\/healthychoice.world\/\" \/>\n<meta property=\"article:modified_time\" content=\"2026-05-08T15:00:19+00:00\" \/>\n<meta property=\"og:image\" content=\"https:\/\/www.healthychoice.lt\/wp-content\/uploads\/2023\/06\/Omega-3-zuvu-taukai-min.jpg\" \/>\n\t<meta property=\"og:image:width\" content=\"1024\" \/>\n\t<meta property=\"og:image:height\" content=\"1024\" \/>\n\t<meta property=\"og:image:type\" content=\"image\/jpeg\" \/>\n<meta name=\"twitter:card\" content=\"summary_large_image\" \/>\n<meta name=\"twitter:label1\" content=\"Est. reading time\" \/>\n\t<meta name=\"twitter:data1\" content=\"2 minutes\" \/>\n<script type=\"application\/ld+json\" class=\"yoast-schema-graph\">{\"@context\":\"https:\\\/\\\/schema.org\",\"@graph\":[{\"@type\":\"WebPage\",\"@id\":\"https:\\\/\\\/www.healthychoice.lt\\\/produktai\\\/omega\\\/\",\"url\":\"https:\\\/\\\/www.healthychoice.lt\\\/produktai\\\/omega\\\/\",\"name\":\"Omega-3 \u017euv\u0173 taukai \\\"Healthy Choice\\\" 120 kapsuli\u0173| Healthy Choice\",\"isPartOf\":{\"@id\":\"https:\\\/\\\/www.healthychoice.lt\\\/es\\\/#website\"},\"primaryImageOfPage\":{\"@id\":\"https:\\\/\\\/www.healthychoice.lt\\\/produktai\\\/omega\\\/#primaryimage\"},\"image\":{\"@id\":\"https:\\\/\\\/www.healthychoice.lt\\\/produktai\\\/omega\\\/#primaryimage\"},\"thumbnailUrl\":\"https:\\\/\\\/www.healthychoice.lt\\\/wp-content\\\/uploads\\\/2023\\\/06\\\/Omega-3-zuvu-taukai-min.jpg\",\"datePublished\":\"2023-05-02T07:03:20+00:00\",\"dateModified\":\"2026-05-08T15:00:19+00:00\",\"breadcrumb\":{\"@id\":\"https:\\\/\\\/www.healthychoice.lt\\\/produktai\\\/omega\\\/#breadcrumb\"},\"inLanguage\":\"en-US\",\"potentialAction\":[{\"@type\":\"ReadAction\",\"target\":[\"https:\\\/\\\/www.healthychoice.lt\\\/produktai\\\/omega\\\/\"]}]},{\"@type\":\"ImageObject\",\"inLanguage\":\"en-US\",\"@id\":\"https:\\\/\\\/www.healthychoice.lt\\\/produktai\\\/omega\\\/#primaryimage\",\"url\":\"https:\\\/\\\/www.healthychoice.lt\\\/wp-content\\\/uploads\\\/2023\\\/06\\\/Omega-3-zuvu-taukai-min.jpg\",\"contentUrl\":\"https:\\\/\\\/www.healthychoice.lt\\\/wp-content\\\/uploads\\\/2023\\\/06\\\/Omega-3-zuvu-taukai-min.jpg\",\"width\":1024,\"height\":1024},{\"@type\":\"BreadcrumbList\",\"@id\":\"https:\\\/\\\/www.healthychoice.lt\\\/produktai\\\/omega\\\/#breadcrumb\",\"itemListElement\":[{\"@type\":\"ListItem\",\"position\":1,\"name\":\"Home\",\"item\":\"https:\\\/\\\/www.healthychoice.lt\\\/\"},{\"@type\":\"ListItem\",\"position\":2,\"name\":\"Produktai\",\"item\":\"https:\\\/\\\/www.healthychoice.lt\\\/es\\\/produktai\\\/\"},{\"@type\":\"ListItem\",\"position\":3,\"name\":\"Omega-3 \u017euv\u0173 taukai &#8222;Healthy Choice&#8221; 120 kapsuli\u0173\"}]},{\"@type\":\"WebSite\",\"@id\":\"https:\\\/\\\/www.healthychoice.lt\\\/es\\\/#website\",\"url\":\"https:\\\/\\\/www.healthychoice.lt\\\/es\\\/\",\"name\":\"Healthy Choice\",\"description\":\"Mityba, kuria gali pasitik\u0117ti!\",\"alternateName\":\"Healthychoice\",\"potentialAction\":[{\"@type\":\"SearchAction\",\"target\":{\"@type\":\"EntryPoint\",\"urlTemplate\":\"https:\\\/\\\/www.healthychoice.lt\\\/es\\\/?s={search_term_string}\"},\"query-input\":{\"@type\":\"PropertyValueSpecification\",\"valueRequired\":true,\"valueName\":\"search_term_string\"}}],\"inLanguage\":\"en-US\"}]}<\/script>\n<!-- \/ Yoast SEO plugin. -->","yoast_head_json":{"title":"Omega-3 \u017euv\u0173 taukai \"Healthy Choice\" 120 kapsuli\u0173| Healthy Choice","robots":{"index":"index","follow":"follow","max-snippet":"max-snippet:-1","max-image-preview":"max-image-preview:large","max-video-preview":"max-video-preview:-1"},"canonical":"https:\/\/www.healthychoice.lt\/en\/produktai\/omega\/","og_locale":"en_US","og_type":"article","og_title":"Omega-3 \u017euv\u0173 taukai \"Healthy Choice\" 120 kapsuli\u0173| Healthy Choice","og_description":"Omega-3 yra polineso\u010diosios riebal\u0173 r\u016bg\u0161tys, kitaip dar vadinamos geraisiais riebalais. Tai nepakei\u010diamoji riebal\u0173 r\u016bg\u0161tis, kurios organizmas pats negali pasigaminti. Ji b\u016btina m\u016bs\u0173 organizmui, gaminat \u012fvairius biologi\u0161kai aktyvius junginius.","og_url":"https:\/\/www.healthychoice.lt\/en\/produktai\/omega\/","og_site_name":"Healthy Choice","article_publisher":"https:\/\/www.facebook.com\/healthychoice.world\/","article_modified_time":"2026-05-08T15:00:19+00:00","og_image":[{"width":1024,"height":1024,"url":"https:\/\/www.healthychoice.lt\/wp-content\/uploads\/2023\/06\/Omega-3-zuvu-taukai-min.jpg","type":"image\/jpeg"}],"twitter_card":"summary_large_image","twitter_misc":{"Est. reading time":"2 minutes"},"schema":{"@context":"https:\/\/schema.org","@graph":[{"@type":"WebPage","@id":"https:\/\/www.healthychoice.lt\/produktai\/omega\/","url":"https:\/\/www.healthychoice.lt\/produktai\/omega\/","name":"Omega-3 \u017euv\u0173 taukai \"Healthy Choice\" 120 kapsuli\u0173| Healthy Choice","isPartOf":{"@id":"https:\/\/www.healthychoice.lt\/es\/#website"},"primaryImageOfPage":{"@id":"https:\/\/www.healthychoice.lt\/produktai\/omega\/#primaryimage"},"image":{"@id":"https:\/\/www.healthychoice.lt\/produktai\/omega\/#primaryimage"},"thumbnailUrl":"https:\/\/www.healthychoice.lt\/wp-content\/uploads\/2023\/06\/Omega-3-zuvu-taukai-min.jpg","datePublished":"2023-05-02T07:03:20+00:00","dateModified":"2026-05-08T15:00:19+00:00","breadcrumb":{"@id":"https:\/\/www.healthychoice.lt\/produktai\/omega\/#breadcrumb"},"inLanguage":"en-US","potentialAction":[{"@type":"ReadAction","target":["https:\/\/www.healthychoice.lt\/produktai\/omega\/"]}]},{"@type":"ImageObject","inLanguage":"en-US","@id":"https:\/\/www.healthychoice.lt\/produktai\/omega\/#primaryimage","url":"https:\/\/www.healthychoice.lt\/wp-content\/uploads\/2023\/06\/Omega-3-zuvu-taukai-min.jpg","contentUrl":"https:\/\/www.healthychoice.lt\/wp-content\/uploads\/2023\/06\/Omega-3-zuvu-taukai-min.jpg","width":1024,"height":1024},{"@type":"BreadcrumbList","@id":"https:\/\/www.healthychoice.lt\/produktai\/omega\/#breadcrumb","itemListElement":[{"@type":"ListItem","position":1,"name":"Home","item":"https:\/\/www.healthychoice.lt\/"},{"@type":"ListItem","position":2,"name":"Produktai","item":"https:\/\/www.healthychoice.lt\/es\/produktai\/"},{"@type":"ListItem","position":3,"name":"Omega-3 \u017euv\u0173 taukai &#8222;Healthy Choice&#8221; 120 kapsuli\u0173"}]},{"@type":"WebSite","@id":"https:\/\/www.healthychoice.lt\/es\/#website","url":"https:\/\/www.healthychoice.lt\/es\/","name":"Healthy Choice","description":"A diet you can trust!","alternateName":"Healthychoice","potentialAction":[{"@type":"SearchAction","target":{"@type":"EntryPoint","urlTemplate":"https:\/\/www.healthychoice.lt\/es\/?s={search_term_string}"},"query-input":{"@type":"PropertyValueSpecification","valueRequired":true,"valueName":"search_term_string"}}],"inLanguage":"en-US"}]}},"_links":{"self":[{"href":"https:\/\/www.healthychoice.lt\/en\/wp-json\/wp\/v2\/product\/5350","targetHints":{"allow":["GET"]}}],"collection":[{"href":"https:\/\/www.healthychoice.lt\/en\/wp-json\/wp\/v2\/product"}],"about":[{"href":"https:\/\/www.healthychoice.lt\/en\/wp-json\/wp\/v2\/types\/product"}],"wp:featuredmedia":[{"embeddable":true,"href":"https:\/\/www.healthychoice.lt\/en\/wp-json\/wp\/v2\/media\/6063"}],"wp:attachment":[{"href":"https:\/\/www.healthychoice.lt\/en\/wp-json\/wp\/v2\/media?parent=5350"}],"wp:term":[{"taxonomy":"product_brand","embeddable":true,"href":"https:\/\/www.healthychoice.lt\/en\/wp-json\/wp\/v2\/product_brand?post=5350"},{"taxonomy":"product_cat","embeddable":true,"href":"https:\/\/www.healthychoice.lt\/en\/wp-json\/wp\/v2\/product_cat?post=5350"},{"taxonomy":"product_tag","embeddable":true,"href":"https:\/\/www.healthychoice.lt\/en\/wp-json\/wp\/v2\/product_tag?post=5350"}],"curies":[{"name":"wp","href":"https:\/\/api.w.org\/{rel}","templated":true}]}}