{"id":4600,"date":"2025-09-01T17:20:03","date_gmt":"2025-09-01T14:20:03","guid":{"rendered":"https:\/\/www.healthychoice.lt\/?post_type=product&#038;p=4600"},"modified":"2026-04-21T14:10:25","modified_gmt":"2026-04-21T11:10:25","slug":"multivitaminai-ir-mineralai-117g","status":"publish","type":"product","link":"https:\/\/www.healthychoice.lt\/en\/produktai\/multivitaminai-ir-mineralai-117g\/","title":{"rendered":"Multivitamins and minerals Healthy Choice 90 tablets."},"content":{"rendered":"<p>Palaikyti normali\u0105 imunin\u0117s sistemos veikl\u0105 padeda Cinkas, Gele\u017eis, Selenas, Varis, Vitaminas A, Vitaminas D, Vitaminas B6, Vitaminas B12.<\/p>\n<p>Vitamin C helps maintain normal immune function during and after intense exercise.<\/p>\n<p>Biotin, Niacin, Magnesium, Vitamin B6, Vitamin B12 and Vitamin C help maintain normal psychological function.<\/p>\n<p>Biotin, Zinc and Chromium help to maintain normal macronutrient metabolism.<\/p>\n<p>One of the most important for our bodies is Zinc, which helps maintain normal acid-base metabolism, carbohydrate metabolism, fatty acid metabolism, DNA synthesis, vitamin A metabolism, testosterone levels, fertility and reproduction.<\/p>\n<p>Biotin, Iron, Calcium, Niacin, Magnesium, Manganese, Iodine, Copper and Pantothenic Acid, Vitamin B2, Vitamin B6, Vitamin B12, Vitamin C help maintain normal energy metabolism.<\/p>\n<p>Vitamin B2 and Vitamin A help to maintain normal iron metabolism, while Vitamin C improves iron absorption. Copper supports the normal transport of iron in the body.<\/p>\n<p>Biotin, Niacin, Vitamin A and Vitamin B2 help maintain normal mucous membranes.<\/p>\n<p>Iron, Niacin, Magnesium and Pantothenic Acid, Vitamin B2, Vitamin B6, Vitamin B12 and Vitamin C help to reduce tiredness and fatigue.<\/p>\n<p>&nbsp;<\/p>\n<p>Cells: helps protect cells from oxidative damage Zinc, Manganese, Selenium, Vitamin B2, Vitamin C, Vitamin E. Also Zinc, Iron, Magnesium, Copper, Vitamin B12, Vitamin D play a role in cell division.<\/p>\n<p>Calcium, Vitamin A play a role in cell division and specialisation.<\/p>\n<p>Iron, Iodine and Zinc help maintain normal cognitive function<\/p>\n<p>Blood: chromium helps maintain normal blood glucose levels.<\/p>\n<p>Iron helps to maintain the normal production of red blood cells and haemoglobin, as well as the transport of oxygen throughout the body. Riboflavin (Vitamin B2) helps maintain normal red blood cells. Vitamins B6 and B12 help to maintain the normal formation of red blood cells. Calcium and Vitamins K help maintain normal blood clotting.<\/p>\n<p>Muscle: Calcium helps maintain normal muscle function. Magnesium and Vitamin D help maintain normal muscle function.<\/p>\n<p>Protein: Zinc and Magnesium help maintain normal protein synthesis. Vitamin B6 helps maintain normal protein and glycogen metabolism<\/p>\n<p>Eyesight: Zinc, Vitamin A, Riboflavin (Vitamin B2) and Vitamin A (Vitamin B2) help maintain normal eyesight.<\/p>\n<p>Hormones: Vitamin B6 helps regulate hormone activity. Pantothenic acid helps maintain normal steroid hormone activity. Iodine helps maintain normal thyroid hormone production.<\/p>\n<p>Thyroid function: Selenium and Iodine help maintain normal thyroid function.<\/p>\n<p>Bones: zinc, calcium, magnesium, manganese, vitamin D and vitamin K help maintain normal bone health.<\/p>\n<p>Vitamin C helps maintain the normal formation of collagen, which is needed for normal bone function.<\/p>\n<p>Calcium, Magnesium are needed to maintain normal dental health. Vitamin D helps to maintain normal dental health.<\/p>\n<p>Vitamin C helps maintain the normal formation of collagen, which is needed for normal gum function<\/p>\n<p>Vitamin C helps maintain the normal formation of collagen, which is needed for normal tooth function<\/p>\n<p>Vitamin C helps to maintain the normal formation of collagen, which is needed for normal blood vessel function<\/p>\n<p>Vitamin C helps maintain the normal formation of collagen, which is needed for normal cartilage function<\/p>\n<p>Nails: Zinc and Selenium help maintain normal nails.<\/p>\n<p>Hair: Biotin, Zinc, Selenium help maintain normal hair condition. Copper helps maintain normal hair pigmentation<\/p>\n<p>Skin: Biotin, zinc, niacin, iodine, vitamin A and riboflavin (vitamin B2) help maintain good skin condition. Vitamin C helps to maintain the normal production of collagen, which is needed for normal skin function. Copper helps maintain normal skin pigmentation.<\/p>\n<p>Nervous system: Biotin, Iodine, Niacin, Magnesium, Copper, Vitamin B2, Vitamin B6, Vitamin B12, Vitamin C contribute to normal nervous system function. Calcium helps to maintain normal nerve impulse transmission and digestive enzyme function.<\/p>\n<p>Magnesium helps maintain electrolyte balance.<\/p>\n<p>Manganese and Copper help support normal connective tissue formation.<\/p>\n<p>Molybdenum helps maintain normal metabolism of sulphur-containing amino acids.<\/p>\n<p>Pantothenic acid helps maintain normal synthesis and metabolism of vitamin D and some neurotransmitters.<\/p>\n<p>Pantothenic acid helps maintain normal mental activity.<\/p>\n<p>Selenium helps maintain normal spermatogenesis activity.<\/p>\n<p>Vitamin C helps to restore vitamin E in its reduced form<\/p>\n<p>Vitamin D helps to maintain normal absorption and\/or assimilation of calcium and phosphorus<\/p>\n<p>Vitamin D helps maintain normal blood calcium levels<\/p>\n<p>Vitamins B6 and B12 help maintain normal homocysteine metabolism<\/p>\n<p>Vitamin B6 helps maintain normal cysteine synthesis<\/p>","protected":false},"excerpt":{"rendered":"<p>Net quantity: 117 g \/ 90 tablets<\/p>\n<p>&nbsp;<\/p>\n<p>\"Healthy Choice Multivitamin and Mineral Complex is specially formulated. A pack is enough for a 3-month course.<\/p>","protected":false},"featured_media":6053,"template":"","meta":[],"product_brand":[],"product_cat":[52,100,103],"product_tag":[53,60,29,24,30,48],"class_list":{"0":"post-4600","1":"product","2":"type-product","3":"status-publish","4":"has-post-thumbnail","6":"product_cat-akcijos","7":"product_cat-kolagenas","8":"product_cat-maisto-papildai","9":"product_tag-exportui","10":"product_tag-groziui-ir-sveikatai","11":"product_tag-kovo3","12":"product_tag-paprasti-produktai","13":"product_tag-top","14":"product_tag-vitaminai","16":"first","17":"instock","18":"sale","19":"taxable","20":"shipping-taxable","21":"purchasable","22":"product-type-simple"},"yoast_head":"<!-- This site is optimized with the Yoast SEO plugin v27.5 - https:\/\/yoast.com\/product\/yoast-seo-wordpress\/ -->\n<title>Multivitaminai ir mineralai \u201eHealthy Choice\u201c 90 table\u010di\u0173.| Healthy Choice<\/title>\n<meta name=\"robots\" content=\"index, follow, max-snippet:-1, max-image-preview:large, max-video-preview:-1\" \/>\n<link rel=\"canonical\" href=\"https:\/\/www.healthychoice.lt\/en\/produktai\/multivitaminai-ir-mineralai-117g\/\" \/>\n<meta property=\"og:locale\" content=\"en_US\" \/>\n<meta property=\"og:type\" content=\"article\" \/>\n<meta property=\"og:title\" content=\"Multivitaminai ir mineralai \u201eHealthy Choice\u201c 90 table\u010di\u0173.| Healthy Choice\" \/>\n<meta property=\"og:description\" content=\"Grynasis kiekis: 117 g \/ 90 table\u010di\u0173  &nbsp;  \u201eHealthy Choice\u201c Multivitamin\u0173 ir mineral\u0173 kompleksas sukurtas pagal speciali\u0105 formul\u0119. Pakuot\u0117s u\u017etenka\u00a03 m\u0117nesi\u0173 vartojimo kursui.\" \/>\n<meta property=\"og:url\" content=\"https:\/\/www.healthychoice.lt\/en\/produktai\/multivitaminai-ir-mineralai-117g\/\" \/>\n<meta property=\"og:site_name\" content=\"Healthy Choice\" \/>\n<meta property=\"article:publisher\" content=\"https:\/\/www.facebook.com\/healthychoice.world\/\" \/>\n<meta property=\"article:modified_time\" content=\"2026-04-21T11:10:25+00:00\" \/>\n<meta property=\"og:image\" content=\"https:\/\/www.healthychoice.lt\/wp-content\/uploads\/2023\/06\/Multivitaminai-ir-mineralai-min.jpg\" \/>\n\t<meta property=\"og:image:width\" content=\"1024\" \/>\n\t<meta property=\"og:image:height\" content=\"1024\" \/>\n\t<meta property=\"og:image:type\" content=\"image\/jpeg\" \/>\n<meta name=\"twitter:card\" content=\"summary_large_image\" \/>\n<meta name=\"twitter:label1\" content=\"Est. reading time\" \/>\n\t<meta name=\"twitter:data1\" content=\"3 minutes\" \/>\n<script type=\"application\/ld+json\" class=\"yoast-schema-graph\">{\"@context\":\"https:\\\/\\\/schema.org\",\"@graph\":[{\"@type\":\"WebPage\",\"@id\":\"https:\\\/\\\/www.healthychoice.lt\\\/produktai\\\/multivitaminai-ir-mineralai-117g\\\/\",\"url\":\"https:\\\/\\\/www.healthychoice.lt\\\/produktai\\\/multivitaminai-ir-mineralai-117g\\\/\",\"name\":\"Multivitaminai ir mineralai \u201eHealthy Choice\u201c 90 table\u010di\u0173.| Healthy Choice\",\"isPartOf\":{\"@id\":\"https:\\\/\\\/www.healthychoice.lt\\\/es\\\/#website\"},\"primaryImageOfPage\":{\"@id\":\"https:\\\/\\\/www.healthychoice.lt\\\/produktai\\\/multivitaminai-ir-mineralai-117g\\\/#primaryimage\"},\"image\":{\"@id\":\"https:\\\/\\\/www.healthychoice.lt\\\/produktai\\\/multivitaminai-ir-mineralai-117g\\\/#primaryimage\"},\"thumbnailUrl\":\"https:\\\/\\\/www.healthychoice.lt\\\/wp-content\\\/uploads\\\/2023\\\/06\\\/Multivitaminai-ir-mineralai-min.jpg\",\"datePublished\":\"2025-09-01T14:20:03+00:00\",\"dateModified\":\"2026-04-21T11:10:25+00:00\",\"breadcrumb\":{\"@id\":\"https:\\\/\\\/www.healthychoice.lt\\\/produktai\\\/multivitaminai-ir-mineralai-117g\\\/#breadcrumb\"},\"inLanguage\":\"en-US\",\"potentialAction\":[{\"@type\":\"ReadAction\",\"target\":[\"https:\\\/\\\/www.healthychoice.lt\\\/produktai\\\/multivitaminai-ir-mineralai-117g\\\/\"]}]},{\"@type\":\"ImageObject\",\"inLanguage\":\"en-US\",\"@id\":\"https:\\\/\\\/www.healthychoice.lt\\\/produktai\\\/multivitaminai-ir-mineralai-117g\\\/#primaryimage\",\"url\":\"https:\\\/\\\/www.healthychoice.lt\\\/wp-content\\\/uploads\\\/2023\\\/06\\\/Multivitaminai-ir-mineralai-min.jpg\",\"contentUrl\":\"https:\\\/\\\/www.healthychoice.lt\\\/wp-content\\\/uploads\\\/2023\\\/06\\\/Multivitaminai-ir-mineralai-min.jpg\",\"width\":1024,\"height\":1024},{\"@type\":\"BreadcrumbList\",\"@id\":\"https:\\\/\\\/www.healthychoice.lt\\\/produktai\\\/multivitaminai-ir-mineralai-117g\\\/#breadcrumb\",\"itemListElement\":[{\"@type\":\"ListItem\",\"position\":1,\"name\":\"Home\",\"item\":\"https:\\\/\\\/www.healthychoice.lt\\\/\"},{\"@type\":\"ListItem\",\"position\":2,\"name\":\"Produktai\",\"item\":\"https:\\\/\\\/www.healthychoice.lt\\\/es\\\/produktai\\\/\"},{\"@type\":\"ListItem\",\"position\":3,\"name\":\"Multivitaminai ir mineralai \u201eHealthy Choice\u201c 90 table\u010di\u0173.\"}]},{\"@type\":\"WebSite\",\"@id\":\"https:\\\/\\\/www.healthychoice.lt\\\/es\\\/#website\",\"url\":\"https:\\\/\\\/www.healthychoice.lt\\\/es\\\/\",\"name\":\"Healthy Choice\",\"description\":\"Mityba, kuria gali pasitik\u0117ti!\",\"alternateName\":\"Healthychoice\",\"potentialAction\":[{\"@type\":\"SearchAction\",\"target\":{\"@type\":\"EntryPoint\",\"urlTemplate\":\"https:\\\/\\\/www.healthychoice.lt\\\/es\\\/?s={search_term_string}\"},\"query-input\":{\"@type\":\"PropertyValueSpecification\",\"valueRequired\":true,\"valueName\":\"search_term_string\"}}],\"inLanguage\":\"en-US\"}]}<\/script>\n<!-- \/ Yoast SEO plugin. -->","yoast_head_json":{"title":"Multivitaminai ir mineralai \u201eHealthy Choice\u201c 90 table\u010di\u0173.| Healthy Choice","robots":{"index":"index","follow":"follow","max-snippet":"max-snippet:-1","max-image-preview":"max-image-preview:large","max-video-preview":"max-video-preview:-1"},"canonical":"https:\/\/www.healthychoice.lt\/en\/produktai\/multivitaminai-ir-mineralai-117g\/","og_locale":"en_US","og_type":"article","og_title":"Multivitaminai ir mineralai \u201eHealthy Choice\u201c 90 table\u010di\u0173.| Healthy Choice","og_description":"Grynasis kiekis: 117 g \/ 90 table\u010di\u0173  &nbsp;  \u201eHealthy Choice\u201c Multivitamin\u0173 ir mineral\u0173 kompleksas sukurtas pagal speciali\u0105 formul\u0119. Pakuot\u0117s u\u017etenka\u00a03 m\u0117nesi\u0173 vartojimo kursui.","og_url":"https:\/\/www.healthychoice.lt\/en\/produktai\/multivitaminai-ir-mineralai-117g\/","og_site_name":"Healthy Choice","article_publisher":"https:\/\/www.facebook.com\/healthychoice.world\/","article_modified_time":"2026-04-21T11:10:25+00:00","og_image":[{"width":1024,"height":1024,"url":"https:\/\/www.healthychoice.lt\/wp-content\/uploads\/2023\/06\/Multivitaminai-ir-mineralai-min.jpg","type":"image\/jpeg"}],"twitter_card":"summary_large_image","twitter_misc":{"Est. reading time":"3 minutes"},"schema":{"@context":"https:\/\/schema.org","@graph":[{"@type":"WebPage","@id":"https:\/\/www.healthychoice.lt\/produktai\/multivitaminai-ir-mineralai-117g\/","url":"https:\/\/www.healthychoice.lt\/produktai\/multivitaminai-ir-mineralai-117g\/","name":"Multivitaminai ir mineralai \u201eHealthy Choice\u201c 90 table\u010di\u0173.| Healthy Choice","isPartOf":{"@id":"https:\/\/www.healthychoice.lt\/es\/#website"},"primaryImageOfPage":{"@id":"https:\/\/www.healthychoice.lt\/produktai\/multivitaminai-ir-mineralai-117g\/#primaryimage"},"image":{"@id":"https:\/\/www.healthychoice.lt\/produktai\/multivitaminai-ir-mineralai-117g\/#primaryimage"},"thumbnailUrl":"https:\/\/www.healthychoice.lt\/wp-content\/uploads\/2023\/06\/Multivitaminai-ir-mineralai-min.jpg","datePublished":"2025-09-01T14:20:03+00:00","dateModified":"2026-04-21T11:10:25+00:00","breadcrumb":{"@id":"https:\/\/www.healthychoice.lt\/produktai\/multivitaminai-ir-mineralai-117g\/#breadcrumb"},"inLanguage":"en-US","potentialAction":[{"@type":"ReadAction","target":["https:\/\/www.healthychoice.lt\/produktai\/multivitaminai-ir-mineralai-117g\/"]}]},{"@type":"ImageObject","inLanguage":"en-US","@id":"https:\/\/www.healthychoice.lt\/produktai\/multivitaminai-ir-mineralai-117g\/#primaryimage","url":"https:\/\/www.healthychoice.lt\/wp-content\/uploads\/2023\/06\/Multivitaminai-ir-mineralai-min.jpg","contentUrl":"https:\/\/www.healthychoice.lt\/wp-content\/uploads\/2023\/06\/Multivitaminai-ir-mineralai-min.jpg","width":1024,"height":1024},{"@type":"BreadcrumbList","@id":"https:\/\/www.healthychoice.lt\/produktai\/multivitaminai-ir-mineralai-117g\/#breadcrumb","itemListElement":[{"@type":"ListItem","position":1,"name":"Home","item":"https:\/\/www.healthychoice.lt\/"},{"@type":"ListItem","position":2,"name":"Produktai","item":"https:\/\/www.healthychoice.lt\/es\/produktai\/"},{"@type":"ListItem","position":3,"name":"Multivitaminai ir mineralai \u201eHealthy Choice\u201c 90 table\u010di\u0173."}]},{"@type":"WebSite","@id":"https:\/\/www.healthychoice.lt\/es\/#website","url":"https:\/\/www.healthychoice.lt\/es\/","name":"Healthy Choice","description":"A diet you can trust!","alternateName":"Healthychoice","potentialAction":[{"@type":"SearchAction","target":{"@type":"EntryPoint","urlTemplate":"https:\/\/www.healthychoice.lt\/es\/?s={search_term_string}"},"query-input":{"@type":"PropertyValueSpecification","valueRequired":true,"valueName":"search_term_string"}}],"inLanguage":"en-US"}]}},"_links":{"self":[{"href":"https:\/\/www.healthychoice.lt\/en\/wp-json\/wp\/v2\/product\/4600","targetHints":{"allow":["GET"]}}],"collection":[{"href":"https:\/\/www.healthychoice.lt\/en\/wp-json\/wp\/v2\/product"}],"about":[{"href":"https:\/\/www.healthychoice.lt\/en\/wp-json\/wp\/v2\/types\/product"}],"wp:featuredmedia":[{"embeddable":true,"href":"https:\/\/www.healthychoice.lt\/en\/wp-json\/wp\/v2\/media\/6053"}],"wp:attachment":[{"href":"https:\/\/www.healthychoice.lt\/en\/wp-json\/wp\/v2\/media?parent=4600"}],"wp:term":[{"taxonomy":"product_brand","embeddable":true,"href":"https:\/\/www.healthychoice.lt\/en\/wp-json\/wp\/v2\/product_brand?post=4600"},{"taxonomy":"product_cat","embeddable":true,"href":"https:\/\/www.healthychoice.lt\/en\/wp-json\/wp\/v2\/product_cat?post=4600"},{"taxonomy":"product_tag","embeddable":true,"href":"https:\/\/www.healthychoice.lt\/en\/wp-json\/wp\/v2\/product_tag?post=4600"}],"curies":[{"name":"wp","href":"https:\/\/api.w.org\/{rel}","templated":true}]}}