{"id":4425,"date":"2020-01-01T09:49:16","date_gmt":"2020-01-01T07:49:16","guid":{"rendered":"https:\/\/www.healthychoice.lt\/?post_type=product&#038;p=4425"},"modified":"2026-03-30T11:25:34","modified_gmt":"2026-03-30T08:25:34","slug":"elektroninis-dovanu-kuponas","status":"publish","type":"product","link":"https:\/\/www.healthychoice.lt\/en\/produktai\/elektroninis-dovanu-kuponas\/","title":{"rendered":"Electronic Gift Voucher"},"content":{"rendered":"","protected":false},"excerpt":{"rendered":"<p>Not sure what to get your loved one?<\/p>\n<p>Give a Healthy Choice e-gift voucher. After all, health is the most precious thing we have, and our goal is that you and your loved ones will find what was missing and radiate strength, beauty and, of course, health!<\/p>","protected":false},"featured_media":6514,"template":"","meta":[],"product_brand":[],"product_cat":[52,46],"product_tag":[24],"class_list":{"0":"post-4425","1":"product","2":"type-product","3":"status-publish","4":"has-post-thumbnail","6":"product_cat-akcijos","7":"product_cat-dovanu-kuponai","8":"product_tag-paprasti-produktai","10":"first","11":"instock","12":"taxable","13":"shipping-taxable","14":"purchasable","15":"product-type-variable"},"yoast_head":"<!-- This site is optimized with the Yoast SEO plugin v27.5 - https:\/\/yoast.com\/product\/yoast-seo-wordpress\/ -->\n<title>Elektroninis Dovan\u0173 Kuponas | Healthy Choice<\/title>\n<meta name=\"robots\" content=\"index, follow, max-snippet:-1, max-image-preview:large, max-video-preview:-1\" \/>\n<link rel=\"canonical\" href=\"https:\/\/www.healthychoice.lt\/en\/produktai\/elektroninis-dovanu-kuponas\/\" \/>\n<meta property=\"og:locale\" content=\"en_US\" \/>\n<meta property=\"og:type\" content=\"article\" \/>\n<meta property=\"og:title\" content=\"Elektroninis Dovan\u0173 Kuponas | Healthy Choice\" \/>\n<meta property=\"og:description\" content=\"Ne\u017einai k\u0105 padovanoti brangiam \u017emogui?  Padovanok \u201eHealthy Choice\u201d elektronin\u012f dovan\u0173 kupon\u0105. Juk sveikata yra brangiausia k\u0105 turime, o m\u016bs\u0173 tikslas, kad j\u016bs ir j\u016bs\u0173 artimieji rast\u0173 tai ko tr\u016bko bei spinduliuot\u0173 j\u0117ga, gro\u017eiu ir, \u017einoma, sveikata!\" \/>\n<meta property=\"og:url\" content=\"https:\/\/www.healthychoice.lt\/en\/produktai\/elektroninis-dovanu-kuponas\/\" \/>\n<meta property=\"og:site_name\" content=\"Healthy Choice\" \/>\n<meta property=\"article:publisher\" content=\"https:\/\/www.facebook.com\/healthychoice.world\/\" \/>\n<meta property=\"article:modified_time\" content=\"2026-03-30T08:25:34+00:00\" \/>\n<meta property=\"og:image\" content=\"https:\/\/www.healthychoice.lt\/wp-content\/uploads\/2020\/01\/DOVANU.jpg\" \/>\n\t<meta property=\"og:image:width\" content=\"1024\" \/>\n\t<meta property=\"og:image:height\" content=\"1024\" \/>\n\t<meta property=\"og:image:type\" content=\"image\/jpeg\" \/>\n<meta name=\"twitter:card\" content=\"summary_large_image\" \/>\n<meta name=\"twitter:label1\" content=\"Est. reading time\" \/>\n\t<meta name=\"twitter:data1\" content=\"1 minute\" \/>\n<script type=\"application\/ld+json\" class=\"yoast-schema-graph\">{\"@context\":\"https:\\\/\\\/schema.org\",\"@graph\":[{\"@type\":\"WebPage\",\"@id\":\"https:\\\/\\\/www.healthychoice.lt\\\/produktai\\\/elektroninis-dovanu-kuponas\\\/\",\"url\":\"https:\\\/\\\/www.healthychoice.lt\\\/produktai\\\/elektroninis-dovanu-kuponas\\\/\",\"name\":\"Elektroninis Dovan\u0173 Kuponas | Healthy Choice\",\"isPartOf\":{\"@id\":\"https:\\\/\\\/www.healthychoice.lt\\\/es\\\/#website\"},\"primaryImageOfPage\":{\"@id\":\"https:\\\/\\\/www.healthychoice.lt\\\/produktai\\\/elektroninis-dovanu-kuponas\\\/#primaryimage\"},\"image\":{\"@id\":\"https:\\\/\\\/www.healthychoice.lt\\\/produktai\\\/elektroninis-dovanu-kuponas\\\/#primaryimage\"},\"thumbnailUrl\":\"https:\\\/\\\/www.healthychoice.lt\\\/wp-content\\\/uploads\\\/2020\\\/01\\\/DOVANU.jpg\",\"datePublished\":\"2020-01-01T07:49:16+00:00\",\"dateModified\":\"2026-03-30T08:25:34+00:00\",\"breadcrumb\":{\"@id\":\"https:\\\/\\\/www.healthychoice.lt\\\/produktai\\\/elektroninis-dovanu-kuponas\\\/#breadcrumb\"},\"inLanguage\":\"en-US\",\"potentialAction\":[{\"@type\":\"ReadAction\",\"target\":[\"https:\\\/\\\/www.healthychoice.lt\\\/produktai\\\/elektroninis-dovanu-kuponas\\\/\"]}]},{\"@type\":\"ImageObject\",\"inLanguage\":\"en-US\",\"@id\":\"https:\\\/\\\/www.healthychoice.lt\\\/produktai\\\/elektroninis-dovanu-kuponas\\\/#primaryimage\",\"url\":\"https:\\\/\\\/www.healthychoice.lt\\\/wp-content\\\/uploads\\\/2020\\\/01\\\/DOVANU.jpg\",\"contentUrl\":\"https:\\\/\\\/www.healthychoice.lt\\\/wp-content\\\/uploads\\\/2020\\\/01\\\/DOVANU.jpg\",\"width\":1024,\"height\":1024,\"caption\":\"dovanu kuponas\"},{\"@type\":\"BreadcrumbList\",\"@id\":\"https:\\\/\\\/www.healthychoice.lt\\\/produktai\\\/elektroninis-dovanu-kuponas\\\/#breadcrumb\",\"itemListElement\":[{\"@type\":\"ListItem\",\"position\":1,\"name\":\"Home\",\"item\":\"https:\\\/\\\/www.healthychoice.lt\\\/\"},{\"@type\":\"ListItem\",\"position\":2,\"name\":\"Produktai\",\"item\":\"https:\\\/\\\/www.healthychoice.lt\\\/es\\\/produktai\\\/\"},{\"@type\":\"ListItem\",\"position\":3,\"name\":\"Elektroninis Dovan\u0173 Kuponas\"}]},{\"@type\":\"WebSite\",\"@id\":\"https:\\\/\\\/www.healthychoice.lt\\\/es\\\/#website\",\"url\":\"https:\\\/\\\/www.healthychoice.lt\\\/es\\\/\",\"name\":\"Healthy Choice\",\"description\":\"Mityba, kuria gali pasitik\u0117ti!\",\"alternateName\":\"Healthychoice\",\"potentialAction\":[{\"@type\":\"SearchAction\",\"target\":{\"@type\":\"EntryPoint\",\"urlTemplate\":\"https:\\\/\\\/www.healthychoice.lt\\\/es\\\/?s={search_term_string}\"},\"query-input\":{\"@type\":\"PropertyValueSpecification\",\"valueRequired\":true,\"valueName\":\"search_term_string\"}}],\"inLanguage\":\"en-US\"}]}<\/script>\n<!-- \/ Yoast SEO plugin. -->","yoast_head_json":{"title":"Elektroninis Dovan\u0173 Kuponas | Healthy Choice","robots":{"index":"index","follow":"follow","max-snippet":"max-snippet:-1","max-image-preview":"max-image-preview:large","max-video-preview":"max-video-preview:-1"},"canonical":"https:\/\/www.healthychoice.lt\/en\/produktai\/elektroninis-dovanu-kuponas\/","og_locale":"en_US","og_type":"article","og_title":"Elektroninis Dovan\u0173 Kuponas | Healthy Choice","og_description":"Ne\u017einai k\u0105 padovanoti brangiam \u017emogui?  Padovanok \u201eHealthy Choice\u201d elektronin\u012f dovan\u0173 kupon\u0105. Juk sveikata yra brangiausia k\u0105 turime, o m\u016bs\u0173 tikslas, kad j\u016bs ir j\u016bs\u0173 artimieji rast\u0173 tai ko tr\u016bko bei spinduliuot\u0173 j\u0117ga, gro\u017eiu ir, \u017einoma, sveikata!","og_url":"https:\/\/www.healthychoice.lt\/en\/produktai\/elektroninis-dovanu-kuponas\/","og_site_name":"Healthy Choice","article_publisher":"https:\/\/www.facebook.com\/healthychoice.world\/","article_modified_time":"2026-03-30T08:25:34+00:00","og_image":[{"width":1024,"height":1024,"url":"https:\/\/www.healthychoice.lt\/wp-content\/uploads\/2020\/01\/DOVANU.jpg","type":"image\/jpeg"}],"twitter_card":"summary_large_image","twitter_misc":{"Est. reading time":"1 minute"},"schema":{"@context":"https:\/\/schema.org","@graph":[{"@type":"WebPage","@id":"https:\/\/www.healthychoice.lt\/produktai\/elektroninis-dovanu-kuponas\/","url":"https:\/\/www.healthychoice.lt\/produktai\/elektroninis-dovanu-kuponas\/","name":"Elektroninis Dovan\u0173 Kuponas | Healthy Choice","isPartOf":{"@id":"https:\/\/www.healthychoice.lt\/es\/#website"},"primaryImageOfPage":{"@id":"https:\/\/www.healthychoice.lt\/produktai\/elektroninis-dovanu-kuponas\/#primaryimage"},"image":{"@id":"https:\/\/www.healthychoice.lt\/produktai\/elektroninis-dovanu-kuponas\/#primaryimage"},"thumbnailUrl":"https:\/\/www.healthychoice.lt\/wp-content\/uploads\/2020\/01\/DOVANU.jpg","datePublished":"2020-01-01T07:49:16+00:00","dateModified":"2026-03-30T08:25:34+00:00","breadcrumb":{"@id":"https:\/\/www.healthychoice.lt\/produktai\/elektroninis-dovanu-kuponas\/#breadcrumb"},"inLanguage":"en-US","potentialAction":[{"@type":"ReadAction","target":["https:\/\/www.healthychoice.lt\/produktai\/elektroninis-dovanu-kuponas\/"]}]},{"@type":"ImageObject","inLanguage":"en-US","@id":"https:\/\/www.healthychoice.lt\/produktai\/elektroninis-dovanu-kuponas\/#primaryimage","url":"https:\/\/www.healthychoice.lt\/wp-content\/uploads\/2020\/01\/DOVANU.jpg","contentUrl":"https:\/\/www.healthychoice.lt\/wp-content\/uploads\/2020\/01\/DOVANU.jpg","width":1024,"height":1024,"caption":"dovanu kuponas"},{"@type":"BreadcrumbList","@id":"https:\/\/www.healthychoice.lt\/produktai\/elektroninis-dovanu-kuponas\/#breadcrumb","itemListElement":[{"@type":"ListItem","position":1,"name":"Home","item":"https:\/\/www.healthychoice.lt\/"},{"@type":"ListItem","position":2,"name":"Produktai","item":"https:\/\/www.healthychoice.lt\/es\/produktai\/"},{"@type":"ListItem","position":3,"name":"Elektroninis Dovan\u0173 Kuponas"}]},{"@type":"WebSite","@id":"https:\/\/www.healthychoice.lt\/es\/#website","url":"https:\/\/www.healthychoice.lt\/es\/","name":"Healthy Choice","description":"A diet you can trust!","alternateName":"Healthychoice","potentialAction":[{"@type":"SearchAction","target":{"@type":"EntryPoint","urlTemplate":"https:\/\/www.healthychoice.lt\/es\/?s={search_term_string}"},"query-input":{"@type":"PropertyValueSpecification","valueRequired":true,"valueName":"search_term_string"}}],"inLanguage":"en-US"}]}},"_links":{"self":[{"href":"https:\/\/www.healthychoice.lt\/en\/wp-json\/wp\/v2\/product\/4425","targetHints":{"allow":["GET"]}}],"collection":[{"href":"https:\/\/www.healthychoice.lt\/en\/wp-json\/wp\/v2\/product"}],"about":[{"href":"https:\/\/www.healthychoice.lt\/en\/wp-json\/wp\/v2\/types\/product"}],"wp:featuredmedia":[{"embeddable":true,"href":"https:\/\/www.healthychoice.lt\/en\/wp-json\/wp\/v2\/media\/6514"}],"wp:attachment":[{"href":"https:\/\/www.healthychoice.lt\/en\/wp-json\/wp\/v2\/media?parent=4425"}],"wp:term":[{"taxonomy":"product_brand","embeddable":true,"href":"https:\/\/www.healthychoice.lt\/en\/wp-json\/wp\/v2\/product_brand?post=4425"},{"taxonomy":"product_cat","embeddable":true,"href":"https:\/\/www.healthychoice.lt\/en\/wp-json\/wp\/v2\/product_cat?post=4425"},{"taxonomy":"product_tag","embeddable":true,"href":"https:\/\/www.healthychoice.lt\/en\/wp-json\/wp\/v2\/product_tag?post=4425"}],"curies":[{"name":"wp","href":"https:\/\/api.w.org\/{rel}","templated":true}]}}