{"id":3613,"date":"2021-11-26T20:37:46","date_gmt":"2021-11-26T18:37:46","guid":{"rendered":"https:\/\/www.healthychoice.lt\/?post_type=product&#038;p=3613"},"modified":"2026-04-13T18:32:43","modified_gmt":"2026-04-13T15:32:43","slug":"zemes-riesutu-uztepas-healthy-choice-su-gabaliukais-3vnt","status":"publish","type":"product","link":"https:\/\/www.healthychoice.lt\/en\/produktai\/zemes-riesutu-uztepas-healthy-choice-su-gabaliukais-3vnt\/","title":{"rendered":"Set: peanut spread Healthy Choice with chunks 3pcs 250g"},"content":{"rendered":"<h2 style=\"text-align: center;\">About HEALTHY CHOICE Peanut Spread<\/h2>\n<div class=\"row\"  id=\"row-5583010\">\n\n\t<div id=\"col-1186349634\" class=\"col medium-6 small-12 large-6\"  >\n\t\t\t\t<div class=\"col-inner\"  >\n\t\t\t\n\t\t\t\n<p><strong>Healthy Choice Peanut Spread with chunks 3pcs 250g<\/strong><\/p>\n<p>Peanut spread <strong>\"HEALTHY CHOICE\"<\/strong> is the best quality vegetable protein. It is a great tasting, high quality product made from natural raw materials, without the use of any artificial spices, flavour enhancers, fats, synthetic additives and colours.<\/p>\n<p>It is made from the finest peanuts, rich in VITAMINS and MINERALS such as Sodium, Calcium, Magnesium, Potassium. It is obtained by roasting the peanuts with their shells, then crushing the nuts to obtain a wonderful crunchy flavour, thus preserving the unchanged protein and fat structure.<\/p>\n<p>The fibre ensures smooth bowel function and provides a feeling of satiety that will reduce cravings for unnecessary snacks and sweets.<\/p>\n\t\t<\/div>\n\t\t\t\t\t<\/div>\n\n\t\n\n\t<div id=\"col-1057237466\" class=\"col medium-6 small-12 large-6\"  >\n\t\t\t\t<div class=\"col-inner\"  >\n\t\t\t\n\t\t\t\n<p><strong>The main advantages of HEALTHY CHOICE - 100% Peanut Spread:<\/strong><\/p>\n<ul>\n<li>Made from 100% peanuts;<\/li>\n<li>It does not contain added sugar, salt or oils;<\/li>\n<li>No sweeteners, colours or flavour additives;<\/li>\n<li>No synthetic additives or preservatives;<\/li>\n<li>High biological value preserved;<\/li>\n<li>Improves overall performance;<\/li>\n<li>Excellent unsaturated fatty acid complex:\n<ul>\n<li>contains mono-unsaturated fats;<\/li>\n<li>contains poly-unsaturated fats;<\/li>\n<li>of which essential linoleic and alpha-linolenic fatty acids (EFAs)<\/li>\n<\/ul>\n<\/li>\n<li>Contains Omega-6 fatty acids, which are essential for maintaining brain and heart function and normal growth and development;<\/li>\n<li>Contains vitamins and minerals: sodium, calcium, magnesium, potassium;<\/li>\n<li>Helps preserve muscle mass;<\/li>\n<li>Suitable for athletes;<\/li>\n<li>Suitable for children and pregnant women;<\/li>\n<li>Suitable for vegetarians and vegans;<\/li>\n<li>Made in Lithuania;<\/li>\n<\/ul>\n\t\t<\/div>\n\t\t\t\t\t<\/div>\n\n\t\n<\/div>","protected":false},"excerpt":{"rendered":"<p>Set: peanut spread Healthy Choice with chunks 3pcs 250g<\/p>","protected":false},"featured_media":8993,"template":"","meta":[],"product_brand":[],"product_cat":[52,101,28],"product_tag":[24,61,25],"class_list":{"0":"post-3613","1":"product","2":"type-product","3":"status-publish","4":"has-post-thumbnail","6":"product_cat-akcijos","7":"product_cat-riesutu-produktai","8":"product_cat-rinkiniai","9":"product_tag-paprasti-produktai","10":"product_tag-riesutu-produktai","11":"product_tag-rinkiniai","13":"first","14":"instock","15":"sale","16":"taxable","17":"shipping-taxable","18":"purchasable","19":"product-type-simple"},"yoast_head":"<!-- This site is optimized with the Yoast SEO plugin v27.4 - https:\/\/yoast.com\/product\/yoast-seo-wordpress\/ -->\n<title>Rinkinys: \u017eem\u0117s rie\u0161ut\u0173 u\u017etepas \u201eHealthy Choice\u201c su gabaliukais 3vnt. po 250g| Healthy Choice<\/title>\n<meta name=\"robots\" content=\"index, follow, max-snippet:-1, max-image-preview:large, max-video-preview:-1\" \/>\n<link rel=\"canonical\" href=\"https:\/\/www.healthychoice.lt\/en\/produktai\/zemes-riesutu-uztepas-healthy-choice-su-gabaliukais-3vnt\/\" \/>\n<meta property=\"og:locale\" content=\"en_US\" \/>\n<meta property=\"og:type\" content=\"article\" \/>\n<meta property=\"og:title\" content=\"Rinkinys: \u017eem\u0117s rie\u0161ut\u0173 u\u017etepas \u201eHealthy Choice\u201c su gabaliukais 3vnt. po 250g| Healthy Choice\" \/>\n<meta property=\"og:description\" content=\"Rinkinys: \u017eem\u0117s rie\u0161ut\u0173 u\u017etepas \u201eHealthy Choice\u201c su gabaliukais 3vnt. po 250g\" \/>\n<meta property=\"og:url\" content=\"https:\/\/www.healthychoice.lt\/en\/produktai\/zemes-riesutu-uztepas-healthy-choice-su-gabaliukais-3vnt\/\" \/>\n<meta property=\"og:site_name\" content=\"Healthy Choice\" \/>\n<meta property=\"article:publisher\" content=\"https:\/\/www.facebook.com\/healthychoice.world\/\" \/>\n<meta property=\"article:modified_time\" content=\"2026-04-13T15:32:43+00:00\" \/>\n<meta property=\"og:image\" content=\"https:\/\/www.healthychoice.lt\/wp-content\/uploads\/2021\/11\/3-zemes-riesutai.jpg\" \/>\n\t<meta property=\"og:image:width\" content=\"1024\" \/>\n\t<meta property=\"og:image:height\" content=\"1024\" \/>\n\t<meta property=\"og:image:type\" content=\"image\/jpeg\" \/>\n<meta name=\"twitter:card\" content=\"summary_large_image\" \/>\n<meta name=\"twitter:label1\" content=\"Est. reading time\" \/>\n\t<meta name=\"twitter:data1\" content=\"1 minute\" \/>\n<script type=\"application\/ld+json\" class=\"yoast-schema-graph\">{\"@context\":\"https:\\\/\\\/schema.org\",\"@graph\":[{\"@type\":\"WebPage\",\"@id\":\"https:\\\/\\\/www.healthychoice.lt\\\/produktai\\\/zemes-riesutu-uztepas-healthy-choice-su-gabaliukais-3vnt\\\/\",\"url\":\"https:\\\/\\\/www.healthychoice.lt\\\/produktai\\\/zemes-riesutu-uztepas-healthy-choice-su-gabaliukais-3vnt\\\/\",\"name\":\"Rinkinys: \u017eem\u0117s rie\u0161ut\u0173 u\u017etepas \u201eHealthy Choice\u201c su gabaliukais 3vnt. po 250g| Healthy Choice\",\"isPartOf\":{\"@id\":\"https:\\\/\\\/www.healthychoice.lt\\\/es\\\/#website\"},\"primaryImageOfPage\":{\"@id\":\"https:\\\/\\\/www.healthychoice.lt\\\/produktai\\\/zemes-riesutu-uztepas-healthy-choice-su-gabaliukais-3vnt\\\/#primaryimage\"},\"image\":{\"@id\":\"https:\\\/\\\/www.healthychoice.lt\\\/produktai\\\/zemes-riesutu-uztepas-healthy-choice-su-gabaliukais-3vnt\\\/#primaryimage\"},\"thumbnailUrl\":\"https:\\\/\\\/www.healthychoice.lt\\\/wp-content\\\/uploads\\\/2021\\\/11\\\/3-zemes-riesutai.jpg\",\"datePublished\":\"2021-11-26T18:37:46+00:00\",\"dateModified\":\"2026-04-13T15:32:43+00:00\",\"breadcrumb\":{\"@id\":\"https:\\\/\\\/www.healthychoice.lt\\\/produktai\\\/zemes-riesutu-uztepas-healthy-choice-su-gabaliukais-3vnt\\\/#breadcrumb\"},\"inLanguage\":\"en-US\",\"potentialAction\":[{\"@type\":\"ReadAction\",\"target\":[\"https:\\\/\\\/www.healthychoice.lt\\\/produktai\\\/zemes-riesutu-uztepas-healthy-choice-su-gabaliukais-3vnt\\\/\"]}]},{\"@type\":\"ImageObject\",\"inLanguage\":\"en-US\",\"@id\":\"https:\\\/\\\/www.healthychoice.lt\\\/produktai\\\/zemes-riesutu-uztepas-healthy-choice-su-gabaliukais-3vnt\\\/#primaryimage\",\"url\":\"https:\\\/\\\/www.healthychoice.lt\\\/wp-content\\\/uploads\\\/2021\\\/11\\\/3-zemes-riesutai.jpg\",\"contentUrl\":\"https:\\\/\\\/www.healthychoice.lt\\\/wp-content\\\/uploads\\\/2021\\\/11\\\/3-zemes-riesutai.jpg\",\"width\":1024,\"height\":1024},{\"@type\":\"BreadcrumbList\",\"@id\":\"https:\\\/\\\/www.healthychoice.lt\\\/produktai\\\/zemes-riesutu-uztepas-healthy-choice-su-gabaliukais-3vnt\\\/#breadcrumb\",\"itemListElement\":[{\"@type\":\"ListItem\",\"position\":1,\"name\":\"Home\",\"item\":\"https:\\\/\\\/www.healthychoice.lt\\\/\"},{\"@type\":\"ListItem\",\"position\":2,\"name\":\"Produktai\",\"item\":\"https:\\\/\\\/www.healthychoice.lt\\\/es\\\/produktai\\\/\"},{\"@type\":\"ListItem\",\"position\":3,\"name\":\"Rinkinys: \u017eem\u0117s rie\u0161ut\u0173 u\u017etepas \u201eHealthy Choice\u201c su gabaliukais 3vnt. po 250g\"}]},{\"@type\":\"WebSite\",\"@id\":\"https:\\\/\\\/www.healthychoice.lt\\\/es\\\/#website\",\"url\":\"https:\\\/\\\/www.healthychoice.lt\\\/es\\\/\",\"name\":\"Healthy Choice\",\"description\":\"Mityba, kuria gali pasitik\u0117ti!\",\"alternateName\":\"Healthychoice\",\"potentialAction\":[{\"@type\":\"SearchAction\",\"target\":{\"@type\":\"EntryPoint\",\"urlTemplate\":\"https:\\\/\\\/www.healthychoice.lt\\\/es\\\/?s={search_term_string}\"},\"query-input\":{\"@type\":\"PropertyValueSpecification\",\"valueRequired\":true,\"valueName\":\"search_term_string\"}}],\"inLanguage\":\"en-US\"}]}<\/script>\n<!-- \/ Yoast SEO plugin. -->","yoast_head_json":{"title":"Rinkinys: \u017eem\u0117s rie\u0161ut\u0173 u\u017etepas \u201eHealthy Choice\u201c su gabaliukais 3vnt. po 250g| Healthy Choice","robots":{"index":"index","follow":"follow","max-snippet":"max-snippet:-1","max-image-preview":"max-image-preview:large","max-video-preview":"max-video-preview:-1"},"canonical":"https:\/\/www.healthychoice.lt\/en\/produktai\/zemes-riesutu-uztepas-healthy-choice-su-gabaliukais-3vnt\/","og_locale":"en_US","og_type":"article","og_title":"Rinkinys: \u017eem\u0117s rie\u0161ut\u0173 u\u017etepas \u201eHealthy Choice\u201c su gabaliukais 3vnt. po 250g| Healthy Choice","og_description":"Rinkinys: \u017eem\u0117s rie\u0161ut\u0173 u\u017etepas \u201eHealthy Choice\u201c su gabaliukais 3vnt. po 250g","og_url":"https:\/\/www.healthychoice.lt\/en\/produktai\/zemes-riesutu-uztepas-healthy-choice-su-gabaliukais-3vnt\/","og_site_name":"Healthy Choice","article_publisher":"https:\/\/www.facebook.com\/healthychoice.world\/","article_modified_time":"2026-04-13T15:32:43+00:00","og_image":[{"width":1024,"height":1024,"url":"https:\/\/www.healthychoice.lt\/wp-content\/uploads\/2021\/11\/3-zemes-riesutai.jpg","type":"image\/jpeg"}],"twitter_card":"summary_large_image","twitter_misc":{"Est. reading time":"1 minute"},"schema":{"@context":"https:\/\/schema.org","@graph":[{"@type":"WebPage","@id":"https:\/\/www.healthychoice.lt\/produktai\/zemes-riesutu-uztepas-healthy-choice-su-gabaliukais-3vnt\/","url":"https:\/\/www.healthychoice.lt\/produktai\/zemes-riesutu-uztepas-healthy-choice-su-gabaliukais-3vnt\/","name":"Rinkinys: \u017eem\u0117s rie\u0161ut\u0173 u\u017etepas \u201eHealthy Choice\u201c su gabaliukais 3vnt. po 250g| Healthy Choice","isPartOf":{"@id":"https:\/\/www.healthychoice.lt\/es\/#website"},"primaryImageOfPage":{"@id":"https:\/\/www.healthychoice.lt\/produktai\/zemes-riesutu-uztepas-healthy-choice-su-gabaliukais-3vnt\/#primaryimage"},"image":{"@id":"https:\/\/www.healthychoice.lt\/produktai\/zemes-riesutu-uztepas-healthy-choice-su-gabaliukais-3vnt\/#primaryimage"},"thumbnailUrl":"https:\/\/www.healthychoice.lt\/wp-content\/uploads\/2021\/11\/3-zemes-riesutai.jpg","datePublished":"2021-11-26T18:37:46+00:00","dateModified":"2026-04-13T15:32:43+00:00","breadcrumb":{"@id":"https:\/\/www.healthychoice.lt\/produktai\/zemes-riesutu-uztepas-healthy-choice-su-gabaliukais-3vnt\/#breadcrumb"},"inLanguage":"en-US","potentialAction":[{"@type":"ReadAction","target":["https:\/\/www.healthychoice.lt\/produktai\/zemes-riesutu-uztepas-healthy-choice-su-gabaliukais-3vnt\/"]}]},{"@type":"ImageObject","inLanguage":"en-US","@id":"https:\/\/www.healthychoice.lt\/produktai\/zemes-riesutu-uztepas-healthy-choice-su-gabaliukais-3vnt\/#primaryimage","url":"https:\/\/www.healthychoice.lt\/wp-content\/uploads\/2021\/11\/3-zemes-riesutai.jpg","contentUrl":"https:\/\/www.healthychoice.lt\/wp-content\/uploads\/2021\/11\/3-zemes-riesutai.jpg","width":1024,"height":1024},{"@type":"BreadcrumbList","@id":"https:\/\/www.healthychoice.lt\/produktai\/zemes-riesutu-uztepas-healthy-choice-su-gabaliukais-3vnt\/#breadcrumb","itemListElement":[{"@type":"ListItem","position":1,"name":"Home","item":"https:\/\/www.healthychoice.lt\/"},{"@type":"ListItem","position":2,"name":"Produktai","item":"https:\/\/www.healthychoice.lt\/es\/produktai\/"},{"@type":"ListItem","position":3,"name":"Rinkinys: \u017eem\u0117s rie\u0161ut\u0173 u\u017etepas \u201eHealthy Choice\u201c su gabaliukais 3vnt. po 250g"}]},{"@type":"WebSite","@id":"https:\/\/www.healthychoice.lt\/es\/#website","url":"https:\/\/www.healthychoice.lt\/es\/","name":"Healthy Choice","description":"A diet you can trust!","alternateName":"Healthychoice","potentialAction":[{"@type":"SearchAction","target":{"@type":"EntryPoint","urlTemplate":"https:\/\/www.healthychoice.lt\/es\/?s={search_term_string}"},"query-input":{"@type":"PropertyValueSpecification","valueRequired":true,"valueName":"search_term_string"}}],"inLanguage":"en-US"}]}},"_links":{"self":[{"href":"https:\/\/www.healthychoice.lt\/en\/wp-json\/wp\/v2\/product\/3613","targetHints":{"allow":["GET"]}}],"collection":[{"href":"https:\/\/www.healthychoice.lt\/en\/wp-json\/wp\/v2\/product"}],"about":[{"href":"https:\/\/www.healthychoice.lt\/en\/wp-json\/wp\/v2\/types\/product"}],"wp:featuredmedia":[{"embeddable":true,"href":"https:\/\/www.healthychoice.lt\/en\/wp-json\/wp\/v2\/media\/8993"}],"wp:attachment":[{"href":"https:\/\/www.healthychoice.lt\/en\/wp-json\/wp\/v2\/media?parent=3613"}],"wp:term":[{"taxonomy":"product_brand","embeddable":true,"href":"https:\/\/www.healthychoice.lt\/en\/wp-json\/wp\/v2\/product_brand?post=3613"},{"taxonomy":"product_cat","embeddable":true,"href":"https:\/\/www.healthychoice.lt\/en\/wp-json\/wp\/v2\/product_cat?post=3613"},{"taxonomy":"product_tag","embeddable":true,"href":"https:\/\/www.healthychoice.lt\/en\/wp-json\/wp\/v2\/product_tag?post=3613"}],"curies":[{"name":"wp","href":"https:\/\/api.w.org\/{rel}","templated":true}]}}