{"id":156,"date":"2022-01-15T15:58:36","date_gmt":"2022-01-15T13:58:36","guid":{"rendered":"https:\/\/www.healthychoice.lt\/?post_type=product&#038;p=156"},"modified":"2026-05-13T06:58:31","modified_gmt":"2026-05-13T03:58:31","slug":"zemes-riesutu-uztepas","status":"publish","type":"product","link":"https:\/\/www.healthychoice.lt\/en\/produktai\/zemes-riesutu-uztepas\/","title":{"rendered":"Peanut spread cream, 1kg"},"content":{"rendered":"<h2 style=\"text-align: center;\">About HEALTHY CHOICE Peanut Spread<\/h2>\n<div class=\"row\"  id=\"row-1274570710\">\n\n\t<div id=\"col-1669671131\" class=\"col medium-6 small-12 large-6\"  >\n\t\t\t\t<div class=\"col-inner\"  >\n\t\t\t\n\t\t\t\n<p>Peanut spread <strong>\"HEALTHY CHOICE\"<\/strong> is the best quality vegetable protein. It is a great tasting, high quality product made from natural raw materials, without the use of any artificial spices, flavour enhancers, fats, synthetic additives and colours.<\/p>\n<p>It is made from the finest peanuts, rich in VITAMINS and MINERALS such as Sodium, Calcium, Magnesium, Potassium. It is obtained by roasting the peanuts with their shells, then crushing the nuts to obtain a wonderful crunchy flavour, thus preserving the unchanged protein and fat structure.<\/p>\n<p>The fibre ensures smooth bowel function and provides a feeling of satiety that will reduce cravings for unnecessary snacks and sweets.<\/p>\n\t\t<\/div>\n\t\t\t\t\t<\/div>\n\n\t\n\n\t<div id=\"col-801916428\" class=\"col medium-6 small-12 large-6\"  >\n\t\t\t\t<div class=\"col-inner\"  >\n\t\t\t\n\t\t\t\n<p><strong>The main advantages of HEALTHY CHOICE - 100% Peanut Spread:<\/strong><\/p>\n<ul>\n<li>Made from 100% peanuts;<\/li>\n<li>It does not contain added sugar, salt or oils;<\/li>\n<li>No sweeteners, colours or flavour additives;<\/li>\n<li>No synthetic additives or preservatives;<\/li>\n<li>High biological value preserved;<\/li>\n<li>Improves overall performance;<\/li>\n<li>Excellent unsaturated fatty acid complex:\n<ul>\n<li>contains mono-unsaturated fats;<\/li>\n<li>contains poly-unsaturated fats;<\/li>\n<li>of which essential linoleic and alpha-linolenic fatty acids (EFAs)<\/li>\n<\/ul>\n<\/li>\n<li>Contains Omega-6 fatty acids, which are essential for maintaining brain and heart function and normal growth and development;<\/li>\n<li>Contains vitamins and minerals: sodium, calcium, magnesium, potassium;<\/li>\n<li>Helps preserve muscle mass;<\/li>\n<li>Suitable for athletes;<\/li>\n<li>Suitable for children and pregnant women;<\/li>\n<li>Suitable for vegetarians and vegans;<\/li>\n<li>Made in Lithuania;<\/li>\n<\/ul>\n\t\t<\/div>\n\t\t\t\t\t<\/div>\n\n\t\n<\/div>","protected":false},"excerpt":{"rendered":"<p>Healthy Choice Peanut Spread is available in two consistencies, cream and chunky, with high quality vegetable protein, unsaturated fats, fibre and carbohydrates. Developed with high biological value (BV). It is a quality product suitable for several times a day.<\/p>","protected":false},"featured_media":8988,"template":"","meta":[],"product_brand":[],"product_cat":[52,101,31],"product_tag":[53,29,24,61,30],"class_list":{"0":"post-156","1":"product","2":"type-product","3":"status-publish","4":"has-post-thumbnail","6":"product_cat-akcijos","7":"product_cat-riesutu-produktai","8":"product_cat-top","9":"product_tag-exportui","10":"product_tag-kovo3","11":"product_tag-paprasti-produktai","12":"product_tag-riesutu-produktai","13":"product_tag-top","15":"first","16":"instock","17":"sale","18":"taxable","19":"shipping-taxable","20":"purchasable","21":"product-type-simple"},"yoast_head":"<!-- This site is optimized with the Yoast SEO plugin v27.5 - https:\/\/yoast.com\/product\/yoast-seo-wordpress\/ -->\n<title>\u017dem\u0117s rie\u0161ut\u0173 u\u017etepas kremas, 1kg| Healthy Choice<\/title>\n<meta name=\"robots\" content=\"index, follow, max-snippet:-1, max-image-preview:large, max-video-preview:-1\" \/>\n<link rel=\"canonical\" href=\"https:\/\/www.healthychoice.lt\/en\/produktai\/zemes-riesutu-uztepas\/\" \/>\n<meta property=\"og:locale\" content=\"en_US\" \/>\n<meta property=\"og:type\" content=\"article\" \/>\n<meta property=\"og:title\" content=\"\u017dem\u0117s rie\u0161ut\u0173 u\u017etepas kremas, 1kg| Healthy Choice\" \/>\n<meta property=\"og:description\" content=\"\u017dem\u0117s rie\u0161ut\u0173 u\u017etepas \u201eHealthy Choice\u201c yra dviej\u0173 konsistencij\u0173, kremo ir gabaliukais, auk\u0161tos kokyb\u0117s augaliniai baltymai, nesotieji riebalai, skaidulos ir angliavandeniai. Sukurtas i\u0161saugant auk\u0161t\u0105 biologin\u0119 vert\u0119 (BV). Tai kokybi\u0161kas produktas, tinkamas vartoti kelet\u0105 kart\u0173 per dien\u0105.\" \/>\n<meta property=\"og:url\" content=\"https:\/\/www.healthychoice.lt\/en\/produktai\/zemes-riesutu-uztepas\/\" \/>\n<meta property=\"og:site_name\" content=\"Healthy Choice\" \/>\n<meta property=\"article:publisher\" content=\"https:\/\/www.facebook.com\/healthychoice.world\/\" \/>\n<meta property=\"article:modified_time\" content=\"2026-05-13T03:58:31+00:00\" \/>\n<meta property=\"og:image\" content=\"https:\/\/www.healthychoice.lt\/wp-content\/uploads\/2022\/01\/riesutu-uztepas-kremas-good.jpg\" \/>\n\t<meta property=\"og:image:width\" content=\"1024\" \/>\n\t<meta property=\"og:image:height\" content=\"1024\" \/>\n\t<meta property=\"og:image:type\" content=\"image\/jpeg\" \/>\n<meta name=\"twitter:card\" content=\"summary_large_image\" \/>\n<meta name=\"twitter:label1\" content=\"Est. reading time\" \/>\n\t<meta name=\"twitter:data1\" content=\"1 minute\" \/>\n<script type=\"application\/ld+json\" class=\"yoast-schema-graph\">{\"@context\":\"https:\\\/\\\/schema.org\",\"@graph\":[{\"@type\":\"WebPage\",\"@id\":\"https:\\\/\\\/www.healthychoice.lt\\\/produktai\\\/zemes-riesutu-uztepas\\\/\",\"url\":\"https:\\\/\\\/www.healthychoice.lt\\\/produktai\\\/zemes-riesutu-uztepas\\\/\",\"name\":\"\u017dem\u0117s rie\u0161ut\u0173 u\u017etepas kremas, 1kg| Healthy Choice\",\"isPartOf\":{\"@id\":\"https:\\\/\\\/www.healthychoice.lt\\\/es\\\/#website\"},\"primaryImageOfPage\":{\"@id\":\"https:\\\/\\\/www.healthychoice.lt\\\/produktai\\\/zemes-riesutu-uztepas\\\/#primaryimage\"},\"image\":{\"@id\":\"https:\\\/\\\/www.healthychoice.lt\\\/produktai\\\/zemes-riesutu-uztepas\\\/#primaryimage\"},\"thumbnailUrl\":\"https:\\\/\\\/www.healthychoice.lt\\\/wp-content\\\/uploads\\\/2022\\\/01\\\/riesutu-uztepas-kremas-good.jpg\",\"datePublished\":\"2022-01-15T13:58:36+00:00\",\"dateModified\":\"2026-05-13T03:58:31+00:00\",\"breadcrumb\":{\"@id\":\"https:\\\/\\\/www.healthychoice.lt\\\/produktai\\\/zemes-riesutu-uztepas\\\/#breadcrumb\"},\"inLanguage\":\"en-US\",\"potentialAction\":[{\"@type\":\"ReadAction\",\"target\":[\"https:\\\/\\\/www.healthychoice.lt\\\/produktai\\\/zemes-riesutu-uztepas\\\/\"]}]},{\"@type\":\"ImageObject\",\"inLanguage\":\"en-US\",\"@id\":\"https:\\\/\\\/www.healthychoice.lt\\\/produktai\\\/zemes-riesutu-uztepas\\\/#primaryimage\",\"url\":\"https:\\\/\\\/www.healthychoice.lt\\\/wp-content\\\/uploads\\\/2022\\\/01\\\/riesutu-uztepas-kremas-good.jpg\",\"contentUrl\":\"https:\\\/\\\/www.healthychoice.lt\\\/wp-content\\\/uploads\\\/2022\\\/01\\\/riesutu-uztepas-kremas-good.jpg\",\"width\":1024,\"height\":1024},{\"@type\":\"BreadcrumbList\",\"@id\":\"https:\\\/\\\/www.healthychoice.lt\\\/produktai\\\/zemes-riesutu-uztepas\\\/#breadcrumb\",\"itemListElement\":[{\"@type\":\"ListItem\",\"position\":1,\"name\":\"Home\",\"item\":\"https:\\\/\\\/www.healthychoice.lt\\\/\"},{\"@type\":\"ListItem\",\"position\":2,\"name\":\"Produktai\",\"item\":\"https:\\\/\\\/www.healthychoice.lt\\\/es\\\/produktai\\\/\"},{\"@type\":\"ListItem\",\"position\":3,\"name\":\"\u017dem\u0117s rie\u0161ut\u0173 u\u017etepas kremas, 1kg\"}]},{\"@type\":\"WebSite\",\"@id\":\"https:\\\/\\\/www.healthychoice.lt\\\/es\\\/#website\",\"url\":\"https:\\\/\\\/www.healthychoice.lt\\\/es\\\/\",\"name\":\"Healthy Choice\",\"description\":\"Mityba, kuria gali pasitik\u0117ti!\",\"alternateName\":\"Healthychoice\",\"potentialAction\":[{\"@type\":\"SearchAction\",\"target\":{\"@type\":\"EntryPoint\",\"urlTemplate\":\"https:\\\/\\\/www.healthychoice.lt\\\/es\\\/?s={search_term_string}\"},\"query-input\":{\"@type\":\"PropertyValueSpecification\",\"valueRequired\":true,\"valueName\":\"search_term_string\"}}],\"inLanguage\":\"en-US\"}]}<\/script>\n<!-- \/ Yoast SEO plugin. -->","yoast_head_json":{"title":"\u017dem\u0117s rie\u0161ut\u0173 u\u017etepas kremas, 1kg| Healthy Choice","robots":{"index":"index","follow":"follow","max-snippet":"max-snippet:-1","max-image-preview":"max-image-preview:large","max-video-preview":"max-video-preview:-1"},"canonical":"https:\/\/www.healthychoice.lt\/en\/produktai\/zemes-riesutu-uztepas\/","og_locale":"en_US","og_type":"article","og_title":"\u017dem\u0117s rie\u0161ut\u0173 u\u017etepas kremas, 1kg| Healthy Choice","og_description":"\u017dem\u0117s rie\u0161ut\u0173 u\u017etepas \u201eHealthy Choice\u201c yra dviej\u0173 konsistencij\u0173, kremo ir gabaliukais, auk\u0161tos kokyb\u0117s augaliniai baltymai, nesotieji riebalai, skaidulos ir angliavandeniai. Sukurtas i\u0161saugant auk\u0161t\u0105 biologin\u0119 vert\u0119 (BV). Tai kokybi\u0161kas produktas, tinkamas vartoti kelet\u0105 kart\u0173 per dien\u0105.","og_url":"https:\/\/www.healthychoice.lt\/en\/produktai\/zemes-riesutu-uztepas\/","og_site_name":"Healthy Choice","article_publisher":"https:\/\/www.facebook.com\/healthychoice.world\/","article_modified_time":"2026-05-13T03:58:31+00:00","og_image":[{"width":1024,"height":1024,"url":"https:\/\/www.healthychoice.lt\/wp-content\/uploads\/2022\/01\/riesutu-uztepas-kremas-good.jpg","type":"image\/jpeg"}],"twitter_card":"summary_large_image","twitter_misc":{"Est. reading time":"1 minute"},"schema":{"@context":"https:\/\/schema.org","@graph":[{"@type":"WebPage","@id":"https:\/\/www.healthychoice.lt\/produktai\/zemes-riesutu-uztepas\/","url":"https:\/\/www.healthychoice.lt\/produktai\/zemes-riesutu-uztepas\/","name":"\u017dem\u0117s rie\u0161ut\u0173 u\u017etepas kremas, 1kg| Healthy Choice","isPartOf":{"@id":"https:\/\/www.healthychoice.lt\/es\/#website"},"primaryImageOfPage":{"@id":"https:\/\/www.healthychoice.lt\/produktai\/zemes-riesutu-uztepas\/#primaryimage"},"image":{"@id":"https:\/\/www.healthychoice.lt\/produktai\/zemes-riesutu-uztepas\/#primaryimage"},"thumbnailUrl":"https:\/\/www.healthychoice.lt\/wp-content\/uploads\/2022\/01\/riesutu-uztepas-kremas-good.jpg","datePublished":"2022-01-15T13:58:36+00:00","dateModified":"2026-05-13T03:58:31+00:00","breadcrumb":{"@id":"https:\/\/www.healthychoice.lt\/produktai\/zemes-riesutu-uztepas\/#breadcrumb"},"inLanguage":"en-US","potentialAction":[{"@type":"ReadAction","target":["https:\/\/www.healthychoice.lt\/produktai\/zemes-riesutu-uztepas\/"]}]},{"@type":"ImageObject","inLanguage":"en-US","@id":"https:\/\/www.healthychoice.lt\/produktai\/zemes-riesutu-uztepas\/#primaryimage","url":"https:\/\/www.healthychoice.lt\/wp-content\/uploads\/2022\/01\/riesutu-uztepas-kremas-good.jpg","contentUrl":"https:\/\/www.healthychoice.lt\/wp-content\/uploads\/2022\/01\/riesutu-uztepas-kremas-good.jpg","width":1024,"height":1024},{"@type":"BreadcrumbList","@id":"https:\/\/www.healthychoice.lt\/produktai\/zemes-riesutu-uztepas\/#breadcrumb","itemListElement":[{"@type":"ListItem","position":1,"name":"Home","item":"https:\/\/www.healthychoice.lt\/"},{"@type":"ListItem","position":2,"name":"Produktai","item":"https:\/\/www.healthychoice.lt\/es\/produktai\/"},{"@type":"ListItem","position":3,"name":"\u017dem\u0117s rie\u0161ut\u0173 u\u017etepas kremas, 1kg"}]},{"@type":"WebSite","@id":"https:\/\/www.healthychoice.lt\/es\/#website","url":"https:\/\/www.healthychoice.lt\/es\/","name":"Healthy Choice","description":"A diet you can trust!","alternateName":"Healthychoice","potentialAction":[{"@type":"SearchAction","target":{"@type":"EntryPoint","urlTemplate":"https:\/\/www.healthychoice.lt\/es\/?s={search_term_string}"},"query-input":{"@type":"PropertyValueSpecification","valueRequired":true,"valueName":"search_term_string"}}],"inLanguage":"en-US"}]}},"_links":{"self":[{"href":"https:\/\/www.healthychoice.lt\/en\/wp-json\/wp\/v2\/product\/156","targetHints":{"allow":["GET"]}}],"collection":[{"href":"https:\/\/www.healthychoice.lt\/en\/wp-json\/wp\/v2\/product"}],"about":[{"href":"https:\/\/www.healthychoice.lt\/en\/wp-json\/wp\/v2\/types\/product"}],"wp:featuredmedia":[{"embeddable":true,"href":"https:\/\/www.healthychoice.lt\/en\/wp-json\/wp\/v2\/media\/8988"}],"wp:attachment":[{"href":"https:\/\/www.healthychoice.lt\/en\/wp-json\/wp\/v2\/media?parent=156"}],"wp:term":[{"taxonomy":"product_brand","embeddable":true,"href":"https:\/\/www.healthychoice.lt\/en\/wp-json\/wp\/v2\/product_brand?post=156"},{"taxonomy":"product_cat","embeddable":true,"href":"https:\/\/www.healthychoice.lt\/en\/wp-json\/wp\/v2\/product_cat?post=156"},{"taxonomy":"product_tag","embeddable":true,"href":"https:\/\/www.healthychoice.lt\/en\/wp-json\/wp\/v2\/product_tag?post=156"}],"curies":[{"name":"wp","href":"https:\/\/api.w.org\/{rel}","templated":true}]}}