{"id":10205,"date":"2022-01-01T12:30:10","date_gmt":"2022-01-01T10:30:10","guid":{"rendered":"https:\/\/www.healthychoice.lt\/?post_type=product&#038;p=10205"},"modified":"2025-12-13T15:44:49","modified_gmt":"2025-12-13T13:44:49","slug":"pasiruosk-vasarai-rinkinys","status":"publish","type":"product","link":"https:\/\/www.healthychoice.lt\/en\/produktai\/pasiruosk-vasarai-rinkinys\/","title":{"rendered":",,PASIRUO\u0160K VASARAI\u201d RINKINYS"},"content":{"rendered":"<blockquote class=\"wp-embedded-content\" data-secret=\"1ObybeKgzf\"><p><a href=\"https:\/\/www.healthychoice.lt\/en\/produktai\/sokoladinis-isrugu-baltymas\/\">100% Whey protein chocolate flavour, 1kg<\/a><\/p><\/blockquote>\n<p><iframe loading=\"lazy\" class=\"wp-embedded-content\" sandbox=\"allow-scripts\" security=\"restricted\" style=\"position: absolute; visibility: hidden;\" title=\"&#8220;100% i\u0161r\u016bg\u0173 baltymai \u0161okolado skonio, 1kg&#8221; &#8212; Healthy Choice\" src=\"https:\/\/www.healthychoice.lt\/produktai\/sokoladinis-isrugu-baltymas\/embed\/#?secret=kNxDlDIsea#?secret=1ObybeKgzf\" data-secret=\"1ObybeKgzf\" width=\"600\" height=\"338\" frameborder=\"0\" marginwidth=\"0\" marginheight=\"0\" scrolling=\"no\"><\/iframe><\/p>\n<blockquote class=\"wp-embedded-content\" data-secret=\"gAw6uDNUzf\"><p><a href=\"https:\/\/www.healthychoice.lt\/en\/produktai\/l-karnitinas\/\">L-Carnitine orange flavour, 1000ml<\/a><\/p><\/blockquote>\n<p><iframe loading=\"lazy\" class=\"wp-embedded-content\" sandbox=\"allow-scripts\" security=\"restricted\" style=\"position: absolute; visibility: hidden;\" title=\"&#8220;L-Karnitinas apelsin\u0173 skonio, 1000ml&#8221; &#8212; Healthy Choice\" src=\"https:\/\/www.healthychoice.lt\/produktai\/l-karnitinas\/embed\/#?secret=20bB7ZOmgm#?secret=gAw6uDNUzf\" data-secret=\"gAw6uDNUzf\" width=\"600\" height=\"338\" frameborder=\"0\" marginwidth=\"0\" marginheight=\"0\" scrolling=\"no\"><\/iframe><\/p>\n<p>&nbsp;<\/p>\n<blockquote class=\"wp-embedded-content\" data-secret=\"UKx9XN9CDJ\"><p><a href=\"https:\/\/www.healthychoice.lt\/en\/produktai\/healthy-choice-plaktuve-gertuve-700ml-1-variantas\/\">\"Healthy Choice blender\/pot, 700ml<\/a><\/p><\/blockquote>\n<p><iframe loading=\"lazy\" class=\"wp-embedded-content\" sandbox=\"allow-scripts\" security=\"restricted\" style=\"position: absolute; visibility: hidden;\" title=\"&#8220;&#8222;Healthy Choice&#8221; plaktuv\u0117\/gertuv\u0117, 700ml&#8221; &#8212; Healthy Choice\" src=\"https:\/\/www.healthychoice.lt\/produktai\/healthy-choice-plaktuve-gertuve-700ml-1-variantas\/embed\/#?secret=6dWa63zjjY#?secret=UKx9XN9CDJ\" data-secret=\"UKx9XN9CDJ\" width=\"600\" height=\"338\" frameborder=\"0\" marginwidth=\"0\" marginheight=\"0\" scrolling=\"no\"><\/iframe><\/p>","protected":false},"excerpt":{"rendered":"<p>100% i\u0161r\u016bg\u0173 baltymai \u0161okolado skonio, 1kg L-Karnitinas apelsin\u0173 skonio, 1000ml &nbsp; &#8222;Healthy Choice&#8221; plaktuv\u0117\/gertuv\u0117, 700ml<\/p>","protected":false},"featured_media":10195,"template":"","meta":[],"product_brand":[],"product_cat":[52,99,28],"product_tag":[],"class_list":{"0":"post-10205","1":"product","2":"type-product","3":"status-publish","4":"has-post-thumbnail","6":"product_cat-akcijos","7":"product_cat-l-karnitinas","8":"product_cat-rinkiniai","10":"first","11":"instock","12":"sale","13":"taxable","14":"shipping-taxable","15":"purchasable","16":"product-type-simple"},"yoast_head":"<!-- This site is optimized with the Yoast SEO plugin v27.4 - https:\/\/yoast.com\/product\/yoast-seo-wordpress\/ -->\n<title>,,PASIRUO\u0160K VASARAI\u201d RINKINYS| Healthy Choice<\/title>\n<meta name=\"robots\" content=\"index, follow, max-snippet:-1, max-image-preview:large, max-video-preview:-1\" \/>\n<link rel=\"canonical\" href=\"https:\/\/www.healthychoice.lt\/en\/produktai\/pasiruosk-vasarai-rinkinys\/\" \/>\n<meta property=\"og:locale\" content=\"en_US\" \/>\n<meta property=\"og:type\" content=\"article\" \/>\n<meta property=\"og:title\" content=\",,PASIRUO\u0160K VASARAI\u201d RINKINYS| Healthy Choice\" \/>\n<meta property=\"og:description\" content=\"100% i\u0161r\u016bg\u0173 baltymai \u0161okolado skonio, 1kg L-Karnitinas apelsin\u0173 skonio, 1000ml &nbsp; &#8222;Healthy Choice&#8221; plaktuv\u0117\/gertuv\u0117, 700ml\" \/>\n<meta property=\"og:url\" content=\"https:\/\/www.healthychoice.lt\/en\/produktai\/pasiruosk-vasarai-rinkinys\/\" \/>\n<meta property=\"og:site_name\" content=\"Healthy Choice\" \/>\n<meta property=\"article:publisher\" content=\"https:\/\/www.facebook.com\/healthychoice.world\/\" \/>\n<meta property=\"article:modified_time\" content=\"2025-12-13T13:44:49+00:00\" \/>\n<meta property=\"og:image\" content=\"https:\/\/www.healthychoice.lt\/wp-content\/uploads\/2025\/05\/1-7.png\" \/>\n\t<meta property=\"og:image:width\" content=\"1080\" \/>\n\t<meta property=\"og:image:height\" content=\"1080\" \/>\n\t<meta property=\"og:image:type\" content=\"image\/png\" \/>\n<meta name=\"twitter:card\" content=\"summary_large_image\" \/>\n<script type=\"application\/ld+json\" class=\"yoast-schema-graph\">{\"@context\":\"https:\\\/\\\/schema.org\",\"@graph\":[{\"@type\":\"WebPage\",\"@id\":\"https:\\\/\\\/www.healthychoice.lt\\\/produktai\\\/pasiruosk-vasarai-rinkinys\\\/\",\"url\":\"https:\\\/\\\/www.healthychoice.lt\\\/produktai\\\/pasiruosk-vasarai-rinkinys\\\/\",\"name\":\",,PASIRUO\u0160K VASARAI\u201d RINKINYS| Healthy Choice\",\"isPartOf\":{\"@id\":\"https:\\\/\\\/www.healthychoice.lt\\\/es\\\/#website\"},\"primaryImageOfPage\":{\"@id\":\"https:\\\/\\\/www.healthychoice.lt\\\/produktai\\\/pasiruosk-vasarai-rinkinys\\\/#primaryimage\"},\"image\":{\"@id\":\"https:\\\/\\\/www.healthychoice.lt\\\/produktai\\\/pasiruosk-vasarai-rinkinys\\\/#primaryimage\"},\"thumbnailUrl\":\"https:\\\/\\\/www.healthychoice.lt\\\/wp-content\\\/uploads\\\/2025\\\/05\\\/1-7.png\",\"datePublished\":\"2022-01-01T10:30:10+00:00\",\"dateModified\":\"2025-12-13T13:44:49+00:00\",\"breadcrumb\":{\"@id\":\"https:\\\/\\\/www.healthychoice.lt\\\/produktai\\\/pasiruosk-vasarai-rinkinys\\\/#breadcrumb\"},\"inLanguage\":\"en-US\",\"potentialAction\":[{\"@type\":\"ReadAction\",\"target\":[\"https:\\\/\\\/www.healthychoice.lt\\\/produktai\\\/pasiruosk-vasarai-rinkinys\\\/\"]}]},{\"@type\":\"ImageObject\",\"inLanguage\":\"en-US\",\"@id\":\"https:\\\/\\\/www.healthychoice.lt\\\/produktai\\\/pasiruosk-vasarai-rinkinys\\\/#primaryimage\",\"url\":\"https:\\\/\\\/www.healthychoice.lt\\\/wp-content\\\/uploads\\\/2025\\\/05\\\/1-7.png\",\"contentUrl\":\"https:\\\/\\\/www.healthychoice.lt\\\/wp-content\\\/uploads\\\/2025\\\/05\\\/1-7.png\",\"width\":1080,\"height\":1080},{\"@type\":\"BreadcrumbList\",\"@id\":\"https:\\\/\\\/www.healthychoice.lt\\\/produktai\\\/pasiruosk-vasarai-rinkinys\\\/#breadcrumb\",\"itemListElement\":[{\"@type\":\"ListItem\",\"position\":1,\"name\":\"Home\",\"item\":\"https:\\\/\\\/www.healthychoice.lt\\\/\"},{\"@type\":\"ListItem\",\"position\":2,\"name\":\"Produktai\",\"item\":\"https:\\\/\\\/www.healthychoice.lt\\\/es\\\/produktai\\\/\"},{\"@type\":\"ListItem\",\"position\":3,\"name\":\",,PASIRUO\u0160K VASARAI\u201d RINKINYS\"}]},{\"@type\":\"WebSite\",\"@id\":\"https:\\\/\\\/www.healthychoice.lt\\\/es\\\/#website\",\"url\":\"https:\\\/\\\/www.healthychoice.lt\\\/es\\\/\",\"name\":\"Healthy Choice\",\"description\":\"Mityba, kuria gali pasitik\u0117ti!\",\"alternateName\":\"Healthychoice\",\"potentialAction\":[{\"@type\":\"SearchAction\",\"target\":{\"@type\":\"EntryPoint\",\"urlTemplate\":\"https:\\\/\\\/www.healthychoice.lt\\\/es\\\/?s={search_term_string}\"},\"query-input\":{\"@type\":\"PropertyValueSpecification\",\"valueRequired\":true,\"valueName\":\"search_term_string\"}}],\"inLanguage\":\"en-US\"}]}<\/script>\n<!-- \/ Yoast SEO plugin. -->","yoast_head_json":{"title":",,PASIRUO\u0160K VASARAI\u201d RINKINYS| Healthy Choice","robots":{"index":"index","follow":"follow","max-snippet":"max-snippet:-1","max-image-preview":"max-image-preview:large","max-video-preview":"max-video-preview:-1"},"canonical":"https:\/\/www.healthychoice.lt\/en\/produktai\/pasiruosk-vasarai-rinkinys\/","og_locale":"en_US","og_type":"article","og_title":",,PASIRUO\u0160K VASARAI\u201d RINKINYS| Healthy Choice","og_description":"100% i\u0161r\u016bg\u0173 baltymai \u0161okolado skonio, 1kg L-Karnitinas apelsin\u0173 skonio, 1000ml &nbsp; &#8222;Healthy Choice&#8221; plaktuv\u0117\/gertuv\u0117, 700ml","og_url":"https:\/\/www.healthychoice.lt\/en\/produktai\/pasiruosk-vasarai-rinkinys\/","og_site_name":"Healthy Choice","article_publisher":"https:\/\/www.facebook.com\/healthychoice.world\/","article_modified_time":"2025-12-13T13:44:49+00:00","og_image":[{"width":1080,"height":1080,"url":"https:\/\/www.healthychoice.lt\/wp-content\/uploads\/2025\/05\/1-7.png","type":"image\/png"}],"twitter_card":"summary_large_image","schema":{"@context":"https:\/\/schema.org","@graph":[{"@type":"WebPage","@id":"https:\/\/www.healthychoice.lt\/produktai\/pasiruosk-vasarai-rinkinys\/","url":"https:\/\/www.healthychoice.lt\/produktai\/pasiruosk-vasarai-rinkinys\/","name":",,PASIRUO\u0160K VASARAI\u201d RINKINYS| Healthy Choice","isPartOf":{"@id":"https:\/\/www.healthychoice.lt\/es\/#website"},"primaryImageOfPage":{"@id":"https:\/\/www.healthychoice.lt\/produktai\/pasiruosk-vasarai-rinkinys\/#primaryimage"},"image":{"@id":"https:\/\/www.healthychoice.lt\/produktai\/pasiruosk-vasarai-rinkinys\/#primaryimage"},"thumbnailUrl":"https:\/\/www.healthychoice.lt\/wp-content\/uploads\/2025\/05\/1-7.png","datePublished":"2022-01-01T10:30:10+00:00","dateModified":"2025-12-13T13:44:49+00:00","breadcrumb":{"@id":"https:\/\/www.healthychoice.lt\/produktai\/pasiruosk-vasarai-rinkinys\/#breadcrumb"},"inLanguage":"en-US","potentialAction":[{"@type":"ReadAction","target":["https:\/\/www.healthychoice.lt\/produktai\/pasiruosk-vasarai-rinkinys\/"]}]},{"@type":"ImageObject","inLanguage":"en-US","@id":"https:\/\/www.healthychoice.lt\/produktai\/pasiruosk-vasarai-rinkinys\/#primaryimage","url":"https:\/\/www.healthychoice.lt\/wp-content\/uploads\/2025\/05\/1-7.png","contentUrl":"https:\/\/www.healthychoice.lt\/wp-content\/uploads\/2025\/05\/1-7.png","width":1080,"height":1080},{"@type":"BreadcrumbList","@id":"https:\/\/www.healthychoice.lt\/produktai\/pasiruosk-vasarai-rinkinys\/#breadcrumb","itemListElement":[{"@type":"ListItem","position":1,"name":"Home","item":"https:\/\/www.healthychoice.lt\/"},{"@type":"ListItem","position":2,"name":"Produktai","item":"https:\/\/www.healthychoice.lt\/es\/produktai\/"},{"@type":"ListItem","position":3,"name":",,PASIRUO\u0160K VASARAI\u201d RINKINYS"}]},{"@type":"WebSite","@id":"https:\/\/www.healthychoice.lt\/es\/#website","url":"https:\/\/www.healthychoice.lt\/es\/","name":"Healthy Choice","description":"A diet you can trust!","alternateName":"Healthychoice","potentialAction":[{"@type":"SearchAction","target":{"@type":"EntryPoint","urlTemplate":"https:\/\/www.healthychoice.lt\/es\/?s={search_term_string}"},"query-input":{"@type":"PropertyValueSpecification","valueRequired":true,"valueName":"search_term_string"}}],"inLanguage":"en-US"}]}},"_links":{"self":[{"href":"https:\/\/www.healthychoice.lt\/en\/wp-json\/wp\/v2\/product\/10205","targetHints":{"allow":["GET"]}}],"collection":[{"href":"https:\/\/www.healthychoice.lt\/en\/wp-json\/wp\/v2\/product"}],"about":[{"href":"https:\/\/www.healthychoice.lt\/en\/wp-json\/wp\/v2\/types\/product"}],"wp:featuredmedia":[{"embeddable":true,"href":"https:\/\/www.healthychoice.lt\/en\/wp-json\/wp\/v2\/media\/10195"}],"wp:attachment":[{"href":"https:\/\/www.healthychoice.lt\/en\/wp-json\/wp\/v2\/media?parent=10205"}],"wp:term":[{"taxonomy":"product_brand","embeddable":true,"href":"https:\/\/www.healthychoice.lt\/en\/wp-json\/wp\/v2\/product_brand?post=10205"},{"taxonomy":"product_cat","embeddable":true,"href":"https:\/\/www.healthychoice.lt\/en\/wp-json\/wp\/v2\/product_cat?post=10205"},{"taxonomy":"product_tag","embeddable":true,"href":"https:\/\/www.healthychoice.lt\/en\/wp-json\/wp\/v2\/product_tag?post=10205"}],"curies":[{"name":"wp","href":"https:\/\/api.w.org\/{rel}","templated":true}]}}