{"id":10096,"date":"2025-04-17T10:11:05","date_gmt":"2025-04-17T07:11:05","guid":{"rendered":"https:\/\/www.healthychoice.lt\/?post_type=product&#038;p=10096"},"modified":"2026-01-13T23:18:55","modified_gmt":"2026-01-13T21:18:55","slug":"100-kreatino-monohidratas-mikronizuotas-200-mesh-400gr","status":"publish","type":"product","link":"https:\/\/www.healthychoice.lt\/en\/produktai\/100-kreatino-monohidratas-mikronizuotas-200-mesh-400gr\/","title":{"rendered":"100% Kreatino Monohidratas, mikronizuotas 200 mesh., 400gr."},"content":{"rendered":"<h2 class=\"text-white\" style=\"text-align: center;\">100% Kreatino Monohidratas, mikronizuotas 200 mesh.<\/h2>\n<p data-start=\"92\" data-end=\"496\"><strong data-start=\"92\" data-end=\"240\">Kreatinas padidina \u017emogaus k\u016bno geb\u0117jim\u0105 greitai i\u0161gauti energijos, tod\u0117l yra pagrindinis energijos \u0161altinis ryte arba prie\u0161 aktyvi\u0105 treniruot\u0119.<\/strong> Kreatinas padeda gaminti raumen\u0173 l\u0105stel\u0117ms reikaling\u0105 energij\u0105, optimizuodamas adenozintrifosfato (ATF) gamyb\u0105. ATF yra pagrindinis energijos \u0161altinis l\u0105stel\u0117se. Kreatinas didina fizin\u012f paj\u0117gum\u0105 atliekant labai intensyvius trumpalaikius fizinius pratimus.<\/p>\n<p data-start=\"498\" data-end=\"706\">Kreatino monohidratas skirtas tiems, kurie nori padidinti j\u0117g\u0105 ir fizin\u012f na\u0161um\u0105. Kreatino monohidratas yra \u201eosmotik\u0105 aktyvi med\u017eiaga\u201c, padedanti vandeniui \u012f raumen\u0173 l\u0105steles ir taip padidina protein\u0173 sintez\u0119.<\/p>\n<p data-start=\"708\" data-end=\"928\">Vartokite kreatin\u0105 su sultimis, sultyse esantis cukrus pakelia insulino lyg\u012f, kuris padeda raumenims \u012fsisavinti duodam\u0105 kreatin\u0105. Reguliarus kreatino vartojimas ir k\u016bno treniruot\u0117s pad\u0117s padidinti raumen\u0173 mas\u0117s prieaug\u012f.<\/p>\n<p data-start=\"930\" data-end=\"1050\">Kreatino monohidratas yra 200 smulkumo, nat\u016bralios skonio, tod\u0117l sud\u0117tyje N\u0116RA da\u017eikli\u0173, saldikli\u0173 ar kvapi\u0173j\u0173 med\u017eiag\u0173!<\/p>\n<p data-start=\"1290\" data-end=\"1427\">","protected":false},"excerpt":{"rendered":"<p>100% Kreatino Monohidratas, mikronizuotas 200 mesh., 400gr.<\/p>","protected":false},"featured_media":10097,"template":"","meta":[],"product_brand":[],"product_cat":[52,31],"product_tag":[],"class_list":{"0":"post-10096","1":"product","2":"type-product","3":"status-publish","4":"has-post-thumbnail","6":"product_cat-akcijos","7":"product_cat-top","9":"first","10":"instock","11":"sale","12":"taxable","13":"shipping-taxable","14":"purchasable","15":"product-type-simple"},"yoast_head":"<!-- This site is optimized with the Yoast SEO plugin v27.5 - https:\/\/yoast.com\/product\/yoast-seo-wordpress\/ -->\n<title>100% Kreatino Monohidratas, mikronizuotas 200 mesh., 400gr.| Healthy Choice<\/title>\n<meta name=\"robots\" content=\"index, follow, max-snippet:-1, max-image-preview:large, max-video-preview:-1\" \/>\n<link rel=\"canonical\" href=\"https:\/\/www.healthychoice.lt\/en\/produktai\/100-kreatino-monohidratas-mikronizuotas-200-mesh-400gr\/\" \/>\n<meta property=\"og:locale\" content=\"en_US\" \/>\n<meta property=\"og:type\" content=\"article\" \/>\n<meta property=\"og:title\" content=\"100% Kreatino Monohidratas, mikronizuotas 200 mesh., 400gr.| Healthy Choice\" \/>\n<meta property=\"og:description\" content=\"100% Kreatino Monohidratas, mikronizuotas 200 mesh., 400gr.\" \/>\n<meta property=\"og:url\" content=\"https:\/\/www.healthychoice.lt\/en\/produktai\/100-kreatino-monohidratas-mikronizuotas-200-mesh-400gr\/\" \/>\n<meta property=\"og:site_name\" content=\"Healthy Choice\" \/>\n<meta property=\"article:publisher\" content=\"https:\/\/www.facebook.com\/healthychoice.world\/\" \/>\n<meta property=\"article:modified_time\" content=\"2026-01-13T21:18:55+00:00\" \/>\n<meta property=\"og:image\" content=\"https:\/\/www.healthychoice.lt\/wp-content\/uploads\/2025\/04\/Creatine.jpg\" \/>\n\t<meta property=\"og:image:width\" content=\"1600\" \/>\n\t<meta property=\"og:image:height\" content=\"1600\" \/>\n\t<meta property=\"og:image:type\" content=\"image\/jpeg\" \/>\n<meta name=\"twitter:card\" content=\"summary_large_image\" \/>\n<meta name=\"twitter:label1\" content=\"Est. reading time\" \/>\n\t<meta name=\"twitter:data1\" content=\"1 minute\" \/>\n<script type=\"application\/ld+json\" class=\"yoast-schema-graph\">{\"@context\":\"https:\\\/\\\/schema.org\",\"@graph\":[{\"@type\":\"WebPage\",\"@id\":\"https:\\\/\\\/www.healthychoice.lt\\\/produktai\\\/100-kreatino-monohidratas-mikronizuotas-200-mesh-400gr\\\/\",\"url\":\"https:\\\/\\\/www.healthychoice.lt\\\/produktai\\\/100-kreatino-monohidratas-mikronizuotas-200-mesh-400gr\\\/\",\"name\":\"100% Kreatino Monohidratas, mikronizuotas 200 mesh., 400gr.| Healthy Choice\",\"isPartOf\":{\"@id\":\"https:\\\/\\\/www.healthychoice.lt\\\/es\\\/#website\"},\"primaryImageOfPage\":{\"@id\":\"https:\\\/\\\/www.healthychoice.lt\\\/produktai\\\/100-kreatino-monohidratas-mikronizuotas-200-mesh-400gr\\\/#primaryimage\"},\"image\":{\"@id\":\"https:\\\/\\\/www.healthychoice.lt\\\/produktai\\\/100-kreatino-monohidratas-mikronizuotas-200-mesh-400gr\\\/#primaryimage\"},\"thumbnailUrl\":\"https:\\\/\\\/www.healthychoice.lt\\\/wp-content\\\/uploads\\\/2025\\\/04\\\/Creatine.jpg\",\"datePublished\":\"2025-04-17T07:11:05+00:00\",\"dateModified\":\"2026-01-13T21:18:55+00:00\",\"breadcrumb\":{\"@id\":\"https:\\\/\\\/www.healthychoice.lt\\\/produktai\\\/100-kreatino-monohidratas-mikronizuotas-200-mesh-400gr\\\/#breadcrumb\"},\"inLanguage\":\"en-US\",\"potentialAction\":[{\"@type\":\"ReadAction\",\"target\":[\"https:\\\/\\\/www.healthychoice.lt\\\/produktai\\\/100-kreatino-monohidratas-mikronizuotas-200-mesh-400gr\\\/\"]}]},{\"@type\":\"ImageObject\",\"inLanguage\":\"en-US\",\"@id\":\"https:\\\/\\\/www.healthychoice.lt\\\/produktai\\\/100-kreatino-monohidratas-mikronizuotas-200-mesh-400gr\\\/#primaryimage\",\"url\":\"https:\\\/\\\/www.healthychoice.lt\\\/wp-content\\\/uploads\\\/2025\\\/04\\\/Creatine.jpg\",\"contentUrl\":\"https:\\\/\\\/www.healthychoice.lt\\\/wp-content\\\/uploads\\\/2025\\\/04\\\/Creatine.jpg\",\"width\":1600,\"height\":1600},{\"@type\":\"BreadcrumbList\",\"@id\":\"https:\\\/\\\/www.healthychoice.lt\\\/produktai\\\/100-kreatino-monohidratas-mikronizuotas-200-mesh-400gr\\\/#breadcrumb\",\"itemListElement\":[{\"@type\":\"ListItem\",\"position\":1,\"name\":\"Home\",\"item\":\"https:\\\/\\\/www.healthychoice.lt\\\/\"},{\"@type\":\"ListItem\",\"position\":2,\"name\":\"Produktai\",\"item\":\"https:\\\/\\\/www.healthychoice.lt\\\/es\\\/produktai\\\/\"},{\"@type\":\"ListItem\",\"position\":3,\"name\":\"100% Kreatino Monohidratas, mikronizuotas 200 mesh., 400gr.\"}]},{\"@type\":\"WebSite\",\"@id\":\"https:\\\/\\\/www.healthychoice.lt\\\/es\\\/#website\",\"url\":\"https:\\\/\\\/www.healthychoice.lt\\\/es\\\/\",\"name\":\"Healthy Choice\",\"description\":\"Mityba, kuria gali pasitik\u0117ti!\",\"alternateName\":\"Healthychoice\",\"potentialAction\":[{\"@type\":\"SearchAction\",\"target\":{\"@type\":\"EntryPoint\",\"urlTemplate\":\"https:\\\/\\\/www.healthychoice.lt\\\/es\\\/?s={search_term_string}\"},\"query-input\":{\"@type\":\"PropertyValueSpecification\",\"valueRequired\":true,\"valueName\":\"search_term_string\"}}],\"inLanguage\":\"en-US\"}]}<\/script>\n<!-- \/ Yoast SEO plugin. -->","yoast_head_json":{"title":"100% Kreatino Monohidratas, mikronizuotas 200 mesh., 400gr.| Healthy Choice","robots":{"index":"index","follow":"follow","max-snippet":"max-snippet:-1","max-image-preview":"max-image-preview:large","max-video-preview":"max-video-preview:-1"},"canonical":"https:\/\/www.healthychoice.lt\/en\/produktai\/100-kreatino-monohidratas-mikronizuotas-200-mesh-400gr\/","og_locale":"en_US","og_type":"article","og_title":"100% Kreatino Monohidratas, mikronizuotas 200 mesh., 400gr.| Healthy Choice","og_description":"100% Kreatino Monohidratas, mikronizuotas 200 mesh., 400gr.","og_url":"https:\/\/www.healthychoice.lt\/en\/produktai\/100-kreatino-monohidratas-mikronizuotas-200-mesh-400gr\/","og_site_name":"Healthy Choice","article_publisher":"https:\/\/www.facebook.com\/healthychoice.world\/","article_modified_time":"2026-01-13T21:18:55+00:00","og_image":[{"width":1600,"height":1600,"url":"https:\/\/www.healthychoice.lt\/wp-content\/uploads\/2025\/04\/Creatine.jpg","type":"image\/jpeg"}],"twitter_card":"summary_large_image","twitter_misc":{"Est. reading time":"1 minute"},"schema":{"@context":"https:\/\/schema.org","@graph":[{"@type":"WebPage","@id":"https:\/\/www.healthychoice.lt\/produktai\/100-kreatino-monohidratas-mikronizuotas-200-mesh-400gr\/","url":"https:\/\/www.healthychoice.lt\/produktai\/100-kreatino-monohidratas-mikronizuotas-200-mesh-400gr\/","name":"100% Kreatino Monohidratas, mikronizuotas 200 mesh., 400gr.| Healthy Choice","isPartOf":{"@id":"https:\/\/www.healthychoice.lt\/es\/#website"},"primaryImageOfPage":{"@id":"https:\/\/www.healthychoice.lt\/produktai\/100-kreatino-monohidratas-mikronizuotas-200-mesh-400gr\/#primaryimage"},"image":{"@id":"https:\/\/www.healthychoice.lt\/produktai\/100-kreatino-monohidratas-mikronizuotas-200-mesh-400gr\/#primaryimage"},"thumbnailUrl":"https:\/\/www.healthychoice.lt\/wp-content\/uploads\/2025\/04\/Creatine.jpg","datePublished":"2025-04-17T07:11:05+00:00","dateModified":"2026-01-13T21:18:55+00:00","breadcrumb":{"@id":"https:\/\/www.healthychoice.lt\/produktai\/100-kreatino-monohidratas-mikronizuotas-200-mesh-400gr\/#breadcrumb"},"inLanguage":"en-US","potentialAction":[{"@type":"ReadAction","target":["https:\/\/www.healthychoice.lt\/produktai\/100-kreatino-monohidratas-mikronizuotas-200-mesh-400gr\/"]}]},{"@type":"ImageObject","inLanguage":"en-US","@id":"https:\/\/www.healthychoice.lt\/produktai\/100-kreatino-monohidratas-mikronizuotas-200-mesh-400gr\/#primaryimage","url":"https:\/\/www.healthychoice.lt\/wp-content\/uploads\/2025\/04\/Creatine.jpg","contentUrl":"https:\/\/www.healthychoice.lt\/wp-content\/uploads\/2025\/04\/Creatine.jpg","width":1600,"height":1600},{"@type":"BreadcrumbList","@id":"https:\/\/www.healthychoice.lt\/produktai\/100-kreatino-monohidratas-mikronizuotas-200-mesh-400gr\/#breadcrumb","itemListElement":[{"@type":"ListItem","position":1,"name":"Home","item":"https:\/\/www.healthychoice.lt\/"},{"@type":"ListItem","position":2,"name":"Produktai","item":"https:\/\/www.healthychoice.lt\/es\/produktai\/"},{"@type":"ListItem","position":3,"name":"100% Kreatino Monohidratas, mikronizuotas 200 mesh., 400gr."}]},{"@type":"WebSite","@id":"https:\/\/www.healthychoice.lt\/es\/#website","url":"https:\/\/www.healthychoice.lt\/es\/","name":"Healthy Choice","description":"A diet you can trust!","alternateName":"Healthychoice","potentialAction":[{"@type":"SearchAction","target":{"@type":"EntryPoint","urlTemplate":"https:\/\/www.healthychoice.lt\/es\/?s={search_term_string}"},"query-input":{"@type":"PropertyValueSpecification","valueRequired":true,"valueName":"search_term_string"}}],"inLanguage":"en-US"}]}},"_links":{"self":[{"href":"https:\/\/www.healthychoice.lt\/en\/wp-json\/wp\/v2\/product\/10096","targetHints":{"allow":["GET"]}}],"collection":[{"href":"https:\/\/www.healthychoice.lt\/en\/wp-json\/wp\/v2\/product"}],"about":[{"href":"https:\/\/www.healthychoice.lt\/en\/wp-json\/wp\/v2\/types\/product"}],"wp:featuredmedia":[{"embeddable":true,"href":"https:\/\/www.healthychoice.lt\/en\/wp-json\/wp\/v2\/media\/10097"}],"wp:attachment":[{"href":"https:\/\/www.healthychoice.lt\/en\/wp-json\/wp\/v2\/media?parent=10096"}],"wp:term":[{"taxonomy":"product_brand","embeddable":true,"href":"https:\/\/www.healthychoice.lt\/en\/wp-json\/wp\/v2\/product_brand?post=10096"},{"taxonomy":"product_cat","embeddable":true,"href":"https:\/\/www.healthychoice.lt\/en\/wp-json\/wp\/v2\/product_cat?post=10096"},{"taxonomy":"product_tag","embeddable":true,"href":"https:\/\/www.healthychoice.lt\/en\/wp-json\/wp\/v2\/product_tag?post=10096"}],"curies":[{"name":"wp","href":"https:\/\/api.w.org\/{rel}","templated":true}]}}