{"id":3178,"date":"2022-03-14T01:50:44","date_gmt":"2022-03-13T23:50:44","guid":{"rendered":"https:\/\/www.healthychoice.lt\/?page_id=3178"},"modified":"2022-03-14T01:53:34","modified_gmt":"2022-03-13T23:53:34","slug":"es-projektai","status":"publish","type":"page","link":"https:\/\/www.healthychoice.lt\/en\/es-projektai\/","title":{"rendered":"EU Projects"},"content":{"rendered":"<figure class=\"wp-block-image size-full is-resized\"><img loading=\"lazy\" decoding=\"async\" src=\"https:\/\/www.healthychoice.lt\/wp-content\/uploads\/2022\/03\/ES-projektai.jpg\" alt=\"\" class=\"wp-image-3179\" width=\"303\" height=\"152\" srcset=\"https:\/\/www.healthychoice.lt\/wp-content\/uploads\/2022\/03\/ES-projektai.jpg 606w, https:\/\/www.healthychoice.lt\/wp-content\/uploads\/2022\/03\/ES-projektai-600x300.jpg 600w, https:\/\/www.healthychoice.lt\/wp-content\/uploads\/2022\/03\/ES-projektai-64x32.jpg 64w, https:\/\/www.healthychoice.lt\/wp-content\/uploads\/2022\/03\/ES-projektai-300x150.jpg 300w\" sizes=\"auto, (max-width: 303px) 100vw, 303px\" \/><\/figure>\n\n\n\n<div class=\"wp-block-columns is-layout-flex wp-container-core-columns-is-layout-9d6595d7 wp-block-columns-is-layout-flex\">\n<div class=\"wp-block-column is-layout-flow wp-block-column-is-layout-flow\" style=\"flex-basis:100%\">\n<p><strong>Introducing e-commerce solutions into the activities of Sveika energija UAB<\/strong><\/p>\n\n\n\n<p>Sveika energija UAB is an innovative company operating in the field of production and sale of food products, which is successfully implementing the project \"Introduction of e-commerce solutions into the activities of Sveika energija UAB\" (13.1.1-LVPA-K-860-01-1427, hereinafter - the Project), under the measure No. 13.1.1.1-LVPA-K-860 \"E-Commerce model COVID-19\".<\/p>\n\n\n\n<p>The project \"Introduction of e-commerce solutions into the activities of UAB Sveika energija\" aims to introduce modern e-commerce solutions by integrating a customer self-service module and an e-shop into the company's web site. Sveika energija UAB is a successful innovative company in the field of food production and sales for over 9 years, recognised in Lithuania and abroad. The project is aimed at the implementation of an e-shop and its integration into the company's existing resource management system, which will be able to purchase the company's innovative food products, such as nut butters, whey proteins, protein isolates, etc. The project will enable the company's customers to view their purchase history, order-related information, create personalised shopping baskets, receive discounts and loyalty programmes, track the progress of delivery, receive their invoices and other related information.<\/p>\n\n\n\n<p>Sveika energija UAB has received EU Structural Funds support of EUR 49 987.98 for the implementation of an advanced e-commerce system under Priority 13 \"Promoting actions to overcome the crisis caused by the COVID-19 pandemic and preparing for an environmentally friendly, digital and sustainable economic recovery\" under measure No 13.1.1-LVPA-K-860 \"E-commerce model COVID-19\", which aims to encourage enterprises to adopt information technologies to manage their business transactions electronically in order to increase revenue growth. The project is supported by the Republic of Lithuania and part-financed by the European Union.<\/p>\n\n\n\n<p>The project will result in the introduction of information technology to manage business transactions electronically in order to increase revenue growth, which will contribute significantly to the development of smart Lithuanian business. The project \"Introduction of e-commerce solutions into the activities of UAB Sveika energija\" aims at introducing modern e-commerce solutions by integrating a customer self-service module and an e-shop into the company's website, creating a sales module. Integration with the company's production processes will not only allow for simple and fast, personalised customer orders, but will also reduce the administrative burden on the company. The implementation of the Project will create the preconditions for the rapid business development of UAB \"Sveika energija\" and will create opportunities for the company to continue to compete successfully on the market. The acquired e-commerce solutions will enable the successful launch of interactive service sales processes, automate the company's sales and increase the company's revenues.<\/p>\n\n\n\n<p>The project activities are expected to result in an increase in the company's revenue growth rate.<\/p>\n\n\n\n<p>The project is funded by the European Regional Development Fund.<\/p>\n\n\n\n<p>Project implementation period: 28 February 2022 - 27 February 2023<\/p>\n<\/div>\n<\/div>\n\n\n\n<p><\/p>","protected":false},"excerpt":{"rendered":"<p>E. komercijos sprendim\u0173 \u012fdiegimas \u012f UAB \u201eSveika energija\u201c veikl\u0105 UAB \u201eSveika energija\u201c yra inovatyvi maisto produkt\u0173 gamybos ir pardavimo srityje veikianti \u012fmon\u0117, kuri s\u0117kmingai \u012fgyvendina projekt\u0105 \u201eE. komercijos sprendim\u0173 \u012fdiegimas \u012f UAB \u201eSveika energija\u201c veikl\u0105\u201c (13.1.1-LVPA-K-860-01-1427, toliau &#8211; Projektas), pagal priemon\u0119 Nr. 13.1.1-LVPA-K-860 \u201eE. komercijos modelis COVID-19\u201c. Projektu ,,E. komercijos sprendim\u0173 \u012fdiegimas \u012f UAB \u201eSveika&#8230;<\/p>","protected":false},"author":1,"featured_media":0,"parent":0,"menu_order":0,"comment_status":"closed","ping_status":"closed","template":"","meta":{"footnotes":""},"class_list":["post-3178","page","type-page","status-publish","hentry"],"yoast_head":"<!-- This site is optimized with the Yoast SEO plugin v27.5 - https:\/\/yoast.com\/product\/yoast-seo-wordpress\/ -->\n<title>ES Projektai | Healthy Choice<\/title>\n<meta name=\"robots\" content=\"index, follow, max-snippet:-1, max-image-preview:large, max-video-preview:-1\" \/>\n<link rel=\"canonical\" href=\"https:\/\/www.healthychoice.lt\/en\/es-projektai\/\" \/>\n<meta property=\"og:locale\" content=\"en_US\" \/>\n<meta property=\"og:type\" content=\"article\" \/>\n<meta property=\"og:title\" content=\"ES Projektai | Healthy Choice\" \/>\n<meta property=\"og:description\" content=\"E. komercijos sprendim\u0173 \u012fdiegimas \u012f UAB \u201eSveika energija\u201c veikl\u0105 UAB \u201eSveika energija\u201c yra inovatyvi maisto produkt\u0173 gamybos ir pardavimo srityje veikianti \u012fmon\u0117, kuri s\u0117kmingai \u012fgyvendina projekt\u0105 \u201eE. komercijos sprendim\u0173 \u012fdiegimas \u012f UAB \u201eSveika energija\u201c veikl\u0105\u201c (13.1.1-LVPA-K-860-01-1427, toliau &#8211; Projektas), pagal priemon\u0119 Nr. 13.1.1-LVPA-K-860 \u201eE. komercijos modelis COVID-19\u201c. Projektu ,,E. komercijos sprendim\u0173 \u012fdiegimas \u012f UAB \u201eSveika...\" \/>\n<meta property=\"og:url\" content=\"https:\/\/www.healthychoice.lt\/en\/es-projektai\/\" \/>\n<meta property=\"og:site_name\" content=\"Healthy Choice\" \/>\n<meta property=\"article:publisher\" content=\"https:\/\/www.facebook.com\/healthychoice.world\/\" \/>\n<meta property=\"article:modified_time\" content=\"2022-03-13T23:53:34+00:00\" \/>\n<meta property=\"og:image\" content=\"https:\/\/www.healthychoice.lt\/wp-content\/uploads\/2022\/03\/ES-projektai.jpg\" \/>\n\t<meta property=\"og:image:width\" content=\"606\" \/>\n\t<meta property=\"og:image:height\" content=\"303\" \/>\n\t<meta property=\"og:image:type\" content=\"image\/jpeg\" \/>\n<meta name=\"twitter:card\" content=\"summary_large_image\" \/>\n<meta name=\"twitter:label1\" content=\"Est. reading time\" \/>\n\t<meta name=\"twitter:data1\" content=\"2 minutes\" \/>\n<script type=\"application\/ld+json\" class=\"yoast-schema-graph\">{\"@context\":\"https:\\\/\\\/schema.org\",\"@graph\":[{\"@type\":\"WebPage\",\"@id\":\"https:\\\/\\\/www.healthychoice.lt\\\/en\\\/es-projektai\\\/\",\"url\":\"https:\\\/\\\/www.healthychoice.lt\\\/en\\\/es-projektai\\\/\",\"name\":\"ES Projektai | Healthy Choice\",\"isPartOf\":{\"@id\":\"https:\\\/\\\/www.healthychoice.lt\\\/es\\\/#website\"},\"primaryImageOfPage\":{\"@id\":\"https:\\\/\\\/www.healthychoice.lt\\\/en\\\/es-projektai\\\/#primaryimage\"},\"image\":{\"@id\":\"https:\\\/\\\/www.healthychoice.lt\\\/en\\\/es-projektai\\\/#primaryimage\"},\"thumbnailUrl\":\"https:\\\/\\\/www.healthychoice.lt\\\/wp-content\\\/uploads\\\/2022\\\/03\\\/ES-projektai.jpg\",\"datePublished\":\"2022-03-13T23:50:44+00:00\",\"dateModified\":\"2022-03-13T23:53:34+00:00\",\"breadcrumb\":{\"@id\":\"https:\\\/\\\/www.healthychoice.lt\\\/en\\\/es-projektai\\\/#breadcrumb\"},\"inLanguage\":\"en-US\",\"potentialAction\":[{\"@type\":\"ReadAction\",\"target\":[\"https:\\\/\\\/www.healthychoice.lt\\\/en\\\/es-projektai\\\/\"]}]},{\"@type\":\"ImageObject\",\"inLanguage\":\"en-US\",\"@id\":\"https:\\\/\\\/www.healthychoice.lt\\\/en\\\/es-projektai\\\/#primaryimage\",\"url\":\"https:\\\/\\\/www.healthychoice.lt\\\/wp-content\\\/uploads\\\/2022\\\/03\\\/ES-projektai.jpg\",\"contentUrl\":\"https:\\\/\\\/www.healthychoice.lt\\\/wp-content\\\/uploads\\\/2022\\\/03\\\/ES-projektai.jpg\"},{\"@type\":\"BreadcrumbList\",\"@id\":\"https:\\\/\\\/www.healthychoice.lt\\\/en\\\/es-projektai\\\/#breadcrumb\",\"itemListElement\":[{\"@type\":\"ListItem\",\"position\":1,\"name\":\"Home\",\"item\":\"https:\\\/\\\/www.healthychoice.lt\\\/\"},{\"@type\":\"ListItem\",\"position\":2,\"name\":\"ES Projektai\"}]},{\"@type\":\"WebSite\",\"@id\":\"https:\\\/\\\/www.healthychoice.lt\\\/es\\\/#website\",\"url\":\"https:\\\/\\\/www.healthychoice.lt\\\/es\\\/\",\"name\":\"Healthy Choice\",\"description\":\"Mityba, kuria gali pasitik\u0117ti!\",\"alternateName\":\"Healthychoice\",\"potentialAction\":[{\"@type\":\"SearchAction\",\"target\":{\"@type\":\"EntryPoint\",\"urlTemplate\":\"https:\\\/\\\/www.healthychoice.lt\\\/es\\\/?s={search_term_string}\"},\"query-input\":{\"@type\":\"PropertyValueSpecification\",\"valueRequired\":true,\"valueName\":\"search_term_string\"}}],\"inLanguage\":\"en-US\"}]}<\/script>\n<!-- \/ Yoast SEO plugin. -->","yoast_head_json":{"title":"ES Projektai | Healthy Choice","robots":{"index":"index","follow":"follow","max-snippet":"max-snippet:-1","max-image-preview":"max-image-preview:large","max-video-preview":"max-video-preview:-1"},"canonical":"https:\/\/www.healthychoice.lt\/en\/es-projektai\/","og_locale":"en_US","og_type":"article","og_title":"ES Projektai | Healthy Choice","og_description":"E. komercijos sprendim\u0173 \u012fdiegimas \u012f UAB \u201eSveika energija\u201c veikl\u0105 UAB \u201eSveika energija\u201c yra inovatyvi maisto produkt\u0173 gamybos ir pardavimo srityje veikianti \u012fmon\u0117, kuri s\u0117kmingai \u012fgyvendina projekt\u0105 \u201eE. komercijos sprendim\u0173 \u012fdiegimas \u012f UAB \u201eSveika energija\u201c veikl\u0105\u201c (13.1.1-LVPA-K-860-01-1427, toliau &#8211; Projektas), pagal priemon\u0119 Nr. 13.1.1-LVPA-K-860 \u201eE. komercijos modelis COVID-19\u201c. Projektu ,,E. komercijos sprendim\u0173 \u012fdiegimas \u012f UAB \u201eSveika...","og_url":"https:\/\/www.healthychoice.lt\/en\/es-projektai\/","og_site_name":"Healthy Choice","article_publisher":"https:\/\/www.facebook.com\/healthychoice.world\/","article_modified_time":"2022-03-13T23:53:34+00:00","og_image":[{"width":606,"height":303,"url":"https:\/\/www.healthychoice.lt\/wp-content\/uploads\/2022\/03\/ES-projektai.jpg","type":"image\/jpeg"}],"twitter_card":"summary_large_image","twitter_misc":{"Est. reading time":"2 minutes"},"schema":{"@context":"https:\/\/schema.org","@graph":[{"@type":"WebPage","@id":"https:\/\/www.healthychoice.lt\/en\/es-projektai\/","url":"https:\/\/www.healthychoice.lt\/en\/es-projektai\/","name":"ES Projektai | Healthy Choice","isPartOf":{"@id":"https:\/\/www.healthychoice.lt\/es\/#website"},"primaryImageOfPage":{"@id":"https:\/\/www.healthychoice.lt\/en\/es-projektai\/#primaryimage"},"image":{"@id":"https:\/\/www.healthychoice.lt\/en\/es-projektai\/#primaryimage"},"thumbnailUrl":"https:\/\/www.healthychoice.lt\/wp-content\/uploads\/2022\/03\/ES-projektai.jpg","datePublished":"2022-03-13T23:50:44+00:00","dateModified":"2022-03-13T23:53:34+00:00","breadcrumb":{"@id":"https:\/\/www.healthychoice.lt\/en\/es-projektai\/#breadcrumb"},"inLanguage":"en-US","potentialAction":[{"@type":"ReadAction","target":["https:\/\/www.healthychoice.lt\/en\/es-projektai\/"]}]},{"@type":"ImageObject","inLanguage":"en-US","@id":"https:\/\/www.healthychoice.lt\/en\/es-projektai\/#primaryimage","url":"https:\/\/www.healthychoice.lt\/wp-content\/uploads\/2022\/03\/ES-projektai.jpg","contentUrl":"https:\/\/www.healthychoice.lt\/wp-content\/uploads\/2022\/03\/ES-projektai.jpg"},{"@type":"BreadcrumbList","@id":"https:\/\/www.healthychoice.lt\/en\/es-projektai\/#breadcrumb","itemListElement":[{"@type":"ListItem","position":1,"name":"Home","item":"https:\/\/www.healthychoice.lt\/"},{"@type":"ListItem","position":2,"name":"ES Projektai"}]},{"@type":"WebSite","@id":"https:\/\/www.healthychoice.lt\/es\/#website","url":"https:\/\/www.healthychoice.lt\/es\/","name":"Healthy Choice","description":"A diet you can trust!","alternateName":"Healthychoice","potentialAction":[{"@type":"SearchAction","target":{"@type":"EntryPoint","urlTemplate":"https:\/\/www.healthychoice.lt\/es\/?s={search_term_string}"},"query-input":{"@type":"PropertyValueSpecification","valueRequired":true,"valueName":"search_term_string"}}],"inLanguage":"en-US"}]}},"_links":{"self":[{"href":"https:\/\/www.healthychoice.lt\/en\/wp-json\/wp\/v2\/pages\/3178","targetHints":{"allow":["GET"]}}],"collection":[{"href":"https:\/\/www.healthychoice.lt\/en\/wp-json\/wp\/v2\/pages"}],"about":[{"href":"https:\/\/www.healthychoice.lt\/en\/wp-json\/wp\/v2\/types\/page"}],"author":[{"embeddable":true,"href":"https:\/\/www.healthychoice.lt\/en\/wp-json\/wp\/v2\/users\/1"}],"replies":[{"embeddable":true,"href":"https:\/\/www.healthychoice.lt\/en\/wp-json\/wp\/v2\/comments?post=3178"}],"version-history":[{"count":0,"href":"https:\/\/www.healthychoice.lt\/en\/wp-json\/wp\/v2\/pages\/3178\/revisions"}],"wp:attachment":[{"href":"https:\/\/www.healthychoice.lt\/en\/wp-json\/wp\/v2\/media?parent=3178"}],"curies":[{"name":"wp","href":"https:\/\/api.w.org\/{rel}","templated":true}]}}